{"id":11,"date":"2008-05-29T19:04:22","date_gmt":"2008-05-29T17:04:22","guid":{"rendered":"http:\/\/blog.xarxa-omnia.org\/4olimpiades\/iv-jocs-olimpics-penitenciaris\/"},"modified":"2008-06-11T18:06:00","modified_gmt":"2008-06-11T16:06:00","slug":"iv-jocs-olimpics-penitenciaris","status":"publish","type":"page","link":"https:\/\/bloc.xarxa-omnia.org\/4olimpiades\/iv-jocs-olimpics-penitenciaris\/","title":{"rendered":"IV Jocs Ol\u00edmpics Penitenciaris"},"content":{"rendered":"<p><a href=\"http:\/\/blog.xarxa-omnia.org\/4olimpiades\/iv-jocs-olimpics-penitenciaris\/14\/\" rel=\"attachment wp-att-14\" title=\"cartell-jjoo.JPG\"><img decoding=\"async\" src=\"http:\/\/blog.xarxa-omnia.org\/4olimpiades\/files\/2008\/06\/cartell-jjoo.JPG\" alt=\"cartell-jjoo.JPG\" \/><\/a><\/p>\n<p>Des de l\u2019any 1996 els centres penitenciaris celebren els seus propis jocs ol\u00edmpics, aquesta primavera en la seva 4a edici\u00f3.<\/p>\n<p>Amb aquest motiu entre el 30 de maig i el 19 de juny els punts \u00d2mnia de les presons catalanes es converteixen en ag\u00e8ncies de not\u00edcies per tal de recollir totes les experi\u00e8ncies relacionades amb les competicions all larg d\u2019aquestes setmanes.<\/p>\n<p>Els nostres enviats especials, els \u201c\u00d2mnia-m\u00f2bils\u201d, recolliran durant aquests dies els resultats de les competicions i les experi\u00e8ncies dels participants, en definitiva l\u2019esperit ol\u00edmpic viscut des de dins de les presons.<\/p>\n<p>Aquest blog ser\u00e0 l\u2019espai on podreu trobar totes les informacions, viv\u00e8ncies i opinions des de cada centre.<\/p>\n<p>Molta sort a  tohom!<\/p>\n","protected":false},"excerpt":{"rendered":"<p>Des de l\u2019any 1996 els centres penitenciaris celebren els seus propis jocs ol\u00edmpics, aquesta primavera en la seva 4a edici\u00f3. Amb aquest motiu entre el 30 de maig i el 19 de juny els punts \u00d2mnia de les presons catalanes es converteixen en ag\u00e8ncies de not\u00edcies per tal de recollir totes les experi\u00e8ncies relacionades amb [&hellip;]<\/p>\n","protected":false},"author":72,"featured_media":0,"parent":0,"menu_order":0,"comment_status":"open","ping_status":"open","template":"","meta":{"ngg_post_thumbnail":0,"footnotes":""},"class_list":["post-11","page","type-page","status-publish","hentry"],"_links":{"self":[{"href":"https:\/\/bloc.xarxa-omnia.org\/4olimpiades\/wp-json\/wp\/v2\/pages\/11","targetHints":{"allow":["GET"]}}],"collection":[{"href":"https:\/\/bloc.xarxa-omnia.org\/4olimpiades\/wp-json\/wp\/v2\/pages"}],"about":[{"href":"https:\/\/bloc.xarxa-omnia.org\/4olimpiades\/wp-json\/wp\/v2\/types\/page"}],"author":[{"embeddable":true,"href":"https:\/\/bloc.xarxa-omnia.org\/4olimpiades\/wp-json\/wp\/v2\/users\/72"}],"replies":[{"embeddable":true,"href":"https:\/\/bloc.xarxa-omnia.org\/4olimpiades\/wp-json\/wp\/v2\/comments?post=11"}],"version-history":[{"count":0,"href":"https:\/\/bloc.xarxa-omnia.org\/4olimpiades\/wp-json\/wp\/v2\/pages\/11\/revisions"}],"wp:attachment":[{"href":"https:\/\/bloc.xarxa-omnia.org\/4olimpiades\/wp-json\/wp\/v2\/media?parent=11"}],"curies":[{"name":"wp","href":"https:\/\/api.w.org\/{rel}","templated":true}]}}