{"id":38,"date":"2008-06-11T14:56:27","date_gmt":"2008-06-11T12:56:27","guid":{"rendered":"http:\/\/blog.xarxa-omnia.org\/4olimpiades\/iv-jocs-olimpics-penitenciaris\/iii-olimpiades-penitenciaries\/"},"modified":"2008-06-11T18:05:03","modified_gmt":"2008-06-11T16:05:03","slug":"iii-olimpiades-penitenciaries","status":"publish","type":"page","link":"https:\/\/bloc.xarxa-omnia.org\/4olimpiades\/iii-olimpiades-penitenciaries\/","title":{"rendered":"III Jocs Ol\u00edmpics Penitenciaris"},"content":{"rendered":"<p>L&#8217;any 2004 es van celebrar les III Olimp\u00edades a les presons de Catalunya.<\/p>\n<p>Amb aquest motiu tv3 va fer aquest v\u00eddeo molt representatiu del que significa fer esport a la pres\u00f3.<\/p>\n<p><a href=\"http:\/\/www.tv3.cat\/videos\/169586112\">Una manera d&#8217;aprendre a ser lliures&#8230;<\/a><\/p>\n","protected":false},"excerpt":{"rendered":"<p>L&#8217;any 2004 es van celebrar les III Olimp\u00edades a les presons de Catalunya. Amb aquest motiu tv3 va fer aquest v\u00eddeo molt representatiu del que significa fer esport a la pres\u00f3. Una manera d&#8217;aprendre a ser lliures&#8230;<\/p>\n","protected":false},"author":72,"featured_media":0,"parent":0,"menu_order":0,"comment_status":"open","ping_status":"open","template":"","meta":{"ngg_post_thumbnail":0,"footnotes":""},"class_list":["post-38","page","type-page","status-publish","hentry"],"_links":{"self":[{"href":"https:\/\/bloc.xarxa-omnia.org\/4olimpiades\/wp-json\/wp\/v2\/pages\/38","targetHints":{"allow":["GET"]}}],"collection":[{"href":"https:\/\/bloc.xarxa-omnia.org\/4olimpiades\/wp-json\/wp\/v2\/pages"}],"about":[{"href":"https:\/\/bloc.xarxa-omnia.org\/4olimpiades\/wp-json\/wp\/v2\/types\/page"}],"author":[{"embeddable":true,"href":"https:\/\/bloc.xarxa-omnia.org\/4olimpiades\/wp-json\/wp\/v2\/users\/72"}],"replies":[{"embeddable":true,"href":"https:\/\/bloc.xarxa-omnia.org\/4olimpiades\/wp-json\/wp\/v2\/comments?post=38"}],"version-history":[{"count":0,"href":"https:\/\/bloc.xarxa-omnia.org\/4olimpiades\/wp-json\/wp\/v2\/pages\/38\/revisions"}],"wp:attachment":[{"href":"https:\/\/bloc.xarxa-omnia.org\/4olimpiades\/wp-json\/wp\/v2\/media?parent=38"}],"curies":[{"name":"wp","href":"https:\/\/api.w.org\/{rel}","templated":true}]}}