{"id":40,"date":"2008-06-11T15:59:09","date_gmt":"2008-06-11T13:59:09","guid":{"rendered":"http:\/\/blog.xarxa-omnia.org\/4olimpiades\/els-punts-titc-de-la-xarxa-omnia-a-les-presons\/"},"modified":"2008-06-18T15:34:13","modified_gmt":"2008-06-18T13:34:13","slug":"els-punts-titc-de-la-xarxa-omnia-a-les-presons","status":"publish","type":"page","link":"https:\/\/bloc.xarxa-omnia.org\/4olimpiades\/els-punts-titc-de-la-xarxa-omnia-a-les-presons\/","title":{"rendered":"Els Punts Tic de la xarxa \u00d2mnia a les presons"},"content":{"rendered":"<p>Aquest bloc \u00e9s un recull de les activitats dels Punts TIC de la Xarxa \u00d2mnia coordinats i dinamitzats des de la Fundaci\u00f3 Innovaci\u00f3 per l&#8217;Acci\u00f3 social (FIAS)   a les presons de Catalunya.<\/p>\n<p>Hi trobareu informaci\u00f3 sobre l\u2019esport a la pres\u00f3, i durant el mes de juny les cr\u00f2niques i informacions rebudes des dels enviats especials a les competicions esportives dels diferents centres penitenciaris amb motiu de la celebraci\u00f3 de les IV Olimp\u00edades.<\/p>\n<p>Els Punts TIC es transformen en ag\u00e8ncies de not\u00edcies recollides des dels &#8220;\u00d2mnia m\u00f2bils&#8221; despla\u00e7ats al lloc de la not\u00edcia.<\/p>\n<p><a href=\"http:\/\/blog.xarxa-omnia.org\/4olimpiades\/els-punts-titc-de-la-xarxa-omnia-a-les-presons\/44\/\" rel=\"attachment wp-att-44\" title=\"fias.gif\"><img loading=\"lazy\" decoding=\"async\" src=\"http:\/\/blog.xarxa-omnia.org\/4olimpiades\/files\/2008\/06\/fiasrodo.thumbnail.gif\" alt=\"fiasrodo.gif\" align=\"bottom\" height=\"88\" width=\"82\" \/><\/a><a href=\"http:\/\/blog.xarxa-omnia.org\/4olimpiades\/files\/2008\/06\/logomnia.JPG\" title=\"logomnia.JPG\"><img decoding=\"async\" src=\"http:\/\/blog.xarxa-omnia.org\/4olimpiades\/files\/2008\/06\/logomnia.thumbnail.JPG\" alt=\"logomnia.JPG\" \/><\/a><\/p>\n","protected":false},"excerpt":{"rendered":"<p>Aquest bloc \u00e9s un recull de les activitats dels Punts TIC de la Xarxa \u00d2mnia coordinats i dinamitzats des de la Fundaci\u00f3 Innovaci\u00f3 per l&#8217;Acci\u00f3 social (FIAS) a les presons de Catalunya. Hi trobareu informaci\u00f3 sobre l\u2019esport a la pres\u00f3, i durant el mes de juny les cr\u00f2niques i informacions rebudes des dels enviats especials [&hellip;]<\/p>\n","protected":false},"author":72,"featured_media":0,"parent":0,"menu_order":0,"comment_status":"open","ping_status":"open","template":"","meta":{"ngg_post_thumbnail":0,"footnotes":""},"class_list":["post-40","page","type-page","status-publish","hentry"],"_links":{"self":[{"href":"https:\/\/bloc.xarxa-omnia.org\/4olimpiades\/wp-json\/wp\/v2\/pages\/40","targetHints":{"allow":["GET"]}}],"collection":[{"href":"https:\/\/bloc.xarxa-omnia.org\/4olimpiades\/wp-json\/wp\/v2\/pages"}],"about":[{"href":"https:\/\/bloc.xarxa-omnia.org\/4olimpiades\/wp-json\/wp\/v2\/types\/page"}],"author":[{"embeddable":true,"href":"https:\/\/bloc.xarxa-omnia.org\/4olimpiades\/wp-json\/wp\/v2\/users\/72"}],"replies":[{"embeddable":true,"href":"https:\/\/bloc.xarxa-omnia.org\/4olimpiades\/wp-json\/wp\/v2\/comments?post=40"}],"version-history":[{"count":0,"href":"https:\/\/bloc.xarxa-omnia.org\/4olimpiades\/wp-json\/wp\/v2\/pages\/40\/revisions"}],"wp:attachment":[{"href":"https:\/\/bloc.xarxa-omnia.org\/4olimpiades\/wp-json\/wp\/v2\/media?parent=40"}],"curies":[{"name":"wp","href":"https:\/\/api.w.org\/{rel}","templated":true}]}}