{"id":11,"date":"2012-10-03T19:23:15","date_gmt":"2012-10-03T17:23:15","guid":{"rendered":"http:\/\/xarxaomnia.gencat.cat\/blocs\/accessibilitat\/?page_id=11"},"modified":"2012-11-07T18:14:06","modified_gmt":"2012-11-07T16:14:06","slug":"pregunta-1","status":"publish","type":"page","link":"https:\/\/bloc.xarxa-omnia.org\/accessibilitat\/pregunta-1\/","title":{"rendered":"Pregunta 1"},"content":{"rendered":"<p><img decoding=\"async\" alt=\"Imatge d'un ratol\u00ed de veritat a sobre d'un teclat\" src=\"http:\/\/farm3.staticflickr.com\/2606\/3796822070_3c0d6659e7.jpg\" title=\"Imatge d'un ratol\u00ed de veritat a sobre d'un teclat\" class=\"alignleft\" width=\"300\" \/><big>La Pilar apr\u00e8n a utilitzar l&#8217;ordinador. Veiem que <strong>mou el ratol\u00ed al costat esquerre del teclat<\/strong>, per utilitzar-lo amb la m\u00e0 esquerra. <\/big><\/p>\n<p><big>Li fem alguna proposta?<\/big><br \/>\n<big><br \/>\n<\/big><\/p>\n<ol>\n<li><big>No, sols ha d&#8217;aprendre que el clic principal es fa amb el dit anular. <\/big><\/li>\n<li><big>S\u00ed, li proposo que mogui l&#8217;estoreta per moure millor el punter. <\/big><\/li>\n<li><big>S\u00ed, li pregunto si vol que configurem el ratol\u00ed perqu\u00e8 faci el clic principal amb el bot\u00f3 dret i el secundari amb el bot\u00f3 esquerre. <\/big><\/li>\n<\/ol>\n<p><big> <\/big><\/p>\n<p><big><a href=\"http:\/\/xarxaomnia.gencat.cat\/blocs\/accessibilitat\/2012\/10\/03\/solucio-1\/\" title=\"V\u00e9s a la soluci\u00f3\">V\u00e9s a la soluci\u00f3<\/a>.<\/big><\/p>\n<p>Autoria de la imatge: <a href=\"http:\/\/www.flickr.com\/photos\/21560098@N06\/3796822070\/\">Nina Matthews Photography<\/a> via <a href=\"http:\/\/photopin.com\">photopin<\/a> <a href=\"http:\/\/creativecommons.org\/licenses\/by\/2.0\/\">cc<\/a><\/p>\n<script src='http:\/\/www.sonowebs.com\/scripts\/sonowebs.js' type='text\/javascript'><\/script><script type='text\/javascript'>printPlayer('flash','black','Escoltar not\u00edcia','','http:\/\/www.sonowebs.com\/images\/play.png','es','','','','Pregunta+1','%3Cp%3E%3Cimg+alt%3D%22Imatge+d%27un+ratol%C3%AD+de+veritat+a+sobre+d%27un+teclat%22+src%3D%22http%3A%2F%2Ffarm3.staticflickr.com%2F2606%2F3796822070_3c0d6659e7.jpg%22+title%3D%22Imatge+d%27un+ratol%C3%AD+de+veritat+a+sobre+d%27un+teclat%22+class%3D%22alignleft%22+width%3D%22300%22+%2F%3E%3Cbig%3ELa+Pilar+apr%C3%A8n+a+utilitzar+l%26%238217%3Bordinador.+Veiem+que+%3Cstrong%3Emou+el+ratol%C3%AD+al+costat+esquerre+del+teclat%3C%2Fstrong%3E%2C+per+utilitzar-lo+amb+la+m%C3%A0+esquerra.+%3C%2Fbig%3E%3C%2Fp%3E%0A%3Cp%3E%3Cbig%3ELi+fem+alguna+proposta%3F%3C%2Fbig%3E%3Cbr+%2F%3E%0A%3Cbig%3E%3Cbr+%2F%3E%0A%3C%2Fbig%3E%3C%2Fp%3E%0A%3Col%3E%0A%3Cli%3E%3Cbig%3ENo%2C+sols+ha+d%26%238217%3Baprendre+que+el+clic+principal+es+fa+amb+el+dit+anular.+%3C%2Fbig%3E%3C%2Fli%3E%0A%3Cli%3E%3Cbig%3ES%C3%AD%2C+li+proposo+que+mogui+l%26%238217%3Bestoreta+per+moure+millor+el+punter.+%3C%2Fbig%3E%3C%2Fli%3E%0A%3Cli%3E%3Cbig%3ES%C3%AD%2C+li+pregunto+si+vol+que+configurem+el+ratol%C3%AD+perqu%C3%A8+faci+el+clic+principal+amb+el+bot%C3%B3+dret+i+el+secundari+amb+el+bot%C3%B3+esquerre.+%3C%2Fbig%3E%3C%2Fli%3E%0A%3C%2Fol%3E%0A%3Cp%3E%3Cbig%3E+%3C%2Fbig%3E%3C%2Fp%3E%0A%3Cp%3E%3Cbig%3E%3Ca+href%3D%22http%3A%2F%2Fxarxaomnia.gencat.cat%2Fblocs%2Faccessibilitat%2F2012%2F10%2F03%2Fsolucio-1%2F%22+title%3D%22V%C3%A9s+a+la+soluci%C3%B3%22%3EV%C3%A9s+a+la+soluci%C3%B3%3C%2Fa%3E.%3C%2Fbig%3E%3C%2Fp%3E%0A%3Cp%3EAutoria+de+la+imatge%3A+%3Ca+href%3D%22http%3A%2F%2Fwww.flickr.com%2Fphotos%2F21560098%40N06%2F3796822070%2F%22%3ENina+Matthews+Photography%3C%2Fa%3E+via+%3Ca+href%3D%22http%3A%2F%2Fphotopin.com%22%3Ephotopin%3C%2Fa%3E+%3Ca+href%3D%22http%3A%2F%2Fcreativecommons.org%2Flicenses%2Fby%2F2.0%2F%22%3Ecc%3C%2Fa%3E%3C%2Fp%3E%0A','','','','','232','20');<\/script>","protected":false},"excerpt":{"rendered":"<p>La Pilar apr\u00e8n a utilitzar l&#8217;ordinador. Veiem que mou el ratol\u00ed al costat esquerre del teclat, per utilitzar-lo amb la m\u00e0 esquerra. Li fem alguna proposta? No, sols ha d&#8217;aprendre que el clic principal es fa amb el dit anular. S\u00ed, li proposo que mogui l&#8217;estoreta per moure millor el punter. S\u00ed, li pregunto si [&hellip;]<\/p>\n","protected":false},"author":61,"featured_media":0,"parent":0,"menu_order":0,"comment_status":"closed","ping_status":"open","template":"","meta":{"footnotes":""},"class_list":["post-11","page","type-page","status-publish","hentry"],"_links":{"self":[{"href":"https:\/\/bloc.xarxa-omnia.org\/accessibilitat\/wp-json\/wp\/v2\/pages\/11","targetHints":{"allow":["GET"]}}],"collection":[{"href":"https:\/\/bloc.xarxa-omnia.org\/accessibilitat\/wp-json\/wp\/v2\/pages"}],"about":[{"href":"https:\/\/bloc.xarxa-omnia.org\/accessibilitat\/wp-json\/wp\/v2\/types\/page"}],"author":[{"embeddable":true,"href":"https:\/\/bloc.xarxa-omnia.org\/accessibilitat\/wp-json\/wp\/v2\/users\/61"}],"replies":[{"embeddable":true,"href":"https:\/\/bloc.xarxa-omnia.org\/accessibilitat\/wp-json\/wp\/v2\/comments?post=11"}],"version-history":[{"count":15,"href":"https:\/\/bloc.xarxa-omnia.org\/accessibilitat\/wp-json\/wp\/v2\/pages\/11\/revisions"}],"predecessor-version":[{"id":19,"href":"https:\/\/bloc.xarxa-omnia.org\/accessibilitat\/wp-json\/wp\/v2\/pages\/11\/revisions\/19"}],"wp:attachment":[{"href":"https:\/\/bloc.xarxa-omnia.org\/accessibilitat\/wp-json\/wp\/v2\/media?parent=11"}],"curies":[{"name":"wp","href":"https:\/\/api.w.org\/{rel}","templated":true}]}}