{"id":15,"date":"2012-10-03T19:25:17","date_gmt":"2012-10-03T17:25:17","guid":{"rendered":"http:\/\/xarxaomnia.gencat.cat\/blocs\/accessibilitat\/?page_id=15"},"modified":"2012-11-07T18:21:16","modified_gmt":"2012-11-07T16:21:16","slug":"pregunta-2","status":"publish","type":"page","link":"https:\/\/bloc.xarxa-omnia.org\/accessibilitat\/pregunta-2\/","title":{"rendered":"Pregunta 2"},"content":{"rendered":"<p><big><a href=\"http:\/\/xarxaomnia.gencat.cat\/blocs\/accessibilitat\/files\/ulleres.jpg\"><img decoding=\"async\" class=\"alignleft size-full wp-image-135\" style=\"margin: 5px;\" title=\"ulleres\" src=\"http:\/\/xarxaomnia.gencat.cat\/blocs\/accessibilitat\/files\/ulleres.jpg\" alt=\"Imatge d'unes ulleres davant d'una pantalla\" width=\"300\" srcset=\"https:\/\/bloc.xarxa-omnia.org\/accessibilitat\/files\/ulleres.jpg 500w, https:\/\/bloc.xarxa-omnia.org\/accessibilitat\/files\/ulleres-300x225.jpg 300w\" sizes=\"(max-width: 500px) 100vw, 500px\" \/><\/a><\/big><big>El Joan fa moltes preguntes quan consulta Internet, no troba els enlla\u00e7os fins que no els hi assenyalem amb el dit a la pantalla. <\/big><\/p>\n<p><big>Un dia ens comenta que li sembla que <strong>la lletra \u00e9s massa petita<\/strong>.<\/big><\/p>\n<p><big>Com podem ajudar-lo?<\/big><\/p>\n<p><big> <\/big><\/p>\n<p><big><\/big><\/p>\n<p><big><\/big><\/p>\n<ol>\n<li><big>Li recomanem que faci visites peri\u00f2diques a l&#8217;oftalm\u00f2leg.<\/big><\/li>\n<li><big>Li apropem la pantalla de l&#8217;ordinador perqu\u00e8 segur que \u00e9s miop.<\/big><\/li>\n<li><big>Li expliquem com pot engrandir la mida de la tipografia i les icones del sistema. Tamb\u00e9 li ensenyem com pot fer m\u00e9s gran la lletra del navegador.<\/big><\/li>\n<\/ol>\n<p><big><big><a title=\"Quina \u00e9s la soluci\u00f3?\" href=\"http:\/\/xarxaomnia.gencat.cat\/blocs\/accessibilitat\/2012\/10\/03\/solucio-2\/\">V\u00e9s a la soluci\u00f3<\/a>.<\/big><\/big><br \/>\nAutoria de la imatge: <a href=\"http:\/\/www.flickr.com\/photos\/sharynmorrow\/6964218\/\">massdistraction<\/a> via <a href=\"http:\/\/photopin.com\">photopin<\/a> <a href=\"http:\/\/creativecommons.org\/licenses\/by-nc-nd\/2.0\/\">cc<\/a><\/p>\n<script src='http:\/\/www.sonowebs.com\/scripts\/sonowebs.js' type='text\/javascript'><\/script><script type='text\/javascript'>printPlayer('flash','black','Escoltar not\u00edcia','','http:\/\/www.sonowebs.com\/images\/play.png','es','','','','Pregunta+2','%3Cp%3E%3Cbig%3E%3Ca+href%3D%22http%3A%2F%2Fxarxaomnia.gencat.cat%2Fblocs%2Faccessibilitat%2Ffiles%2Fulleres.jpg%22%3E%3Cimg+class%3D%22alignleft+size-full+wp-image-135%22+style%3D%22margin%3A+5px%3B%22+title%3D%22ulleres%22+src%3D%22http%3A%2F%2Fxarxaomnia.gencat.cat%2Fblocs%2Faccessibilitat%2Ffiles%2Fulleres.jpg%22+alt%3D%22Imatge+d%27unes+ulleres+davant+d%27una+pantalla%22+width%3D%22300%22+%2F%3E%3C%2Fa%3E%3C%2Fbig%3E%3Cbig%3EEl+Joan+fa+moltes+preguntes+quan+consulta+Internet%2C+no+troba+els+enlla%C3%A7os+fins+que+no+els+hi+assenyalem+amb+el+dit+a+la+pantalla.+%3C%2Fbig%3E%3C%2Fp%3E%0A%3Cp%3E%3Cbig%3EUn+dia+ens+comenta+que+li+sembla+que+%3Cstrong%3Ela+lletra+%C3%A9s+massa+petita%3C%2Fstrong%3E.%3C%2Fbig%3E%3C%2Fp%3E%0A%3Cp%3E%3Cbig%3ECom+podem+ajudar-lo%3F%3C%2Fbig%3E%3C%2Fp%3E%0A%3Cp%3E%3Cbig%3E+%3C%2Fbig%3E%3C%2Fp%3E%0A%3Cp%3E%3Cbig%3E%3C%2Fbig%3E%3C%2Fp%3E%0A%3Cp%3E%3Cbig%3E%3C%2Fbig%3E%3C%2Fp%3E%0A%3Col%3E%0A%3Cli%3E%3Cbig%3ELi+recomanem+que+faci+visites+peri%C3%B2diques+a+l%26%238217%3Boftalm%C3%B2leg.%3C%2Fbig%3E%3C%2Fli%3E%0A%3Cli%3E%3Cbig%3ELi+apropem+la+pantalla+de+l%26%238217%3Bordinador+perqu%C3%A8+segur+que+%C3%A9s+miop.%3C%2Fbig%3E%3C%2Fli%3E%0A%3Cli%3E%3Cbig%3ELi+expliquem+com+pot+engrandir+la+mida+de+la+tipografia+i+les+icones+del+sistema.+Tamb%C3%A9+li+ensenyem+com+pot+fer+m%C3%A9s+gran+la+lletra+del+navegador.%3C%2Fbig%3E%3C%2Fli%3E%0A%3C%2Fol%3E%0A%3Cp%3E%3Cbig%3E%3Cbig%3E%3Ca+title%3D%22Quina+%C3%A9s+la+soluci%C3%B3%3F%22+href%3D%22http%3A%2F%2Fxarxaomnia.gencat.cat%2Fblocs%2Faccessibilitat%2F2012%2F10%2F03%2Fsolucio-2%2F%22%3EV%C3%A9s+a+la+soluci%C3%B3%3C%2Fa%3E.%3C%2Fbig%3E%3C%2Fbig%3E%3Cbr+%2F%3E%0AAutoria+de+la+imatge%3A+%3Ca+href%3D%22http%3A%2F%2Fwww.flickr.com%2Fphotos%2Fsharynmorrow%2F6964218%2F%22%3Emassdistraction%3C%2Fa%3E+via+%3Ca+href%3D%22http%3A%2F%2Fphotopin.com%22%3Ephotopin%3C%2Fa%3E+%3Ca+href%3D%22http%3A%2F%2Fcreativecommons.org%2Flicenses%2Fby-nc-nd%2F2.0%2F%22%3Ecc%3C%2Fa%3E%3C%2Fp%3E%0A','','','','','232','20');<\/script>","protected":false},"excerpt":{"rendered":"<p>El Joan fa moltes preguntes quan consulta Internet, no troba els enlla\u00e7os fins que no els hi assenyalem amb el dit a la pantalla. Un dia ens comenta que li sembla que la lletra \u00e9s massa petita. Com podem ajudar-lo? Li recomanem que faci visites peri\u00f2diques a l&#8217;oftalm\u00f2leg. Li apropem la pantalla de l&#8217;ordinador perqu\u00e8 [&hellip;]<\/p>\n","protected":false},"author":61,"featured_media":0,"parent":0,"menu_order":3,"comment_status":"closed","ping_status":"open","template":"","meta":{"footnotes":""},"class_list":["post-15","page","type-page","status-publish","hentry"],"_links":{"self":[{"href":"https:\/\/bloc.xarxa-omnia.org\/accessibilitat\/wp-json\/wp\/v2\/pages\/15","targetHints":{"allow":["GET"]}}],"collection":[{"href":"https:\/\/bloc.xarxa-omnia.org\/accessibilitat\/wp-json\/wp\/v2\/pages"}],"about":[{"href":"https:\/\/bloc.xarxa-omnia.org\/accessibilitat\/wp-json\/wp\/v2\/types\/page"}],"author":[{"embeddable":true,"href":"https:\/\/bloc.xarxa-omnia.org\/accessibilitat\/wp-json\/wp\/v2\/users\/61"}],"replies":[{"embeddable":true,"href":"https:\/\/bloc.xarxa-omnia.org\/accessibilitat\/wp-json\/wp\/v2\/comments?post=15"}],"version-history":[{"count":13,"href":"https:\/\/bloc.xarxa-omnia.org\/accessibilitat\/wp-json\/wp\/v2\/pages\/15\/revisions"}],"predecessor-version":[{"id":133,"href":"https:\/\/bloc.xarxa-omnia.org\/accessibilitat\/wp-json\/wp\/v2\/pages\/15\/revisions\/133"}],"wp:attachment":[{"href":"https:\/\/bloc.xarxa-omnia.org\/accessibilitat\/wp-json\/wp\/v2\/media?parent=15"}],"curies":[{"name":"wp","href":"https:\/\/api.w.org\/{rel}","templated":true}]}}