{"id":28,"date":"2012-10-04T11:55:13","date_gmt":"2012-10-04T09:55:13","guid":{"rendered":"http:\/\/xarxaomnia.gencat.cat\/blocs\/accessibilitat\/?page_id=28"},"modified":"2012-10-09T20:46:37","modified_gmt":"2012-10-09T18:46:37","slug":"pregunta-4","status":"publish","type":"page","link":"https:\/\/bloc.xarxa-omnia.org\/accessibilitat\/pregunta-4\/","title":{"rendered":"Pregunta 4"},"content":{"rendered":"<p><big><a href=\"http:\/\/xarxaomnia.gencat.cat\/blocs\/accessibilitat\/files\/ratolins.jpg\"><img decoding=\"async\" class=\"alignleft size-full wp-image-172\" style=\"margin: 15px;\" title=\"ratolins penjant del cable\" src=\"http:\/\/xarxaomnia.gencat.cat\/blocs\/accessibilitat\/files\/ratolins.jpg\" alt=\"ratolins penjant del cable\" width=\"200\" srcset=\"https:\/\/bloc.xarxa-omnia.org\/accessibilitat\/files\/ratolins.jpg 333w, https:\/\/bloc.xarxa-omnia.org\/accessibilitat\/files\/ratolins-199x300.jpg 199w\" sizes=\"(max-width: 333px) 100vw, 333px\" \/><\/a><\/p>\n<p>Es pot fer <strong>doble clic sense ratol\u00ed<\/strong>?<br \/>\n<\/big><\/p>\n<ol>\n<li><big> \u00c9s clar que no.<\/big><\/li>\n<li><big> S\u00ed prement dos cops la tecla \u201cintro\u201d<\/big><\/li>\n<li><big> S\u00ed amb els cursors teclat num\u00e8ric, sempre que l&#8217;h\u00e0gim configurat pr\u00e8viament.<\/big><\/li>\n<\/ol>\n<p><big> <\/big><\/p>\n<p><big><big><a href=\"http:\/\/xarxaomnia.gencat.cat\/blocs\/accessibilitat\/2012\/10\/04\/solucio-4\">V\u00e9s a la soluci\u00f3<\/a><\/big><\/big><\/p>\n<p>Autoria de la imatge: <a href=\"http:\/\/www.flickr.com\/photos\/jimmead\/6832252441\/\">Jim Mead<\/a> via <a href=\"http:\/\/photopin.com\">photopin<\/a> <a href=\"http:\/\/creativecommons.org\/licenses\/by-sa\/2.0\/\">cc<\/a><\/p>\n<script src='http:\/\/www.sonowebs.com\/scripts\/sonowebs.js' type='text\/javascript'><\/script><script type='text\/javascript'>printPlayer('flash','black','Escoltar not\u00edcia','','http:\/\/www.sonowebs.com\/images\/play.png','es','','','','Pregunta+4','%3Cp%3E%3Cbig%3E%3Ca+href%3D%22http%3A%2F%2Fxarxaomnia.gencat.cat%2Fblocs%2Faccessibilitat%2Ffiles%2Fratolins.jpg%22%3E%3Cimg+class%3D%22alignleft+size-full+wp-image-172%22+style%3D%22margin%3A+15px%3B%22+title%3D%22ratolins+penjant+del+cable%22+src%3D%22http%3A%2F%2Fxarxaomnia.gencat.cat%2Fblocs%2Faccessibilitat%2Ffiles%2Fratolins.jpg%22+alt%3D%22ratolins+penjant+del+cable%22+width%3D%22200%22+%2F%3E%3C%2Fa%3E%3C%2Fp%3E%0A%3Cp%3EEs+pot+fer+%3Cstrong%3Edoble+clic+sense+ratol%C3%AD%3C%2Fstrong%3E%3F%3Cbr+%2F%3E%0A%3C%2Fbig%3E%3C%2Fp%3E%0A%3Col%3E%0A%3Cli%3E%3Cbig%3E+%C3%89s+clar+que+no.%3C%2Fbig%3E%3C%2Fli%3E%0A%3Cli%3E%3Cbig%3E+S%C3%AD+prement+dos+cops+la+tecla+%E2%80%9Cintro%E2%80%9D%3C%2Fbig%3E%3C%2Fli%3E%0A%3Cli%3E%3Cbig%3E+S%C3%AD+amb+els+cursors+teclat+num%C3%A8ric%2C+sempre+que+l%26%238217%3Bh%C3%A0gim+configurat+pr%C3%A8viament.%3C%2Fbig%3E%3C%2Fli%3E%0A%3C%2Fol%3E%0A%3Cp%3E%3Cbig%3E+%3C%2Fbig%3E%3C%2Fp%3E%0A%3Cp%3E%3Cbig%3E%3Cbig%3E%3Ca+href%3D%22http%3A%2F%2Fxarxaomnia.gencat.cat%2Fblocs%2Faccessibilitat%2F2012%2F10%2F04%2Fsolucio-4%22%3EV%C3%A9s+a+la+soluci%C3%B3%3C%2Fa%3E%3C%2Fbig%3E%3C%2Fbig%3E%3C%2Fp%3E%0A%3Cp%3EAutoria+de+la+imatge%3A+%3Ca+href%3D%22http%3A%2F%2Fwww.flickr.com%2Fphotos%2Fjimmead%2F6832252441%2F%22%3EJim+Mead%3C%2Fa%3E+via+%3Ca+href%3D%22http%3A%2F%2Fphotopin.com%22%3Ephotopin%3C%2Fa%3E+%3Ca+href%3D%22http%3A%2F%2Fcreativecommons.org%2Flicenses%2Fby-sa%2F2.0%2F%22%3Ecc%3C%2Fa%3E%3C%2Fp%3E%0A','','','','','232','20');<\/script>","protected":false},"excerpt":{"rendered":"<p>Es pot fer doble clic sense ratol\u00ed? \u00c9s clar que no. S\u00ed prement dos cops la tecla \u201cintro\u201d S\u00ed amb els cursors teclat num\u00e8ric, sempre que l&#8217;h\u00e0gim configurat pr\u00e8viament. V\u00e9s a la soluci\u00f3 Autoria de la imatge: Jim Mead via photopin cc<\/p>\n","protected":false},"author":61,"featured_media":0,"parent":0,"menu_order":5,"comment_status":"closed","ping_status":"open","template":"","meta":{"footnotes":""},"class_list":["post-28","page","type-page","status-publish","hentry"],"_links":{"self":[{"href":"https:\/\/bloc.xarxa-omnia.org\/accessibilitat\/wp-json\/wp\/v2\/pages\/28","targetHints":{"allow":["GET"]}}],"collection":[{"href":"https:\/\/bloc.xarxa-omnia.org\/accessibilitat\/wp-json\/wp\/v2\/pages"}],"about":[{"href":"https:\/\/bloc.xarxa-omnia.org\/accessibilitat\/wp-json\/wp\/v2\/types\/page"}],"author":[{"embeddable":true,"href":"https:\/\/bloc.xarxa-omnia.org\/accessibilitat\/wp-json\/wp\/v2\/users\/61"}],"replies":[{"embeddable":true,"href":"https:\/\/bloc.xarxa-omnia.org\/accessibilitat\/wp-json\/wp\/v2\/comments?post=28"}],"version-history":[{"count":8,"href":"https:\/\/bloc.xarxa-omnia.org\/accessibilitat\/wp-json\/wp\/v2\/pages\/28\/revisions"}],"predecessor-version":[{"id":176,"href":"https:\/\/bloc.xarxa-omnia.org\/accessibilitat\/wp-json\/wp\/v2\/pages\/28\/revisions\/176"}],"wp:attachment":[{"href":"https:\/\/bloc.xarxa-omnia.org\/accessibilitat\/wp-json\/wp\/v2\/media?parent=28"}],"curies":[{"name":"wp","href":"https:\/\/api.w.org\/{rel}","templated":true}]}}