{"id":32,"date":"2012-10-04T11:56:38","date_gmt":"2012-10-04T09:56:38","guid":{"rendered":"http:\/\/xarxaomnia.gencat.cat\/blocs\/accessibilitat\/?page_id=32"},"modified":"2012-11-07T18:39:23","modified_gmt":"2012-11-07T16:39:23","slug":"pregunta-5","status":"publish","type":"page","link":"https:\/\/bloc.xarxa-omnia.org\/accessibilitat\/pregunta-5\/","title":{"rendered":"Pregunta 5"},"content":{"rendered":"<p><big><a href=\"http:\/\/xarxaomnia.gencat.cat\/blocs\/accessibilitat\/files\/5297464066_5164869e8e.jpg\"><img decoding=\"async\" class=\"alignleft size-full wp-image-189\" style=\"margin: 15px;\" title=\"M\u00e0 a sobre del ratol\u00ed d'un ordinador\" src=\"http:\/\/xarxaomnia.gencat.cat\/blocs\/accessibilitat\/files\/5297464066_5164869e8e.jpg\" alt=\"M\u00e0 a sobre del ratol\u00ed d'un ordinador\" width=\"300\" srcset=\"https:\/\/bloc.xarxa-omnia.org\/accessibilitat\/files\/5297464066_5164869e8e.jpg 500w, https:\/\/bloc.xarxa-omnia.org\/accessibilitat\/files\/5297464066_5164869e8e-300x225.jpg 300w\" sizes=\"(max-width: 500px) 100vw, 500px\" \/><\/a><\/p>\n<p>I, tenint ratol\u00ed per\u00f2 <strong>sense tocar el bot\u00f3 per fer clic, es pot fer l&#8217;acci\u00f3 del doble clic<\/strong>?<br \/>\n<\/big><\/p>\n<p><\/p>\n<ol>\n<li><big> Aix\u00f2 s\u00ed que no.<\/big><\/li>\n<li><big> S\u00ed, prement dos cops la tecla \u201cintro\u201d.<\/big><\/li>\n<li><big> S\u00ed, segons el sistema operatiu que tinguem, podem configurar els clics segons els moviments del ratol\u00ed.<\/big><\/li>\n<\/ol>\n<p><big> <\/big><\/p>\n<p><big><big><a href=\"http:\/\/xarxaomnia.gencat.cat\/blocs\/accessibilitat\/2012\/10\/04\/solucio-5\/\">V\u00e9s a la soluci\u00f3.<\/a><\/big><\/big><br \/>\nAutoria de la imatge: <a href=\"http:\/\/www.flickr.com\/photos\/silvery\/5297464066\/\">Si1very<\/a> via <a href=\"http:\/\/photopin.com\">photopin<\/a> <a href=\"http:\/\/creativecommons.org\/licenses\/by-sa\/2.0\/\">cc<\/a><\/p>\n<script src='http:\/\/www.sonowebs.com\/scripts\/sonowebs.js' type='text\/javascript'><\/script><script type='text\/javascript'>printPlayer('flash','black','Escoltar not\u00edcia','','http:\/\/www.sonowebs.com\/images\/play.png','es','','','','Pregunta+5','%3Cp%3E%3Cbig%3E%3Ca+href%3D%22http%3A%2F%2Fxarxaomnia.gencat.cat%2Fblocs%2Faccessibilitat%2Ffiles%2F5297464066_5164869e8e.jpg%22%3E%3Cimg+class%3D%22alignleft+size-full+wp-image-189%22+style%3D%22margin%3A+15px%3B%22+title%3D%22M%C3%A0+a+sobre+del+ratol%C3%AD+d%27un+ordinador%22+src%3D%22http%3A%2F%2Fxarxaomnia.gencat.cat%2Fblocs%2Faccessibilitat%2Ffiles%2F5297464066_5164869e8e.jpg%22+alt%3D%22M%C3%A0+a+sobre+del+ratol%C3%AD+d%27un+ordinador%22+width%3D%22300%22+%2F%3E%3C%2Fa%3E%3C%2Fp%3E%0A%3Cp%3EI%2C+tenint+ratol%C3%AD+per%C3%B2+%3Cstrong%3Esense+tocar+el+bot%C3%B3+per+fer+clic%2C+es+pot+fer+l%26%238217%3Bacci%C3%B3+del+doble+clic%3C%2Fstrong%3E%3F%3Cbr+%2F%3E%0A%3C%2Fbig%3E%3C%2Fp%3E%0A%3Cp%3E%3C%2Fp%3E%0A%3Col%3E%0A%3Cli%3E%3Cbig%3E+Aix%C3%B2+s%C3%AD+que+no.%3C%2Fbig%3E%3C%2Fli%3E%0A%3Cli%3E%3Cbig%3E+S%C3%AD%2C+prement+dos+cops+la+tecla+%E2%80%9Cintro%E2%80%9D.%3C%2Fbig%3E%3C%2Fli%3E%0A%3Cli%3E%3Cbig%3E+S%C3%AD%2C+segons+el+sistema+operatiu+que+tinguem%2C+podem+configurar+els+clics+segons+els+moviments+del+ratol%C3%AD.%3C%2Fbig%3E%3C%2Fli%3E%0A%3C%2Fol%3E%0A%3Cp%3E%3Cbig%3E+%3C%2Fbig%3E%3C%2Fp%3E%0A%3Cp%3E%3Cbig%3E%3Cbig%3E%3Ca+href%3D%22http%3A%2F%2Fxarxaomnia.gencat.cat%2Fblocs%2Faccessibilitat%2F2012%2F10%2F04%2Fsolucio-5%2F%22%3EV%C3%A9s+a+la+soluci%C3%B3.%3C%2Fa%3E%3C%2Fbig%3E%3C%2Fbig%3E%3Cbr+%2F%3E%0AAutoria+de+la+imatge%3A+%3Ca+href%3D%22http%3A%2F%2Fwww.flickr.com%2Fphotos%2Fsilvery%2F5297464066%2F%22%3ESi1very%3C%2Fa%3E+via+%3Ca+href%3D%22http%3A%2F%2Fphotopin.com%22%3Ephotopin%3C%2Fa%3E+%3Ca+href%3D%22http%3A%2F%2Fcreativecommons.org%2Flicenses%2Fby-sa%2F2.0%2F%22%3Ecc%3C%2Fa%3E%3C%2Fp%3E%0A','','','','','232','20');<\/script>","protected":false},"excerpt":{"rendered":"<p>I, tenint ratol\u00ed per\u00f2 sense tocar el bot\u00f3 per fer clic, es pot fer l&#8217;acci\u00f3 del doble clic? Aix\u00f2 s\u00ed que no. S\u00ed, prement dos cops la tecla \u201cintro\u201d. S\u00ed, segons el sistema operatiu que tinguem, podem configurar els clics segons els moviments del ratol\u00ed. V\u00e9s a la soluci\u00f3. Autoria de la imatge: Si1very via [&hellip;]<\/p>\n","protected":false},"author":61,"featured_media":0,"parent":0,"menu_order":6,"comment_status":"closed","ping_status":"open","template":"","meta":{"footnotes":""},"class_list":["post-32","page","type-page","status-publish","hentry"],"_links":{"self":[{"href":"https:\/\/bloc.xarxa-omnia.org\/accessibilitat\/wp-json\/wp\/v2\/pages\/32","targetHints":{"allow":["GET"]}}],"collection":[{"href":"https:\/\/bloc.xarxa-omnia.org\/accessibilitat\/wp-json\/wp\/v2\/pages"}],"about":[{"href":"https:\/\/bloc.xarxa-omnia.org\/accessibilitat\/wp-json\/wp\/v2\/types\/page"}],"author":[{"embeddable":true,"href":"https:\/\/bloc.xarxa-omnia.org\/accessibilitat\/wp-json\/wp\/v2\/users\/61"}],"replies":[{"embeddable":true,"href":"https:\/\/bloc.xarxa-omnia.org\/accessibilitat\/wp-json\/wp\/v2\/comments?post=32"}],"version-history":[{"count":14,"href":"https:\/\/bloc.xarxa-omnia.org\/accessibilitat\/wp-json\/wp\/v2\/pages\/32\/revisions"}],"predecessor-version":[{"id":314,"href":"https:\/\/bloc.xarxa-omnia.org\/accessibilitat\/wp-json\/wp\/v2\/pages\/32\/revisions\/314"}],"wp:attachment":[{"href":"https:\/\/bloc.xarxa-omnia.org\/accessibilitat\/wp-json\/wp\/v2\/media?parent=32"}],"curies":[{"name":"wp","href":"https:\/\/api.w.org\/{rel}","templated":true}]}}