{"id":36,"date":"2012-10-04T11:58:07","date_gmt":"2012-10-04T09:58:07","guid":{"rendered":"http:\/\/xarxaomnia.gencat.cat\/blocs\/accessibilitat\/?page_id=36"},"modified":"2012-11-07T18:43:03","modified_gmt":"2012-11-07T16:43:03","slug":"pregunta-6","status":"publish","type":"page","link":"https:\/\/bloc.xarxa-omnia.org\/accessibilitat\/pregunta-6\/","title":{"rendered":"Pregunta 6"},"content":{"rendered":"<p><big><a href=\"http:\/\/xarxaomnia.gencat.cat\/blocs\/accessibilitat\/files\/arrova_trencaclosques.jpg\"><img decoding=\"async\" class=\"alignleft size-full wp-image-208\" title=\"S\u00edmbol de arroba fet de peces de trencaclosques sobre un fons blanc\" src=\"http:\/\/xarxaomnia.gencat.cat\/blocs\/accessibilitat\/files\/arrova_trencaclosques.jpg\" alt=\"S\u00edmbol de arroba fet de peces de trencaclosques sobre un fons blanc\" width=\"300\" srcset=\"https:\/\/bloc.xarxa-omnia.org\/accessibilitat\/files\/arrova_trencaclosques.jpg 500w, https:\/\/bloc.xarxa-omnia.org\/accessibilitat\/files\/arrova_trencaclosques-300x199.jpg 300w\" sizes=\"(max-width: 500px) 100vw, 500px\" \/><\/a>L&#8217;Orlando es va trencar el bra\u00e7 esquerre, ens demana que li escrivim l&#8217;arrova, perqu\u00e8 vol consultar el seu correu electr\u00f2nic, per\u00f2 <strong>no pot pr\u00e9mer alhora les tecles Alt Gr i 2<\/strong>.<br \/>\n<\/big><\/p>\n<ol>\n<li><big> Li faig, nom\u00e9s faltaria!<\/big><\/li>\n<li><big> Li dic que busqui un s\u00edmbol escrit en Internet i faci un copiar-enganxar.<\/big><\/li>\n<li><big> Li ensenyo a configurar les <em>tecles enganxoses<\/em>, perqu\u00e8 no hagi de pr\u00e9mer tecles simult\u00e0niament. <\/big><\/li>\n<\/ol>\n<p><big><big><a title=\"V\u00e9s a la soluci\u00f3\" href=\"http:\/\/xarxaomnia.gencat.cat\/blocs\/accessibilitat\/2012\/10\/04\/solucio-6\/\">V\u00e9s a la soluci\u00f3.<\/a><\/big><\/big><br \/>\nAutoria de la imatge: <a href=\"http:\/\/www.flickr.com\/photos\/horiavarlan\/4514164700\/\">Horia Varlan<\/a> via <a href=\"http:\/\/photopin.com\">photopin<\/a> <a href=\"http:\/\/creativecommons.org\/licenses\/by\/2.0\/\">cc<\/a><\/p>\n<script src='http:\/\/www.sonowebs.com\/scripts\/sonowebs.js' type='text\/javascript'><\/script><script type='text\/javascript'>printPlayer('flash','black','Escoltar not\u00edcia','','http:\/\/www.sonowebs.com\/images\/play.png','es','','','','Pregunta+6','%3Cp%3E%3Cbig%3E%3Ca+href%3D%22http%3A%2F%2Fxarxaomnia.gencat.cat%2Fblocs%2Faccessibilitat%2Ffiles%2Farrova_trencaclosques.jpg%22%3E%3Cimg+class%3D%22alignleft+size-full+wp-image-208%22+title%3D%22S%C3%ADmbol+de+arroba+fet+de+peces+de+trencaclosques+sobre+un+fons+blanc%22+src%3D%22http%3A%2F%2Fxarxaomnia.gencat.cat%2Fblocs%2Faccessibilitat%2Ffiles%2Farrova_trencaclosques.jpg%22+alt%3D%22S%C3%ADmbol+de+arroba+fet+de+peces+de+trencaclosques+sobre+un+fons+blanc%22+width%3D%22300%22+%2F%3E%3C%2Fa%3EL%26%238217%3BOrlando+es+va+trencar+el+bra%C3%A7+esquerre%2C+ens+demana+que+li+escrivim+l%26%238217%3Barrova%2C+perqu%C3%A8+vol+consultar+el+seu+correu+electr%C3%B2nic%2C+per%C3%B2+%3Cstrong%3Eno+pot+pr%C3%A9mer+alhora+les+tecles+Alt+Gr+i+2%3C%2Fstrong%3E.%3Cbr+%2F%3E%0A%3C%2Fbig%3E%3C%2Fp%3E%0A%3Col%3E%0A%3Cli%3E%3Cbig%3E+Li+faig%2C+nom%C3%A9s+faltaria%21%3C%2Fbig%3E%3C%2Fli%3E%0A%3Cli%3E%3Cbig%3E+Li+dic+que+busqui+un+s%C3%ADmbol+escrit+en+Internet+i+faci+un+copiar-enganxar.%3C%2Fbig%3E%3C%2Fli%3E%0A%3Cli%3E%3Cbig%3E+Li+ensenyo+a+configurar+les+%3Cem%3Etecles+enganxoses%3C%2Fem%3E%2C+perqu%C3%A8+no+hagi+de+pr%C3%A9mer+tecles+simult%C3%A0niament.+%3C%2Fbig%3E%3C%2Fli%3E%0A%3C%2Fol%3E%0A%3Cp%3E%3Cbig%3E%3Cbig%3E%3Ca+title%3D%22V%C3%A9s+a+la+soluci%C3%B3%22+href%3D%22http%3A%2F%2Fxarxaomnia.gencat.cat%2Fblocs%2Faccessibilitat%2F2012%2F10%2F04%2Fsolucio-6%2F%22%3EV%C3%A9s+a+la+soluci%C3%B3.%3C%2Fa%3E%3C%2Fbig%3E%3C%2Fbig%3E%3Cbr+%2F%3E%0AAutoria+de+la+imatge%3A+%3Ca+href%3D%22http%3A%2F%2Fwww.flickr.com%2Fphotos%2Fhoriavarlan%2F4514164700%2F%22%3EHoria+Varlan%3C%2Fa%3E+via+%3Ca+href%3D%22http%3A%2F%2Fphotopin.com%22%3Ephotopin%3C%2Fa%3E+%3Ca+href%3D%22http%3A%2F%2Fcreativecommons.org%2Flicenses%2Fby%2F2.0%2F%22%3Ecc%3C%2Fa%3E%3C%2Fp%3E%0A','','','','','232','20');<\/script>","protected":false},"excerpt":{"rendered":"<p>L&#8217;Orlando es va trencar el bra\u00e7 esquerre, ens demana que li escrivim l&#8217;arrova, perqu\u00e8 vol consultar el seu correu electr\u00f2nic, per\u00f2 no pot pr\u00e9mer alhora les tecles Alt Gr i 2. Li faig, nom\u00e9s faltaria! Li dic que busqui un s\u00edmbol escrit en Internet i faci un copiar-enganxar. Li ensenyo a configurar les tecles enganxoses, [&hellip;]<\/p>\n","protected":false},"author":61,"featured_media":0,"parent":0,"menu_order":7,"comment_status":"closed","ping_status":"open","template":"","meta":{"footnotes":""},"class_list":["post-36","page","type-page","status-publish","hentry"],"_links":{"self":[{"href":"https:\/\/bloc.xarxa-omnia.org\/accessibilitat\/wp-json\/wp\/v2\/pages\/36","targetHints":{"allow":["GET"]}}],"collection":[{"href":"https:\/\/bloc.xarxa-omnia.org\/accessibilitat\/wp-json\/wp\/v2\/pages"}],"about":[{"href":"https:\/\/bloc.xarxa-omnia.org\/accessibilitat\/wp-json\/wp\/v2\/types\/page"}],"author":[{"embeddable":true,"href":"https:\/\/bloc.xarxa-omnia.org\/accessibilitat\/wp-json\/wp\/v2\/users\/61"}],"replies":[{"embeddable":true,"href":"https:\/\/bloc.xarxa-omnia.org\/accessibilitat\/wp-json\/wp\/v2\/comments?post=36"}],"version-history":[{"count":10,"href":"https:\/\/bloc.xarxa-omnia.org\/accessibilitat\/wp-json\/wp\/v2\/pages\/36\/revisions"}],"predecessor-version":[{"id":316,"href":"https:\/\/bloc.xarxa-omnia.org\/accessibilitat\/wp-json\/wp\/v2\/pages\/36\/revisions\/316"}],"wp:attachment":[{"href":"https:\/\/bloc.xarxa-omnia.org\/accessibilitat\/wp-json\/wp\/v2\/media?parent=36"}],"curies":[{"name":"wp","href":"https:\/\/api.w.org\/{rel}","templated":true}]}}