{"id":46,"date":"2012-10-05T14:51:04","date_gmt":"2012-10-05T12:51:04","guid":{"rendered":"http:\/\/xarxaomnia.gencat.cat\/blocs\/accessibilitat\/?page_id=46"},"modified":"2012-11-07T18:50:08","modified_gmt":"2012-11-07T16:50:08","slug":"pregunta-7","status":"publish","type":"page","link":"https:\/\/bloc.xarxa-omnia.org\/accessibilitat\/pregunta-7\/","title":{"rendered":"Pregunta 7"},"content":{"rendered":"<p><big><a href=\"http:\/\/xarxaomnia.gencat.cat\/blocs\/accessibilitat\/files\/pantalla_rotada.jpg\"><img decoding=\"async\" class=\"alignleft size-full wp-image-222\" style=\"margin: 15px;\" title=\"pantalla_rotada\" src=\"http:\/\/xarxaomnia.gencat.cat\/blocs\/accessibilitat\/files\/pantalla_rotada.jpg\" alt=\"\" width=\"200\" srcset=\"https:\/\/bloc.xarxa-omnia.org\/accessibilitat\/files\/pantalla_rotada.jpg 375w, https:\/\/bloc.xarxa-omnia.org\/accessibilitat\/files\/pantalla_rotada-225x300.jpg 225w\" sizes=\"(max-width: 375px) 100vw, 375px\" \/><\/a><\/p>\n<p>L&#8217;Ayub tor\u00e7a el coll i veu la pantalla de costat.<br \/>\n<\/big><\/p>\n<ol>\n<li><big> Girem el monitor sobre el costat des d&#8217;on mira.<\/big><\/li>\n<li><big> Ja est\u00e0 acostumat a mirar aix\u00ed, no cal fer res.<\/big><\/li>\n<li><big> Anem a la configuraci\u00f3 de la pantalla, des de la qual podem fer una rotaci\u00f3.<\/big><\/li>\n<\/ol>\n<p><big> <\/big><\/p>\n<p><big><a href=\"http:\/\/xarxaomnia.gencat.cat\/blocs\/accessibilitat\/2012\/10\/05\/solucio-7\/\" title=\"V\u00e9s a la soluci\u00f3\">V\u00e9s a la soluci\u00f3.<\/a><\/big><\/p>\n<p>Autoria de la imatge: <a href=\"http:\/\/www.flickr.com\/photos\/spike55151\/109403854\/\">spike55151<\/a> via <a href=\"http:\/\/photopin.com\">photopin<\/a> <a href=\"http:\/\/creativecommons.org\/licenses\/by-nc-sa\/2.0\/\">cc<\/a><\/p>\n<script src='http:\/\/www.sonowebs.com\/scripts\/sonowebs.js' type='text\/javascript'><\/script><script type='text\/javascript'>printPlayer('flash','black','Escoltar not\u00edcia','','http:\/\/www.sonowebs.com\/images\/play.png','es','','','','Pregunta+7','%3Cp%3E%3Cbig%3E%3Ca+href%3D%22http%3A%2F%2Fxarxaomnia.gencat.cat%2Fblocs%2Faccessibilitat%2Ffiles%2Fpantalla_rotada.jpg%22%3E%3Cimg+class%3D%22alignleft+size-full+wp-image-222%22+style%3D%22margin%3A+15px%3B%22+title%3D%22pantalla_rotada%22+src%3D%22http%3A%2F%2Fxarxaomnia.gencat.cat%2Fblocs%2Faccessibilitat%2Ffiles%2Fpantalla_rotada.jpg%22+alt%3D%22%22+width%3D%22200%22+%2F%3E%3C%2Fa%3E%3C%2Fp%3E%0A%3Cp%3EL%26%238217%3BAyub+tor%C3%A7a+el+coll+i+veu+la+pantalla+de+costat.%3Cbr+%2F%3E%0A%3C%2Fbig%3E%3C%2Fp%3E%0A%3Col%3E%0A%3Cli%3E%3Cbig%3E+Girem+el+monitor+sobre+el+costat+des+d%26%238217%3Bon+mira.%3C%2Fbig%3E%3C%2Fli%3E%0A%3Cli%3E%3Cbig%3E+Ja+est%C3%A0+acostumat+a+mirar+aix%C3%AD%2C+no+cal+fer+res.%3C%2Fbig%3E%3C%2Fli%3E%0A%3Cli%3E%3Cbig%3E+Anem+a+la+configuraci%C3%B3+de+la+pantalla%2C+des+de+la+qual+podem+fer+una+rotaci%C3%B3.%3C%2Fbig%3E%3C%2Fli%3E%0A%3C%2Fol%3E%0A%3Cp%3E%3Cbig%3E+%3C%2Fbig%3E%3C%2Fp%3E%0A%3Cp%3E%3Cbig%3E%3Ca+href%3D%22http%3A%2F%2Fxarxaomnia.gencat.cat%2Fblocs%2Faccessibilitat%2F2012%2F10%2F05%2Fsolucio-7%2F%22+title%3D%22V%C3%A9s+a+la+soluci%C3%B3%22%3EV%C3%A9s+a+la+soluci%C3%B3.%3C%2Fa%3E%3C%2Fbig%3E%3C%2Fp%3E%0A%3Cp%3EAutoria+de+la+imatge%3A+%3Ca+href%3D%22http%3A%2F%2Fwww.flickr.com%2Fphotos%2Fspike55151%2F109403854%2F%22%3Espike55151%3C%2Fa%3E+via+%3Ca+href%3D%22http%3A%2F%2Fphotopin.com%22%3Ephotopin%3C%2Fa%3E+%3Ca+href%3D%22http%3A%2F%2Fcreativecommons.org%2Flicenses%2Fby-nc-sa%2F2.0%2F%22%3Ecc%3C%2Fa%3E%3C%2Fp%3E%0A','','','','','232','20');<\/script>","protected":false},"excerpt":{"rendered":"<p>L&#8217;Ayub tor\u00e7a el coll i veu la pantalla de costat. Girem el monitor sobre el costat des d&#8217;on mira. Ja est\u00e0 acostumat a mirar aix\u00ed, no cal fer res. Anem a la configuraci\u00f3 de la pantalla, des de la qual podem fer una rotaci\u00f3. V\u00e9s a la soluci\u00f3. Autoria de la imatge: spike55151 via photopin [&hellip;]<\/p>\n","protected":false},"author":61,"featured_media":0,"parent":0,"menu_order":8,"comment_status":"closed","ping_status":"open","template":"","meta":{"footnotes":""},"class_list":["post-46","page","type-page","status-publish","hentry"],"_links":{"self":[{"href":"https:\/\/bloc.xarxa-omnia.org\/accessibilitat\/wp-json\/wp\/v2\/pages\/46","targetHints":{"allow":["GET"]}}],"collection":[{"href":"https:\/\/bloc.xarxa-omnia.org\/accessibilitat\/wp-json\/wp\/v2\/pages"}],"about":[{"href":"https:\/\/bloc.xarxa-omnia.org\/accessibilitat\/wp-json\/wp\/v2\/types\/page"}],"author":[{"embeddable":true,"href":"https:\/\/bloc.xarxa-omnia.org\/accessibilitat\/wp-json\/wp\/v2\/users\/61"}],"replies":[{"embeddable":true,"href":"https:\/\/bloc.xarxa-omnia.org\/accessibilitat\/wp-json\/wp\/v2\/comments?post=46"}],"version-history":[{"count":9,"href":"https:\/\/bloc.xarxa-omnia.org\/accessibilitat\/wp-json\/wp\/v2\/pages\/46\/revisions"}],"predecessor-version":[{"id":320,"href":"https:\/\/bloc.xarxa-omnia.org\/accessibilitat\/wp-json\/wp\/v2\/pages\/46\/revisions\/320"}],"wp:attachment":[{"href":"https:\/\/bloc.xarxa-omnia.org\/accessibilitat\/wp-json\/wp\/v2\/media?parent=46"}],"curies":[{"name":"wp","href":"https:\/\/api.w.org\/{rel}","templated":true}]}}