{"id":49,"date":"2012-10-05T14:53:37","date_gmt":"2012-10-05T12:53:37","guid":{"rendered":"http:\/\/xarxaomnia.gencat.cat\/blocs\/accessibilitat\/?page_id=49"},"modified":"2012-11-07T18:57:28","modified_gmt":"2012-11-07T16:57:28","slug":"pregunta-8","status":"publish","type":"page","link":"https:\/\/bloc.xarxa-omnia.org\/accessibilitat\/pregunta-8\/","title":{"rendered":"Pregunta 8"},"content":{"rendered":"<p><a href=\"http:\/\/xarxaomnia.gencat.cat\/blocs\/accessibilitat\/files\/teclejant.jpg\"><img decoding=\"async\" class=\"alignleft size-full wp-image-233\" style=\"margin: 15px 5px;\" title=\"Mans d'home teclejant\" src=\"http:\/\/xarxaomnia.gencat.cat\/blocs\/accessibilitat\/files\/teclejant.jpg\" alt=\"Mans d'home teclejant\" width=\"300\" srcset=\"https:\/\/bloc.xarxa-omnia.org\/accessibilitat\/files\/teclejant.jpg 500w, https:\/\/bloc.xarxa-omnia.org\/accessibilitat\/files\/teclejant-300x199.jpg 300w\" sizes=\"(max-width: 500px) 100vw, 500px\" \/><\/a><big><\/big><\/p>\n<p><big>A l&#8217;Esteban li agrada molt enviar e-mails als seus n\u00e9ts. \u00daltimament, per\u00f2, li tremolen una mica les mans i <strong>tecleja diversos cops la mateixa lletra<\/strong> sense voler. Hi ha alguna manera d&#8217;ajudar-lo?<\/big><\/p>\n<ol>\n<li><big> \u00c9s millor que utilitzi el tel\u00e8fon.<\/big><\/li>\n<li><big> Li escrivim nosaltres el correu electr\u00f2nic mentre l&#8217;Esteban dicta.<\/big><\/li>\n<li><big> Li expliquem qu\u00e8 s\u00f3n les tecles lentes o de salt, i com les pot activar a l&#8217;ordinador.<\/big><\/li>\n<\/ol>\n<p><big> <\/big><\/p>\n<p><big><big><a title=\"V\u00e9s a la soluci\u00f3\" href=\"http:\/\/xarxaomnia.gencat.cat\/blocs\/accessibilitat\/2012\/10\/05\/solucio-8\/\">V\u00e9s a la soluci\u00f3.<\/a><\/big><\/big><\/p>\n<p>Autoria de la imatge: <a href=\"http:\/\/www.flickr.com\/photos\/rachel-johnson\/4298911131\/\">racheocity<\/a> via <a href=\"http:\/\/photopin.com\">photopin<\/a> <a href=\"http:\/\/creativecommons.org\/licenses\/by-nd\/2.0\/\">cc<\/a><\/p>\n<script src='http:\/\/www.sonowebs.com\/scripts\/sonowebs.js' type='text\/javascript'><\/script><script type='text\/javascript'>printPlayer('flash','black','Escoltar not\u00edcia','','http:\/\/www.sonowebs.com\/images\/play.png','es','','','','Pregunta+8','%3Cp%3E%3Ca+href%3D%22http%3A%2F%2Fxarxaomnia.gencat.cat%2Fblocs%2Faccessibilitat%2Ffiles%2Fteclejant.jpg%22%3E%3Cimg+class%3D%22alignleft+size-full+wp-image-233%22+style%3D%22margin%3A+15px+5px%3B%22+title%3D%22Mans+d%27home+teclejant%22+src%3D%22http%3A%2F%2Fxarxaomnia.gencat.cat%2Fblocs%2Faccessibilitat%2Ffiles%2Fteclejant.jpg%22+alt%3D%22Mans+d%27home+teclejant%22+width%3D%22300%22+%2F%3E%3C%2Fa%3E%3Cbig%3E%3C%2Fbig%3E%3C%2Fp%3E%0A%3Cp%3E%3Cbig%3EA+l%26%238217%3BEsteban+li+agrada+molt+enviar+e-mails+als+seus+n%C3%A9ts.+%C3%9Altimament%2C+per%C3%B2%2C+li+tremolen+una+mica+les+mans+i+%3Cstrong%3Etecleja+diversos+cops+la+mateixa+lletra%3C%2Fstrong%3E+sense+voler.+Hi+ha+alguna+manera+d%26%238217%3Bajudar-lo%3F%3C%2Fbig%3E%3C%2Fp%3E%0A%3Col%3E%0A%3Cli%3E%3Cbig%3E+%C3%89s+millor+que+utilitzi+el+tel%C3%A8fon.%3C%2Fbig%3E%3C%2Fli%3E%0A%3Cli%3E%3Cbig%3E+Li+escrivim+nosaltres+el+correu+electr%C3%B2nic+mentre+l%26%238217%3BEsteban+dicta.%3C%2Fbig%3E%3C%2Fli%3E%0A%3Cli%3E%3Cbig%3E+Li+expliquem+qu%C3%A8+s%C3%B3n+les+tecles+lentes+o+de+salt%2C+i+com+les+pot+activar+a+l%26%238217%3Bordinador.%3C%2Fbig%3E%3C%2Fli%3E%0A%3C%2Fol%3E%0A%3Cp%3E%3Cbig%3E+%3C%2Fbig%3E%3C%2Fp%3E%0A%3Cp%3E%3Cbig%3E%3Cbig%3E%3Ca+title%3D%22V%C3%A9s+a+la+soluci%C3%B3%22+href%3D%22http%3A%2F%2Fxarxaomnia.gencat.cat%2Fblocs%2Faccessibilitat%2F2012%2F10%2F05%2Fsolucio-8%2F%22%3EV%C3%A9s+a+la+soluci%C3%B3.%3C%2Fa%3E%3C%2Fbig%3E%3C%2Fbig%3E%3C%2Fp%3E%0A%3Cp%3EAutoria+de+la+imatge%3A+%3Ca+href%3D%22http%3A%2F%2Fwww.flickr.com%2Fphotos%2Frachel-johnson%2F4298911131%2F%22%3Eracheocity%3C%2Fa%3E+via+%3Ca+href%3D%22http%3A%2F%2Fphotopin.com%22%3Ephotopin%3C%2Fa%3E+%3Ca+href%3D%22http%3A%2F%2Fcreativecommons.org%2Flicenses%2Fby-nd%2F2.0%2F%22%3Ecc%3C%2Fa%3E%3C%2Fp%3E%0A','','','','','232','20');<\/script>","protected":false},"excerpt":{"rendered":"<p>A l&#8217;Esteban li agrada molt enviar e-mails als seus n\u00e9ts. \u00daltimament, per\u00f2, li tremolen una mica les mans i tecleja diversos cops la mateixa lletra sense voler. Hi ha alguna manera d&#8217;ajudar-lo? \u00c9s millor que utilitzi el tel\u00e8fon. Li escrivim nosaltres el correu electr\u00f2nic mentre l&#8217;Esteban dicta. Li expliquem qu\u00e8 s\u00f3n les tecles lentes o [&hellip;]<\/p>\n","protected":false},"author":61,"featured_media":0,"parent":0,"menu_order":9,"comment_status":"closed","ping_status":"open","template":"","meta":{"footnotes":""},"class_list":["post-49","page","type-page","status-publish","hentry"],"_links":{"self":[{"href":"https:\/\/bloc.xarxa-omnia.org\/accessibilitat\/wp-json\/wp\/v2\/pages\/49","targetHints":{"allow":["GET"]}}],"collection":[{"href":"https:\/\/bloc.xarxa-omnia.org\/accessibilitat\/wp-json\/wp\/v2\/pages"}],"about":[{"href":"https:\/\/bloc.xarxa-omnia.org\/accessibilitat\/wp-json\/wp\/v2\/types\/page"}],"author":[{"embeddable":true,"href":"https:\/\/bloc.xarxa-omnia.org\/accessibilitat\/wp-json\/wp\/v2\/users\/61"}],"replies":[{"embeddable":true,"href":"https:\/\/bloc.xarxa-omnia.org\/accessibilitat\/wp-json\/wp\/v2\/comments?post=49"}],"version-history":[{"count":16,"href":"https:\/\/bloc.xarxa-omnia.org\/accessibilitat\/wp-json\/wp\/v2\/pages\/49\/revisions"}],"predecessor-version":[{"id":323,"href":"https:\/\/bloc.xarxa-omnia.org\/accessibilitat\/wp-json\/wp\/v2\/pages\/49\/revisions\/323"}],"wp:attachment":[{"href":"https:\/\/bloc.xarxa-omnia.org\/accessibilitat\/wp-json\/wp\/v2\/media?parent=49"}],"curies":[{"name":"wp","href":"https:\/\/api.w.org\/{rel}","templated":true}]}}