{"id":53,"date":"2012-10-05T14:55:46","date_gmt":"2012-10-05T12:55:46","guid":{"rendered":"http:\/\/xarxaomnia.gencat.cat\/blocs\/accessibilitat\/?page_id=53"},"modified":"2012-11-07T18:59:24","modified_gmt":"2012-11-07T16:59:24","slug":"pregunta-9","status":"publish","type":"page","link":"https:\/\/bloc.xarxa-omnia.org\/accessibilitat\/pregunta-9\/","title":{"rendered":"Pregunta 9"},"content":{"rendered":"<p><a href=\"http:\/\/xarxaomnia.gencat.cat\/blocs\/accessibilitat\/files\/altaveu.jpg\"><img decoding=\"async\" class=\"alignleft size-full wp-image-253\" style=\"margin-right: 20px; margin-left: 15px;\" title=\"altaveu\" src=\"http:\/\/xarxaomnia.gencat.cat\/blocs\/accessibilitat\/files\/altaveu.jpg\" alt=\"Imatge d'un altaveu\" width=\"250\" srcset=\"https:\/\/bloc.xarxa-omnia.org\/accessibilitat\/files\/altaveu.jpg 500w, https:\/\/bloc.xarxa-omnia.org\/accessibilitat\/files\/altaveu-150x150.jpg 150w, https:\/\/bloc.xarxa-omnia.org\/accessibilitat\/files\/altaveu-300x300.jpg 300w\" sizes=\"(max-width: 500px) 100vw, 500px\" \/><\/a><big><\/big><\/p>\n<p><big>La F\u00e0tima ens explica que t\u00e9 problemes d&#8217;audici\u00f3, a casa seva t\u00e9 l&#8217;ordinador configurat amb alertes visuals que reemplacen els sons del sistema.<\/big><\/p>\n<ol>\n<li><big> Li donem exercicis per fer a casa.<\/big><\/li>\n<li><big> Li proposem que porti el seu ordinador quan vingui al punt.<\/big><\/li>\n<li><big> Li ajudo a configurar les alertes visuals al tauler de control o les prefer\u00e8ncies de so.<\/big><\/li>\n<\/ol>\n<p><big> <\/big><\/p>\n<p><big><big><a title=\"V\u00e9s a la soluci\u00f3\" href=\"http:\/\/xarxaomnia.gencat.cat\/blocs\/accessibilitat\/2012\/10\/05\/solucio-9\/\">V\u00e9s a la soluci\u00f3<\/a>.<\/big><\/big><\/p>\n<p>Autoria de la imatge: <a href=\"http:\/\/www.flickr.com\/photos\/kevindean\/4200937765\/\">kevindean<\/a> via <a href=\"http:\/\/photopin.com\">photopin<\/a> <a href=\"http:\/\/creativecommons.org\/licenses\/by-nc-sa\/2.0\/\">cc<\/a><\/p>\n<script src='http:\/\/www.sonowebs.com\/scripts\/sonowebs.js' type='text\/javascript'><\/script><script type='text\/javascript'>printPlayer('flash','black','Escoltar not\u00edcia','','http:\/\/www.sonowebs.com\/images\/play.png','es','','','','Pregunta+9','%3Cp%3E%3Ca+href%3D%22http%3A%2F%2Fxarxaomnia.gencat.cat%2Fblocs%2Faccessibilitat%2Ffiles%2Faltaveu.jpg%22%3E%3Cimg+class%3D%22alignleft+size-full+wp-image-253%22+style%3D%22margin-right%3A+20px%3B+margin-left%3A+15px%3B%22+title%3D%22altaveu%22+src%3D%22http%3A%2F%2Fxarxaomnia.gencat.cat%2Fblocs%2Faccessibilitat%2Ffiles%2Faltaveu.jpg%22+alt%3D%22Imatge+d%27un+altaveu%22+width%3D%22250%22+%2F%3E%3C%2Fa%3E%3Cbig%3E%3C%2Fbig%3E%3C%2Fp%3E%0A%3Cp%3E%3Cbig%3ELa+F%C3%A0tima+ens+explica+que+t%C3%A9+problemes+d%26%238217%3Baudici%C3%B3%2C+a+casa+seva+t%C3%A9+l%26%238217%3Bordinador+configurat+amb+alertes+visuals+que+reemplacen+els+sons+del+sistema.%3C%2Fbig%3E%3C%2Fp%3E%0A%3Col%3E%0A%3Cli%3E%3Cbig%3E+Li+donem+exercicis+per+fer+a+casa.%3C%2Fbig%3E%3C%2Fli%3E%0A%3Cli%3E%3Cbig%3E+Li+proposem+que+porti+el+seu+ordinador+quan+vingui+al+punt.%3C%2Fbig%3E%3C%2Fli%3E%0A%3Cli%3E%3Cbig%3E+Li+ajudo+a+configurar+les+alertes+visuals+al+tauler+de+control+o+les+prefer%C3%A8ncies+de+so.%3C%2Fbig%3E%3C%2Fli%3E%0A%3C%2Fol%3E%0A%3Cp%3E%3Cbig%3E+%3C%2Fbig%3E%3C%2Fp%3E%0A%3Cp%3E%3Cbig%3E%3Cbig%3E%3Ca+title%3D%22V%C3%A9s+a+la+soluci%C3%B3%22+href%3D%22http%3A%2F%2Fxarxaomnia.gencat.cat%2Fblocs%2Faccessibilitat%2F2012%2F10%2F05%2Fsolucio-9%2F%22%3EV%C3%A9s+a+la+soluci%C3%B3%3C%2Fa%3E.%3C%2Fbig%3E%3C%2Fbig%3E%3C%2Fp%3E%0A%3Cp%3EAutoria+de+la+imatge%3A+%3Ca+href%3D%22http%3A%2F%2Fwww.flickr.com%2Fphotos%2Fkevindean%2F4200937765%2F%22%3Ekevindean%3C%2Fa%3E+via+%3Ca+href%3D%22http%3A%2F%2Fphotopin.com%22%3Ephotopin%3C%2Fa%3E+%3Ca+href%3D%22http%3A%2F%2Fcreativecommons.org%2Flicenses%2Fby-nc-sa%2F2.0%2F%22%3Ecc%3C%2Fa%3E%3C%2Fp%3E%0A','','','','','232','20');<\/script>","protected":false},"excerpt":{"rendered":"<p>La F\u00e0tima ens explica que t\u00e9 problemes d&#8217;audici\u00f3, a casa seva t\u00e9 l&#8217;ordinador configurat amb alertes visuals que reemplacen els sons del sistema. Li donem exercicis per fer a casa. Li proposem que porti el seu ordinador quan vingui al punt. Li ajudo a configurar les alertes visuals al tauler de control o les prefer\u00e8ncies [&hellip;]<\/p>\n","protected":false},"author":61,"featured_media":0,"parent":0,"menu_order":10,"comment_status":"closed","ping_status":"open","template":"","meta":{"footnotes":""},"class_list":["post-53","page","type-page","status-publish","hentry"],"_links":{"self":[{"href":"https:\/\/bloc.xarxa-omnia.org\/accessibilitat\/wp-json\/wp\/v2\/pages\/53","targetHints":{"allow":["GET"]}}],"collection":[{"href":"https:\/\/bloc.xarxa-omnia.org\/accessibilitat\/wp-json\/wp\/v2\/pages"}],"about":[{"href":"https:\/\/bloc.xarxa-omnia.org\/accessibilitat\/wp-json\/wp\/v2\/types\/page"}],"author":[{"embeddable":true,"href":"https:\/\/bloc.xarxa-omnia.org\/accessibilitat\/wp-json\/wp\/v2\/users\/61"}],"replies":[{"embeddable":true,"href":"https:\/\/bloc.xarxa-omnia.org\/accessibilitat\/wp-json\/wp\/v2\/comments?post=53"}],"version-history":[{"count":10,"href":"https:\/\/bloc.xarxa-omnia.org\/accessibilitat\/wp-json\/wp\/v2\/pages\/53\/revisions"}],"predecessor-version":[{"id":325,"href":"https:\/\/bloc.xarxa-omnia.org\/accessibilitat\/wp-json\/wp\/v2\/pages\/53\/revisions\/325"}],"wp:attachment":[{"href":"https:\/\/bloc.xarxa-omnia.org\/accessibilitat\/wp-json\/wp\/v2\/media?parent=53"}],"curies":[{"name":"wp","href":"https:\/\/api.w.org\/{rel}","templated":true}]}}