{"id":6,"date":"2012-10-03T19:17:18","date_gmt":"2012-10-03T17:17:18","guid":{"rendered":"http:\/\/xarxaomnia.gencat.cat\/blocs\/accessibilitat\/?page_id=6"},"modified":"2012-11-07T18:11:59","modified_gmt":"2012-11-07T16:11:59","slug":"per-que-fer-aquesta-activitat","status":"publish","type":"page","link":"https:\/\/bloc.xarxa-omnia.org\/accessibilitat\/per-que-fer-aquesta-activitat\/","title":{"rendered":"Per qu\u00e8 fer aquesta activitat?"},"content":{"rendered":"<p><img decoding=\"async\" class=\"alignleft\" title=\"Imatge d'unes escales i un s\u00edmbol de persona en cadira de rodes a dalt del tot\" src=\"http:\/\/farm1.staticflickr.com\/54\/134965787_cd8953fac2.jpg\" alt=\"Imatge d'unes escales i un s\u00edmbol de persona en cadira de rodes a dalt del tot\" width=\"300\" \/><big>Molts cops, les persones amb discapacitat es troben amb entrebancs cada dia.<\/big><\/p>\n<p><big> Fins i tot, utilitzar l&#8217;ordinador pot ser tot un repte no sols per entendre com funciona un programa o l&#8217;ordinador mateix, sin\u00f3 tamb\u00e9 per adaptar-lo a les necessitats de cada persona. <\/big><\/p>\n<p><big>Aquesta activitat \u00e9s un exercici sobre accions quotidianes que fem amb l&#8217;ordinador:<\/big><\/p>\n<p><big> <\/p>\n<ul>\n<li> D&#8217;una banda, reflexionarem sobre les <strong>barreres<\/strong> que es pot trobar una persona amb discapacitat,<\/li>\n<li> i de l&#8217;altra, imaginarem situacions concretes en qu\u00e8 hem de cercar <strong>solucions<\/strong> per ajudar-nos a fer servir l&#8217;ordinador.<\/li>\n<\/ul>\n<p><\/big><\/p>\n<p><big>T&#8217;imagines algunes d&#8217;aquestes situacions? <\/big><\/p>\n<p><big>Coneixes les opcions per canviar les configuracions de l&#8217;ordinador per qu\u00e8 sigui m\u00e9s accessible? <\/big><\/p>\n<p><big>Imagina que fas suport al dinamitzador del teu \u00d2mnia amb la gent que hi arriba al punt. Respon les <a title=\"V\u00e9s a la primera pregunta del test\" href=\"http:\/\/xarxaomnia.gencat.cat\/blocs\/accessibilitat\/pregunta-1\/\" lang=\"ca\">preguntes seg\u00fcents<\/a> i <a href=\"http:\/\/xarxaomnia.gencat.cat\/blocs\/accessibilitat\/desa-el-teu-comentari\/\" title=\"Escriu un comentari\" lang=\"ca\">proposa noves alternatives!<\/a><\/big><\/p>\n<script src='http:\/\/www.sonowebs.com\/scripts\/sonowebs.js' type='text\/javascript'><\/script><script type='text\/javascript'>printPlayer('flash','black','Escoltar not\u00edcia','','http:\/\/www.sonowebs.com\/images\/play.png','es','','','','Per+qu%C3%A8+fer+aquesta+activitat%3F','%3Cp%3E%3Cimg+class%3D%22alignleft%22+title%3D%22Imatge+d%27unes+escales+i+un+s%C3%ADmbol+de+persona+en+cadira+de+rodes+a+dalt+del+tot%22+src%3D%22http%3A%2F%2Ffarm1.staticflickr.com%2F54%2F134965787_cd8953fac2.jpg%22+alt%3D%22Imatge+d%27unes+escales+i+un+s%C3%ADmbol+de+persona+en+cadira+de+rodes+a+dalt+del+tot%22+width%3D%22300%22+%2F%3E%3Cbig%3EMolts+cops%2C+les+persones+amb+discapacitat+es+troben+amb+entrebancs+cada+dia.%3C%2Fbig%3E%3C%2Fp%3E%0A%3Cp%3E%3Cbig%3E+Fins+i+tot%2C+utilitzar+l%26%238217%3Bordinador+pot+ser+tot+un+repte+no+sols+per+entendre+com+funciona+un+programa+o+l%26%238217%3Bordinador+mateix%2C+sin%C3%B3+tamb%C3%A9+per+adaptar-lo+a+les+necessitats+de+cada+persona.+%3C%2Fbig%3E%3C%2Fp%3E%0A%3Cp%3E%3Cbig%3EAquesta+activitat+%C3%A9s+un+exercici+sobre+accions+quotidianes+que+fem+amb+l%26%238217%3Bordinador%3A%3C%2Fbig%3E%3C%2Fp%3E%0A%3Cp%3E%3Cbig%3E+%3C%2Fp%3E%0A%3Cul%3E%0A%3Cli%3E+D%26%238217%3Buna+banda%2C+reflexionarem+sobre+les+%3Cstrong%3Ebarreres%3C%2Fstrong%3E+que+es+pot+trobar+una+persona+amb+discapacitat%2C%3C%2Fli%3E%0A%3Cli%3E+i+de+l%26%238217%3Baltra%2C+imaginarem+situacions+concretes+en+qu%C3%A8+hem+de+cercar+%3Cstrong%3Esolucions%3C%2Fstrong%3E+per+ajudar-nos+a+fer+servir+l%26%238217%3Bordinador.%3C%2Fli%3E%0A%3C%2Ful%3E%0A%3Cp%3E%3C%2Fbig%3E%3C%2Fp%3E%0A%3Cp%3E%3Cbig%3ET%26%238217%3Bimagines+algunes+d%26%238217%3Baquestes+situacions%3F+%3C%2Fbig%3E%3C%2Fp%3E%0A%3Cp%3E%3Cbig%3EConeixes+les+opcions+per+canviar+les+configuracions+de+l%26%238217%3Bordinador+per+qu%C3%A8+sigui+m%C3%A9s+accessible%3F+%3C%2Fbig%3E%3C%2Fp%3E%0A%3Cp%3E%3Cbig%3EImagina+que+fas+suport+al+dinamitzador+del+teu+%C3%92mnia+amb+la+gent+que+hi+arriba+al+punt.+Respon+les+%3Ca+title%3D%22V%C3%A9s+a+la+primera+pregunta+del+test%22+href%3D%22http%3A%2F%2Fxarxaomnia.gencat.cat%2Fblocs%2Faccessibilitat%2Fpregunta-1%2F%22+lang%3D%22ca%22%3Epreguntes+seg%C3%BCents%3C%2Fa%3E+i+%3Ca+href%3D%22http%3A%2F%2Fxarxaomnia.gencat.cat%2Fblocs%2Faccessibilitat%2Fdesa-el-teu-comentari%2F%22+title%3D%22Escriu+un+comentari%22+lang%3D%22ca%22%3Eproposa+noves+alternatives%21%3C%2Fa%3E%3C%2Fbig%3E%3C%2Fp%3E%0A','','','','','232','20');<\/script>","protected":false},"excerpt":{"rendered":"<p>Molts cops, les persones amb discapacitat es troben amb entrebancs cada dia. Fins i tot, utilitzar l&#8217;ordinador pot ser tot un repte no sols per entendre com funciona un programa o l&#8217;ordinador mateix, sin\u00f3 tamb\u00e9 per adaptar-lo a les necessitats de cada persona. Aquesta activitat \u00e9s un exercici sobre accions quotidianes que fem amb l&#8217;ordinador: [&hellip;]<\/p>\n","protected":false},"author":61,"featured_media":0,"parent":0,"menu_order":0,"comment_status":"closed","ping_status":"open","template":"","meta":{"footnotes":""},"class_list":["post-6","page","type-page","status-publish","hentry"],"_links":{"self":[{"href":"https:\/\/bloc.xarxa-omnia.org\/accessibilitat\/wp-json\/wp\/v2\/pages\/6","targetHints":{"allow":["GET"]}}],"collection":[{"href":"https:\/\/bloc.xarxa-omnia.org\/accessibilitat\/wp-json\/wp\/v2\/pages"}],"about":[{"href":"https:\/\/bloc.xarxa-omnia.org\/accessibilitat\/wp-json\/wp\/v2\/types\/page"}],"author":[{"embeddable":true,"href":"https:\/\/bloc.xarxa-omnia.org\/accessibilitat\/wp-json\/wp\/v2\/users\/61"}],"replies":[{"embeddable":true,"href":"https:\/\/bloc.xarxa-omnia.org\/accessibilitat\/wp-json\/wp\/v2\/comments?post=6"}],"version-history":[{"count":11,"href":"https:\/\/bloc.xarxa-omnia.org\/accessibilitat\/wp-json\/wp\/v2\/pages\/6\/revisions"}],"predecessor-version":[{"id":86,"href":"https:\/\/bloc.xarxa-omnia.org\/accessibilitat\/wp-json\/wp\/v2\/pages\/6\/revisions\/86"}],"wp:attachment":[{"href":"https:\/\/bloc.xarxa-omnia.org\/accessibilitat\/wp-json\/wp\/v2\/media?parent=6"}],"curies":[{"name":"wp","href":"https:\/\/api.w.org\/{rel}","templated":true}]}}