{"id":90,"date":"2012-10-08T13:25:14","date_gmt":"2012-10-08T11:25:14","guid":{"rendered":"http:\/\/xarxaomnia.gencat.cat\/blocs\/accessibilitat\/?page_id=90"},"modified":"2012-11-07T19:05:32","modified_gmt":"2012-11-07T17:05:32","slug":"desa-el-teu-comentari","status":"publish","type":"page","link":"https:\/\/bloc.xarxa-omnia.org\/accessibilitat\/desa-el-teu-comentari\/","title":{"rendered":"Digues-hi la teva!"},"content":{"rendered":"<p><a href=\"http:\/\/xarxaomnia.gencat.cat\/blocs\/accessibilitat\/files\/1349695873_Chat-Bubble.png\"><img loading=\"lazy\" decoding=\"async\" src=\"http:\/\/xarxaomnia.gencat.cat\/blocs\/accessibilitat\/files\/1349695873_Chat-Bubble.png\" alt=\"Dibuix d'una bafarada de c\u00f2mic\" title=\"Dibuix d'una bafarada de c\u00f2mic\" lang=\"ca\" width=\"128\" height=\"128\" class=\"alignleft size-full wp-image-94\" \/><\/a><big>Com ha anat el test?<\/p>\n<p>Vols afegir-hi alguna soluci\u00f3 o alternativa?<\/p>\n<p>Vols escriure la teva opini\u00f3?<\/p>\n<p>Escriu un comentari aqu\u00ed baix perqu\u00e8 tota la Xarxa \u00d2mnia el pugui llegir!<\/big><\/p>\n<script src='http:\/\/www.sonowebs.com\/scripts\/sonowebs.js' type='text\/javascript'><\/script><script type='text\/javascript'>printPlayer('flash','black','Escoltar not\u00edcia','','http:\/\/www.sonowebs.com\/images\/play.png','es','','','','Digues-hi+la+teva%21','%3Cp%3E%3Ca+href%3D%22http%3A%2F%2Fxarxaomnia.gencat.cat%2Fblocs%2Faccessibilitat%2Ffiles%2F1349695873_Chat-Bubble.png%22%3E%3Cimg+src%3D%22http%3A%2F%2Fxarxaomnia.gencat.cat%2Fblocs%2Faccessibilitat%2Ffiles%2F1349695873_Chat-Bubble.png%22+alt%3D%22Dibuix+d%27una+bafarada+de+c%C3%B2mic%22+title%3D%22Dibuix+d%27una+bafarada+de+c%C3%B2mic%22+lang%3D%22ca%22+width%3D%22128%22+height%3D%22128%22+class%3D%22alignleft+size-full+wp-image-94%22+%2F%3E%3C%2Fa%3E%3Cbig%3ECom+ha+anat+el+test%3F%3C%2Fp%3E%0A%3Cp%3EVols+afegir-hi+alguna+soluci%C3%B3+o+alternativa%3F%3C%2Fp%3E%0A%3Cp%3EVols+escriure+la+teva+opini%C3%B3%3F%3C%2Fp%3E%0A%3Cp%3EEscriu+un+comentari+aqu%C3%AD+baix+perqu%C3%A8+tota+la+Xarxa+%C3%92mnia+el+pugui+llegir%21%3C%2Fbig%3E%3C%2Fp%3E%0A','','','','','232','20');<\/script>","protected":false},"excerpt":{"rendered":"<p>Com ha anat el test? Vols afegir-hi alguna soluci\u00f3 o alternativa? Vols escriure la teva opini\u00f3? Escriu un comentari aqu\u00ed baix perqu\u00e8 tota la Xarxa \u00d2mnia el pugui llegir!<\/p>\n","protected":false},"author":61,"featured_media":0,"parent":0,"menu_order":12,"comment_status":"open","ping_status":"open","template":"","meta":{"footnotes":""},"class_list":["post-90","page","type-page","status-publish","hentry"],"_links":{"self":[{"href":"https:\/\/bloc.xarxa-omnia.org\/accessibilitat\/wp-json\/wp\/v2\/pages\/90","targetHints":{"allow":["GET"]}}],"collection":[{"href":"https:\/\/bloc.xarxa-omnia.org\/accessibilitat\/wp-json\/wp\/v2\/pages"}],"about":[{"href":"https:\/\/bloc.xarxa-omnia.org\/accessibilitat\/wp-json\/wp\/v2\/types\/page"}],"author":[{"embeddable":true,"href":"https:\/\/bloc.xarxa-omnia.org\/accessibilitat\/wp-json\/wp\/v2\/users\/61"}],"replies":[{"embeddable":true,"href":"https:\/\/bloc.xarxa-omnia.org\/accessibilitat\/wp-json\/wp\/v2\/comments?post=90"}],"version-history":[{"count":8,"href":"https:\/\/bloc.xarxa-omnia.org\/accessibilitat\/wp-json\/wp\/v2\/pages\/90\/revisions"}],"predecessor-version":[{"id":284,"href":"https:\/\/bloc.xarxa-omnia.org\/accessibilitat\/wp-json\/wp\/v2\/pages\/90\/revisions\/284"}],"wp:attachment":[{"href":"https:\/\/bloc.xarxa-omnia.org\/accessibilitat\/wp-json\/wp\/v2\/media?parent=90"}],"curies":[{"name":"wp","href":"https:\/\/api.w.org\/{rel}","templated":true}]}}