{"id":65,"date":"2009-03-03T19:52:35","date_gmt":"2009-03-03T18:52:35","guid":{"rendered":"http:\/\/xarxaomnia.gencat.cat\/blocs\/activitatsomnia\/inici\/"},"modified":"2016-01-26T12:01:45","modified_gmt":"2016-01-26T11:01:45","slug":"inici","status":"publish","type":"page","link":"https:\/\/bloc.xarxa-omnia.org\/activitatsomnia\/","title":{"rendered":"Inici"},"content":{"rendered":"<p><img decoding=\"async\" src=\"http:\/\/xarxaomnia.gencat.cat\/blocs\/activitatsomnia\/files\/2009\/03\/abney-effect-animation.gif\" alt=\"efecte\" width=\"auto\" height=\"330\" align=\"left\" hspace=\"10\" \/><\/p>\n<p>Est\u00e0s buscant <strong>activitats per aprendre<\/strong> o <strong>millorar<\/strong> les teves <strong>compet\u00e8ncies<\/strong> amb les TIC?<\/p>\n<p>En aquest espai pots cercar activitats<strong> <a href=\"http:\/\/xarxaomnia.gencat.cat\/blocs\/activitatsomnia\/temes\">per temes<\/a><\/strong>, totes alhora en la<strong> <a href=\"http:\/\/xarxaomnia.gencat.cat\/blocs\/activitatsomnia\/totes\">vista completa<\/a><\/strong> o a trav\u00e9s del cercador que t&#8217;ofereix possibilitats de <a href=\"http:\/\/xarxaomnia.gencat.cat\/blocs\/activitatsomnia\/cercador\"><strong>cerca avan\u00e7ada<\/strong>.<\/a><\/p>\n<p>Aprofita els <span style=\"color: #000000;\"><strong>recursos<\/strong><\/span> de Xarxa \u00d2mnia i si vols, proposa&#8217;n de nous!<\/p>\n<h6>A tenir en compte:<\/h6>\n<h6>Algunes activitats van ser creades fa molt de temps i potser que alguns dels enlla\u00e7os externs hagin estat modificats. Tot i aix\u00ed, les activitats estan en funcionament per a qui en vulgui disposar.<\/h6>\n<h6>Qualsevol informaci\u00f3 sobre les activitats i noves propostes dirigiu-vos a:\u00a0 <a href=\"mailto:suport@xarxaomnina.gencat.cat\" target=\"_blank\">suport@xarxaomnia.gencat.cat<\/a><\/h6>\n","protected":false},"excerpt":{"rendered":"<p>Est\u00e0s buscant activitats per aprendre o millorar les teves compet\u00e8ncies amb les TIC? En aquest espai pots cercar activitats per temes, totes alhora en la vista completa o a trav\u00e9s del cercador que t&#8217;ofereix possibilitats de cerca avan\u00e7ada. Aprofita els recursos de Xarxa \u00d2mnia i si vols, proposa&#8217;n de nous! A tenir en compte: Algunes [&hellip;]<\/p>\n","protected":false},"author":61,"featured_media":0,"parent":0,"menu_order":0,"comment_status":"closed","ping_status":"closed","template":"","meta":{"ngg_post_thumbnail":0,"footnotes":""},"class_list":["post-65","page","type-page","status-publish","hentry"],"_links":{"self":[{"href":"https:\/\/bloc.xarxa-omnia.org\/activitatsomnia\/wp-json\/wp\/v2\/pages\/65","targetHints":{"allow":["GET"]}}],"collection":[{"href":"https:\/\/bloc.xarxa-omnia.org\/activitatsomnia\/wp-json\/wp\/v2\/pages"}],"about":[{"href":"https:\/\/bloc.xarxa-omnia.org\/activitatsomnia\/wp-json\/wp\/v2\/types\/page"}],"author":[{"embeddable":true,"href":"https:\/\/bloc.xarxa-omnia.org\/activitatsomnia\/wp-json\/wp\/v2\/users\/61"}],"replies":[{"embeddable":true,"href":"https:\/\/bloc.xarxa-omnia.org\/activitatsomnia\/wp-json\/wp\/v2\/comments?post=65"}],"version-history":[{"count":5,"href":"https:\/\/bloc.xarxa-omnia.org\/activitatsomnia\/wp-json\/wp\/v2\/pages\/65\/revisions"}],"predecessor-version":[{"id":322,"href":"https:\/\/bloc.xarxa-omnia.org\/activitatsomnia\/wp-json\/wp\/v2\/pages\/65\/revisions\/322"}],"wp:attachment":[{"href":"https:\/\/bloc.xarxa-omnia.org\/activitatsomnia\/wp-json\/wp\/v2\/media?parent=65"}],"curies":[{"name":"wp","href":"https:\/\/api.w.org\/{rel}","templated":true}]}}