{"id":73,"date":"2009-03-10T08:51:57","date_gmt":"2009-03-10T07:51:57","guid":{"rendered":"http:\/\/xarxaomnia.gencat.cat\/blocs\/activitatsomnia\/cercador\/"},"modified":"2009-03-10T08:51:57","modified_gmt":"2009-03-10T07:51:57","slug":"cercador","status":"publish","type":"page","link":"https:\/\/bloc.xarxa-omnia.org\/activitatsomnia\/cercador\/","title":{"rendered":"Cercador"},"content":{"rendered":"<p>Introdu\u00efu un terme de cerca o seleccioneu una etiqueta corresponent i premeu el bot\u00f3 [+] per afegir a la recerca. Els resultats apareixeran autom\u00e0ticament a la part inferior de la p\u00e0gina.<\/p>\n","protected":false},"excerpt":{"rendered":"<p>Introdu\u00efu un terme de cerca o seleccioneu una etiqueta corresponent i premeu el bot\u00f3 [+] per afegir a la recerca. Els resultats apareixeran autom\u00e0ticament a la part inferior de la p\u00e0gina.<\/p>\n","protected":false},"author":1,"featured_media":0,"parent":0,"menu_order":0,"comment_status":"open","ping_status":"open","template":"jsearch.php","meta":{"ngg_post_thumbnail":0,"footnotes":""},"class_list":["post-73","page","type-page","status-publish","hentry"],"_links":{"self":[{"href":"https:\/\/bloc.xarxa-omnia.org\/activitatsomnia\/wp-json\/wp\/v2\/pages\/73","targetHints":{"allow":["GET"]}}],"collection":[{"href":"https:\/\/bloc.xarxa-omnia.org\/activitatsomnia\/wp-json\/wp\/v2\/pages"}],"about":[{"href":"https:\/\/bloc.xarxa-omnia.org\/activitatsomnia\/wp-json\/wp\/v2\/types\/page"}],"author":[{"embeddable":true,"href":"https:\/\/bloc.xarxa-omnia.org\/activitatsomnia\/wp-json\/wp\/v2\/users\/1"}],"replies":[{"embeddable":true,"href":"https:\/\/bloc.xarxa-omnia.org\/activitatsomnia\/wp-json\/wp\/v2\/comments?post=73"}],"version-history":[{"count":0,"href":"https:\/\/bloc.xarxa-omnia.org\/activitatsomnia\/wp-json\/wp\/v2\/pages\/73\/revisions"}],"wp:attachment":[{"href":"https:\/\/bloc.xarxa-omnia.org\/activitatsomnia\/wp-json\/wp\/v2\/media?parent=73"}],"curies":[{"name":"wp","href":"https:\/\/api.w.org\/{rel}","templated":true}]}}