{"id":2,"date":"2009-09-01T13:25:24","date_gmt":"2009-09-01T11:25:24","guid":{"rendered":""},"modified":"2009-09-18T10:40:40","modified_gmt":"2009-09-18T08:40:40","slug":"about","status":"publish","type":"page","link":"https:\/\/bloc.xarxa-omnia.org\/aprenem\/","title":{"rendered":"APRENDRE"},"content":{"rendered":"<p>Aprendre ens fa m\u00e9s grans i sempre \u00e9s bon moment per fer-ho!<\/p>\n<p>Et proposem diferents activitats en l\u00ednia que t&#8217;ajudaran a fer-te m\u00e9s gran, et serviran per aprendre coses noves o exercitar les que ja saps! Din\u00e0miques per a la ment, el cos, l&#8217;enginy, la creativitat&#8230;<\/p>\n<p><img loading=\"lazy\" decoding=\"async\" class=\"size-full wp-image-72 alignright\" src=\"http:\/\/xarxaomnia.gencat.cat\/blocs\/aprenem\/files\/2009\/09\/aprenem.png\" alt=\"aprenem\" width=\"530\" height=\"440\" \/>Qu\u00e8 et sembla?<\/p>\n<p>Aprenem?<\/p>\n<p>Si coneixes altres activitats que t&#8217;agradaria compartir?\u00a0 o si vols ensenyar-nos el que has apr\u00e9s&#8230;Deixa els teus comentaris!<\/p>\n<p>Compartirem els uns i amb els altres! I aix\u00ed aprendrem a compartir tamb\u00e9!<\/p>\n","protected":false},"excerpt":{"rendered":"<p>Aprendre ens fa m\u00e9s grans i sempre \u00e9s bon moment per fer-ho! Et proposem diferents activitats en l\u00ednia que t&#8217;ajudaran a fer-te m\u00e9s gran, et serviran per aprendre coses noves o exercitar les que ja saps! Din\u00e0miques per a la ment, el cos, l&#8217;enginy, la creativitat&#8230; Qu\u00e8 et sembla? Aprenem? Si coneixes altres activitats que [&hellip;]<\/p>\n","protected":false},"author":61,"featured_media":0,"parent":0,"menu_order":1,"comment_status":"open","ping_status":"open","template":"","meta":{"ngg_post_thumbnail":0,"footnotes":""},"class_list":["post-2","page","type-page","status-publish","hentry"],"_links":{"self":[{"href":"https:\/\/bloc.xarxa-omnia.org\/aprenem\/wp-json\/wp\/v2\/pages\/2","targetHints":{"allow":["GET"]}}],"collection":[{"href":"https:\/\/bloc.xarxa-omnia.org\/aprenem\/wp-json\/wp\/v2\/pages"}],"about":[{"href":"https:\/\/bloc.xarxa-omnia.org\/aprenem\/wp-json\/wp\/v2\/types\/page"}],"author":[{"embeddable":true,"href":"https:\/\/bloc.xarxa-omnia.org\/aprenem\/wp-json\/wp\/v2\/users\/61"}],"replies":[{"embeddable":true,"href":"https:\/\/bloc.xarxa-omnia.org\/aprenem\/wp-json\/wp\/v2\/comments?post=2"}],"version-history":[{"count":10,"href":"https:\/\/bloc.xarxa-omnia.org\/aprenem\/wp-json\/wp\/v2\/pages\/2\/revisions"}],"predecessor-version":[{"id":3,"href":"https:\/\/bloc.xarxa-omnia.org\/aprenem\/wp-json\/wp\/v2\/pages\/2\/revisions\/3"}],"wp:attachment":[{"href":"https:\/\/bloc.xarxa-omnia.org\/aprenem\/wp-json\/wp\/v2\/media?parent=2"}],"curies":[{"name":"wp","href":"https:\/\/api.w.org\/{rel}","templated":true}]}}