{"id":17,"date":"2012-03-19T13:57:11","date_gmt":"2012-03-19T11:57:11","guid":{"rendered":"http:\/\/blog.xarxa-omnia.org\/badia\/?page_id=17"},"modified":"2016-12-28T11:50:27","modified_gmt":"2016-12-28T10:50:27","slug":"activitats","status":"publish","type":"page","link":"https:\/\/bloc.xarxa-omnia.org\/badia\/activitats\/","title":{"rendered":"Activitats"},"content":{"rendered":"<p><span style=\"color: #000000\">Tots els tallers que oferim s\u00f3n bastant b\u00e0sics, ja que s&#8217;ajusten a l&#8217;objectiu principal del Punt \u00d2mnia: un projecte preventiu i socioeducatiu que tracta de combatre l&#8217;exclusi\u00f3 social.<\/span><\/p>\n<p><span style=\"color: #000000\">Tot seguit us fem una petita descripci\u00f3 de cada taller. Tingueu en compte que no fem tots els tallers cada trimestre. Ens anem adaptant a la demanda que en feu.<br \/>\n<\/span><\/p>\n<ul>\n<li><span style=\"text-decoration: underline\">Iniciaci\u00f3 a la inform\u00e0tica<\/span>: Taller dirigit a persones que vulguin iniciar-se en el m\u00f3n de la inform\u00e0tica. Si no saps posar en marxa l&#8217;ordinador ni moure el ratol\u00ed, aqu\u00ed ho podr\u00e0s aprendre. \u00c9s un taller molt general enfocat a desenvolupar diferents aspectes de l&#8217;ordinador.<\/li>\n<li><span style=\"text-decoration: underline\">Exercitem la mem\u00f2ria<\/span>: Taller dirigit a persones que tinguin una m\u00ednima base d&#8217;inform\u00e0tica. Veurem diferents recursos que podem trobar a la xarxa amb qu\u00e8 podem exercitar la nostra mem\u00f2ria. Farem exercicis de matem\u00e0tiques, laberints, jocs de teclat, memoris, etc.<\/li>\n<li><span style=\"text-decoration: underline\">Coneguem la Xarxa<\/span>: Taller dirigit a persones que tinguin una m\u00ednima base d&#8217;inform\u00e0tica, perqu\u00e8 aprenguin com funcionen els navegadors alhora que poden veure perqu\u00e8 pot fer-se sevir Internet.<\/li>\n<li><span style=\"text-decoration: underline\">Enviem correus<\/span>: Taller dirigit a persones que tinguin una m\u00ednima base d&#8217;inform\u00e0tica, perqu\u00e8 es facin un correu de <em>Gmail<\/em> i aprenguin a utilitzar totes les eines que ofereix.<\/li>\n<li><span style=\"text-decoration: underline\">Xarxes Socials<\/span>: Taller dirigit a persones que tinguin una m\u00ednima base d&#8217;inform\u00e0tica i que a m\u00e9s tinguin un compte de correu electr\u00f2nic. Veureu qu\u00e8 \u00e9s una xarxa social i us ensenyarem a utilitzar-les.<\/li>\n<li><span style=\"text-decoration: underline\">L&#8217;Smartphone i jo<\/span>: Taller dirigit a persones que tinguin un m\u00f2bil intel\u00b7ligent perqu\u00e8 puguin aprendre a fer-lo anar. Solucionarem dubtes que tingueu.<\/li>\n<li><span style=\"text-decoration: underline\">Treballem les fotos (inicial)<\/span>: Taller dirigit a persones que tinguin una m\u00ednima base d&#8217;inform\u00e0tica. Us explicarem com treure les fotos de la c\u00e0mera i del m\u00f2bil i algunes maneres de treballar-les amb eines gratu\u00eftes d&#8217;Internet. Es poden fer diferents activitats: collage, calendaris, retocs&#8230;<\/li>\n<li><span style=\"text-decoration: underline\">Treballem les fotos (avan\u00e7at)<\/span>: Taller dirigit a persones que tinguin una m\u00ednima base d&#8217;inform\u00e0tica. Us parlarem una mica dels diferents tipus de fitxers en qu\u00e8 podem trobar una imatge i aprendrem algunes nocions b\u00e0siques del Gimp. Podem fer un gif animat, collages, muntatges, etc.<\/li>\n<li><span style=\"text-decoration: underline\">Fem el nostre calendari<\/span>: Taller dirigit a persones que tinguin una m\u00ednima base d&#8217;inform\u00e0tica. Aprendrem a fer un calendari partint de zero. Utilitzarem el LibreOffice Calc per fer els calendaris dels dotze mesos de l&#8217;any, amb el Gimp els convertirem en imatge i amb l&#8217;Inkscape muntarem el calendari amb les fotos que volguem.<\/li>\n<li><span style=\"text-decoration: underline\">El teu llibre de receptes<\/span>. Taller dirigit a persones que tinguin una m\u00ednima base d&#8217;inform\u00e0tica. Veureu com funciona el processador de textos del LibreOffice. Us fareu una plantilla i l&#8217;anireu omplint amb receptes de cuina que aniran acompanyades d&#8217;una foto del plat, ja sigui de la vostra c\u00e0mera o d&#8217;Internet.<\/li>\n<li><span style=\"text-decoration: underline\">Gesti\u00f3 d&#8217;arxius<\/span>. Taller dirigit a persones que tinguin una m\u00ednima base d&#8217;inform\u00e0tica. Veureu com passar els arxius del disc dur a un altre dispositiu i viceversa, l&#8217;organitzaci\u00f3 per carpetes, els arxius comprimits, l&#8217;emmagatzematge al n\u00favol&#8230; Resoldrem dubtes que tingueu.<\/li>\n<li><span style=\"text-decoration: underline\">Fem n\u00fameros! (full de c\u00e0lcul)<\/span>. Taller dirigit a persones que tinguin una m\u00ednima base d&#8217;inform\u00e0tica. Veureu com funciona l&#8217;eina dels fulls de c\u00e0lcul del LibreOffice. Podeu utilitzar-la per fer una agenda, la graella d&#8217;un horari, d&#8217;una dieta o per portar els comptes de la casa.<\/li>\n<li><span style=\"text-decoration: underline\">R\u00e0dio\u00a0Badia<\/span>: Espai perqu\u00e8 qualsevol que vulgui participar a R\u00e0dioBadia pugui utilitzar els\u00a0equips per preparar, gravar, muntar i fer aportacions a aquesta r\u00e0dio on-line. Hi poden participar\u00a0joves, adults i gent gran.<\/li>\n<li><span style=\"text-decoration: underline\">Eines per a la recerca de feina<\/span>:\u00a0Espai per fer inserci\u00f3 laboral. S&#8217;explicar\u00e0 com fer el curr\u00edculum, la carta de presentaci\u00f3 i es donar\u00e0 un cop de m\u00e0 en la cerca de feina per Internet.<\/li>\n<li><span style=\"text-decoration: underline\">Acc\u00e9s\u00a0lliure<\/span>: Espai perqu\u00e8 qualsevol que no tingui ordinador a casa o no tingui connexi\u00f3 a\u00a0Internet pugui venir a fer el que necessiti. Hi haur\u00e0 un monitor perqu\u00e8 li puguin consultar dubtes.<\/li>\n<li><span style=\"text-decoration: underline\">Mem\u00f2ria Oral de Badia<\/span>: Espai monitoritzat perqu\u00e8 tot aquell que vulgui i no s\u00e0piga com fer-ho, pugui explicar les seves experi\u00e8ncies hist\u00f2riques al web del projecte &#8220;Arxiu Virtual de la Mem\u00f2ria Oral de Badia&#8221;. Potservir perqu\u00e8 practiquin l&#8217;escriptura amb el teclat.<\/li>\n<li><span style=\"text-decoration: underline\">Inform\u00e0tica adaptada<\/span>: Espai de col\u00b7laboraci\u00f3 amb la Fundaci\u00f3 Tallers perqu\u00e8 aquelles persones amb discapacitats ps\u00edquiques puguin introduir-se en el m\u00f3n inform\u00e0tic o puguin ampliar els seus coneixements b\u00e0sics d&#8217;inform\u00e0tica.<\/li>\n<li><span style=\"text-decoration: underline\">Programa Jugar i Llegir<\/span>: Espai de cooperaci\u00f3 amb el Programa Jugar i Llegir del Casal C\u00edvic de Badia perqu\u00e8 els nens del grup dels grans puguin fer activitats relacionades amb la inform\u00e0tica.<\/li>\n<li><span style=\"text-decoration: underline\">R\u00e0dioBadia per a Joves<\/span>. Taller dirigit a joves d&#8217;entre 10 i 13 anys perqu\u00e8 aprenguin a fer anar l&#8217;ordinador i diferents eines en l\u00ednia mentre preparen contingut per a R\u00e0dioBadia.<\/li>\n<li><span style=\"text-decoration: underline\">Disseny gr\u00e0fic per a joves<\/span>. Taller dirigit a joves d&#8217;entre 10 i 13 anys perqu\u00e8 aprenguin els secrets del disseny gr\u00e0fic de la m\u00e0 d&#8217;un professional. Veuran que, encara que no s\u00e0piguen dibuixar, poden fer fant\u00e0stics dissenys.<\/li>\n<\/ul>\n<p><span style=\"color: #000000\"><strong><span style=\"text-decoration: underline\">Si hi trobes a faltar algun taller, pots fer-nos arribar la teva sugger\u00e8ncia al correu electr\u00f2nic puntomnia@badiadelvalles.org<\/span><\/strong>. Si tenim molta demanda d&#8217;algun taller que no tenim en marxa, podr\u00edem fer algun grup de cara a propers trimestres<\/span>.<\/p>\n","protected":false},"excerpt":{"rendered":"<p>Tots els tallers que oferim s\u00f3n bastant b\u00e0sics, ja que s&#8217;ajusten a l&#8217;objectiu principal del Punt \u00d2mnia: un projecte preventiu i socioeducatiu que tracta de combatre l&#8217;exclusi\u00f3 social. Tot seguit us fem una petita descripci\u00f3 de cada taller. Tingueu en &hellip; <a href=\"https:\/\/bloc.xarxa-omnia.org\/badia\/activitats\/\">Continue reading <span class=\"meta-nav\">&rarr;<\/span><\/a><\/p>\n","protected":false},"author":156,"featured_media":0,"parent":0,"menu_order":0,"comment_status":"closed","ping_status":"open","template":"sidebar-page.php","meta":{"ngg_post_thumbnail":0,"footnotes":""},"class_list":["post-17","page","type-page","status-publish","hentry"],"_links":{"self":[{"href":"https:\/\/bloc.xarxa-omnia.org\/badia\/wp-json\/wp\/v2\/pages\/17","targetHints":{"allow":["GET"]}}],"collection":[{"href":"https:\/\/bloc.xarxa-omnia.org\/badia\/wp-json\/wp\/v2\/pages"}],"about":[{"href":"https:\/\/bloc.xarxa-omnia.org\/badia\/wp-json\/wp\/v2\/types\/page"}],"author":[{"embeddable":true,"href":"https:\/\/bloc.xarxa-omnia.org\/badia\/wp-json\/wp\/v2\/users\/156"}],"replies":[{"embeddable":true,"href":"https:\/\/bloc.xarxa-omnia.org\/badia\/wp-json\/wp\/v2\/comments?post=17"}],"version-history":[{"count":26,"href":"https:\/\/bloc.xarxa-omnia.org\/badia\/wp-json\/wp\/v2\/pages\/17\/revisions"}],"predecessor-version":[{"id":605,"href":"https:\/\/bloc.xarxa-omnia.org\/badia\/wp-json\/wp\/v2\/pages\/17\/revisions\/605"}],"wp:attachment":[{"href":"https:\/\/bloc.xarxa-omnia.org\/badia\/wp-json\/wp\/v2\/media?parent=17"}],"curies":[{"name":"wp","href":"https:\/\/api.w.org\/{rel}","templated":true}]}}