{"id":2,"date":"2012-02-29T11:47:22","date_gmt":"2012-02-29T11:47:22","guid":{"rendered":""},"modified":"2020-06-25T10:35:27","modified_gmt":"2020-06-25T08:35:27","slug":"about","status":"publish","type":"page","link":"https:\/\/bloc.xarxa-omnia.org\/badia\/about\/","title":{"rendered":"Horari"},"content":{"rendered":"<p>L&#8217;horari vigent del Punt \u00d2mnia <strong>del 29 de juny al 29 de juliol <\/strong>\u00e9s el seg\u00fcent:<\/p>\n<p>&nbsp;<\/p>\n<p style=\"text-align: center\"><img loading=\"lazy\" decoding=\"async\" class=\"alignnone size-full wp-image-681\" src=\"http:\/\/bloc.xarxa-omnia.org\/badia\/files\/2020\/06\/Cartell_tallers_estiu_2020_cat-scaled.jpg\" alt=\"\" width=\"1810\" height=\"2560\" srcset=\"https:\/\/bloc.xarxa-omnia.org\/badia\/files\/2020\/06\/Cartell_tallers_estiu_2020_cat-scaled.jpg 1810w, https:\/\/bloc.xarxa-omnia.org\/badia\/files\/2020\/06\/Cartell_tallers_estiu_2020_cat-212x300.jpg 212w, https:\/\/bloc.xarxa-omnia.org\/badia\/files\/2020\/06\/Cartell_tallers_estiu_2020_cat-768x1086.jpg 768w, https:\/\/bloc.xarxa-omnia.org\/badia\/files\/2020\/06\/Cartell_tallers_estiu_2020_cat-1086x1536.jpg 1086w, https:\/\/bloc.xarxa-omnia.org\/badia\/files\/2020\/06\/Cartell_tallers_estiu_2020_cat-1448x2048.jpg 1448w\" sizes=\"auto, (max-width: 1810px) 100vw, 1810px\" \/><\/p>\n\n","protected":false},"excerpt":{"rendered":"<p>L&#8217;horari vigent del Punt \u00d2mnia del 29 de juny al 29 de juliol \u00e9s el seg\u00fcent: &nbsp;<\/p>\n","protected":false},"author":156,"featured_media":0,"parent":0,"menu_order":0,"comment_status":"open","ping_status":"open","template":"sidebar-page.php","meta":{"ngg_post_thumbnail":0,"footnotes":""},"class_list":["post-2","page","type-page","status-publish","hentry"],"_links":{"self":[{"href":"https:\/\/bloc.xarxa-omnia.org\/badia\/wp-json\/wp\/v2\/pages\/2","targetHints":{"allow":["GET"]}}],"collection":[{"href":"https:\/\/bloc.xarxa-omnia.org\/badia\/wp-json\/wp\/v2\/pages"}],"about":[{"href":"https:\/\/bloc.xarxa-omnia.org\/badia\/wp-json\/wp\/v2\/types\/page"}],"author":[{"embeddable":true,"href":"https:\/\/bloc.xarxa-omnia.org\/badia\/wp-json\/wp\/v2\/users\/156"}],"replies":[{"embeddable":true,"href":"https:\/\/bloc.xarxa-omnia.org\/badia\/wp-json\/wp\/v2\/comments?post=2"}],"version-history":[{"count":49,"href":"https:\/\/bloc.xarxa-omnia.org\/badia\/wp-json\/wp\/v2\/pages\/2\/revisions"}],"predecessor-version":[{"id":682,"href":"https:\/\/bloc.xarxa-omnia.org\/badia\/wp-json\/wp\/v2\/pages\/2\/revisions\/682"}],"wp:attachment":[{"href":"https:\/\/bloc.xarxa-omnia.org\/badia\/wp-json\/wp\/v2\/media?parent=2"}],"curies":[{"name":"wp","href":"https:\/\/api.w.org\/{rel}","templated":true}]}}