{"id":215,"date":"2013-12-13T15:03:42","date_gmt":"2013-12-13T13:03:42","guid":{"rendered":"http:\/\/blog.xarxa-omnia.org\/badia\/?page_id=215"},"modified":"2018-05-25T10:45:16","modified_gmt":"2018-05-25T08:45:16","slug":"petit-receptari","status":"publish","type":"page","link":"https:\/\/bloc.xarxa-omnia.org\/badia\/petit-receptari\/","title":{"rendered":"Petit Receptari"},"content":{"rendered":"<p>Aqu\u00ed teniu tots els llibres de la col\u00b7lecci\u00f3 &#8220;Petit receptari&#8221;. Els podeu mirar i descarregar gratis, per\u00f2 tamb\u00e9 teniu la possibilitat d&#8217;encarregar-nos c\u00f2pies en paper. Us deixem el llistat de preus:<\/p>\n<table>\n<tbody>\n<tr>\n<td><\/td>\n<td><strong>Color<\/strong><\/td>\n<td><strong>B\/N<\/strong><\/td>\n<\/tr>\n<tr>\n<td>Petit receptari. Llibre 1<\/td>\n<td>7,50 \u20ac<\/td>\n<td>3,75 \u20ac<\/td>\n<\/tr>\n<tr>\n<td>Petit receptari. Llibre\u00a02<\/td>\n<td>11 \u20ac<\/td>\n<td>5,75 \u20ac<\/td>\n<\/tr>\n<tr>\n<td>Petit receptari. Llibre\u00a03<\/td>\n<td>3,20 \u20ac<\/td>\n<td>1,60 \u20ac<\/td>\n<\/tr>\n<tr>\n<td>Petit receptari. Llibre\u00a04<\/td>\n<td>5,10 \u20ac<\/td>\n<td>2,55 \u20ac<\/td>\n<\/tr>\n<tr>\n<td>Petit receptari. Llibre\u00a05<\/td>\n<td>4,50 \u20ac<\/td>\n<td>2,25 \u20ac<\/td>\n<\/tr>\n<tr>\n<td>Petit receptari. Llibre\u00a06<\/td>\n<td>4,60 \u20ac<\/td>\n<td>2,30 \u20ac<\/td>\n<\/tr>\n<tr>\n<td>Petit receptari. Llibre 7<\/td>\n<td>4,40 \u20ac<\/td>\n<td>2,20 \u20ac<\/td>\n<\/tr>\n<tr>\n<td>Petit receptari. Llibre 8<\/td>\n<td>2,10 \u20ac<\/td>\n<td>1,05 \u20ac<\/td>\n<\/tr>\n<\/tbody>\n<\/table>\n<div id=\"attachment_641\" style=\"width: 1210px\" class=\"wp-caption alignnone\"><a href=\"https:\/\/issuu.com\/omniabadia\/docs\/petit_receptari_8_versi___web\" rel=\"attachment wp-att-641\"><img loading=\"lazy\" decoding=\"async\" aria-describedby=\"caption-attachment-641\" class=\"wp-image-641 size-full\" title=\"Petit receptari. Llibre 8\" src=\"http:\/\/xarxaomnia.gencat.cat\/blocs\/badia\/files\/2013\/12\/collage_PetitReceptari8.jpg\" alt=\"collage_PetitReceptari8\" width=\"1200\" height=\"600\" srcset=\"https:\/\/bloc.xarxa-omnia.org\/badia\/files\/2013\/12\/collage_PetitReceptari8.jpg 1200w, https:\/\/bloc.xarxa-omnia.org\/badia\/files\/2013\/12\/collage_PetitReceptari8-300x150.jpg 300w, https:\/\/bloc.xarxa-omnia.org\/badia\/files\/2013\/12\/collage_PetitReceptari8-768x384.jpg 768w, https:\/\/bloc.xarxa-omnia.org\/badia\/files\/2013\/12\/collage_PetitReceptari8-500x250.jpg 500w\" sizes=\"auto, (max-width: 1200px) 100vw, 1200px\" \/><\/a><p id=\"caption-attachment-641\" class=\"wp-caption-text\">Petit receptari. Llibre 8<\/p><\/div>\n<div id=\"attachment_651\" style=\"width: 1210px\" class=\"wp-caption alignnone\"><a href=\"https:\/\/issuu.com\/omniabadia\/docs\/petit_receptari_7\" rel=\"attachment wp-att-651\"><img loading=\"lazy\" decoding=\"async\" aria-describedby=\"caption-attachment-651\" class=\"wp-image-651 size-full\" src=\"http:\/\/xarxaomnia.gencat.cat\/blocs\/badia\/files\/2013\/12\/collage_PetitReceptari7.jpg\" alt=\"collage_PetitReceptari7\" width=\"1200\" height=\"588\" srcset=\"https:\/\/bloc.xarxa-omnia.org\/badia\/files\/2013\/12\/collage_PetitReceptari7.jpg 1200w, https:\/\/bloc.xarxa-omnia.org\/badia\/files\/2013\/12\/collage_PetitReceptari7-300x147.jpg 300w, https:\/\/bloc.xarxa-omnia.org\/badia\/files\/2013\/12\/collage_PetitReceptari7-768x376.jpg 768w, https:\/\/bloc.xarxa-omnia.org\/badia\/files\/2013\/12\/collage_PetitReceptari7-500x245.jpg 500w\" sizes=\"auto, (max-width: 1200px) 100vw, 1200px\" \/><\/a><p id=\"caption-attachment-651\" class=\"wp-caption-text\">Petit receptari. Llibre 7<\/p><\/div>\n<div id=\"attachment_650\" style=\"width: 1210px\" class=\"wp-caption alignnone\"><a href=\"https:\/\/issuu.com\/omniabadia\/docs\/petit_receptari_6_-_versi___web\" rel=\"attachment wp-att-650\"><img loading=\"lazy\" decoding=\"async\" aria-describedby=\"caption-attachment-650\" class=\"wp-image-650 size-full\" src=\"http:\/\/xarxaomnia.gencat.cat\/blocs\/badia\/files\/2013\/12\/collage_PetitReceptari6.jpg\" alt=\"collage_PetitReceptari6\" width=\"1200\" height=\"600\" srcset=\"https:\/\/bloc.xarxa-omnia.org\/badia\/files\/2013\/12\/collage_PetitReceptari6.jpg 1200w, https:\/\/bloc.xarxa-omnia.org\/badia\/files\/2013\/12\/collage_PetitReceptari6-300x150.jpg 300w, https:\/\/bloc.xarxa-omnia.org\/badia\/files\/2013\/12\/collage_PetitReceptari6-768x384.jpg 768w, https:\/\/bloc.xarxa-omnia.org\/badia\/files\/2013\/12\/collage_PetitReceptari6-500x250.jpg 500w\" sizes=\"auto, (max-width: 1200px) 100vw, 1200px\" \/><\/a><p id=\"caption-attachment-650\" class=\"wp-caption-text\">Petit receptari. Llibre 6<\/p><\/div>\n<div id=\"attachment_649\" style=\"width: 1210px\" class=\"wp-caption alignnone\"><a href=\"https:\/\/issuu.com\/omniabadia\/docs\/petit_receptari_5\" rel=\"attachment wp-att-649\"><img loading=\"lazy\" decoding=\"async\" aria-describedby=\"caption-attachment-649\" class=\"wp-image-649 size-full\" src=\"http:\/\/xarxaomnia.gencat.cat\/blocs\/badia\/files\/2013\/12\/collage_PetitReceptari5.jpg\" alt=\"collage_PetitReceptari5\" width=\"1200\" height=\"612\" srcset=\"https:\/\/bloc.xarxa-omnia.org\/badia\/files\/2013\/12\/collage_PetitReceptari5.jpg 1200w, https:\/\/bloc.xarxa-omnia.org\/badia\/files\/2013\/12\/collage_PetitReceptari5-300x153.jpg 300w, https:\/\/bloc.xarxa-omnia.org\/badia\/files\/2013\/12\/collage_PetitReceptari5-768x392.jpg 768w, https:\/\/bloc.xarxa-omnia.org\/badia\/files\/2013\/12\/collage_PetitReceptari5-500x255.jpg 500w\" sizes=\"auto, (max-width: 1200px) 100vw, 1200px\" \/><\/a><p id=\"caption-attachment-649\" class=\"wp-caption-text\">Petit receptari. Llibre 5<\/p><\/div>\n<div id=\"attachment_648\" style=\"width: 1210px\" class=\"wp-caption alignnone\"><a href=\"https:\/\/issuu.com\/omniabadia\/docs\/petit_receptari_4_-_versi___web\" rel=\"attachment wp-att-648\"><img loading=\"lazy\" decoding=\"async\" aria-describedby=\"caption-attachment-648\" class=\"wp-image-648 size-full\" src=\"http:\/\/xarxaomnia.gencat.cat\/blocs\/badia\/files\/2013\/12\/collage_PetitReceptari4.jpg\" alt=\"collage_PetitReceptari4\" width=\"1200\" height=\"576\" srcset=\"https:\/\/bloc.xarxa-omnia.org\/badia\/files\/2013\/12\/collage_PetitReceptari4.jpg 1200w, https:\/\/bloc.xarxa-omnia.org\/badia\/files\/2013\/12\/collage_PetitReceptari4-300x144.jpg 300w, https:\/\/bloc.xarxa-omnia.org\/badia\/files\/2013\/12\/collage_PetitReceptari4-768x369.jpg 768w, https:\/\/bloc.xarxa-omnia.org\/badia\/files\/2013\/12\/collage_PetitReceptari4-500x240.jpg 500w\" sizes=\"auto, (max-width: 1200px) 100vw, 1200px\" \/><\/a><p id=\"caption-attachment-648\" class=\"wp-caption-text\">Petit receptari. Llibre 4<\/p><\/div>\n<div id=\"attachment_647\" style=\"width: 1210px\" class=\"wp-caption alignnone\"><a href=\"https:\/\/issuu.com\/omniabadia\/docs\/petit_receptari._llibre_3\" rel=\"attachment wp-att-647\"><img loading=\"lazy\" decoding=\"async\" aria-describedby=\"caption-attachment-647\" class=\"wp-image-647 size-full\" src=\"http:\/\/xarxaomnia.gencat.cat\/blocs\/badia\/files\/2013\/12\/collage_PetitReceptari3.jpg\" alt=\"collage_PetitReceptari3\" width=\"1200\" height=\"600\" srcset=\"https:\/\/bloc.xarxa-omnia.org\/badia\/files\/2013\/12\/collage_PetitReceptari3.jpg 1200w, https:\/\/bloc.xarxa-omnia.org\/badia\/files\/2013\/12\/collage_PetitReceptari3-300x150.jpg 300w, https:\/\/bloc.xarxa-omnia.org\/badia\/files\/2013\/12\/collage_PetitReceptari3-768x384.jpg 768w, https:\/\/bloc.xarxa-omnia.org\/badia\/files\/2013\/12\/collage_PetitReceptari3-500x250.jpg 500w\" sizes=\"auto, (max-width: 1200px) 100vw, 1200px\" \/><\/a><p id=\"caption-attachment-647\" class=\"wp-caption-text\">Petit receptari. Llibre 3<\/p><\/div>\n<div id=\"attachment_646\" style=\"width: 1210px\" class=\"wp-caption alignnone\"><a href=\"https:\/\/issuu.com\/omniabadia\/docs\/petit_receptari_2\" rel=\"attachment wp-att-646\"><img loading=\"lazy\" decoding=\"async\" aria-describedby=\"caption-attachment-646\" class=\"wp-image-646 size-full\" src=\"http:\/\/xarxaomnia.gencat.cat\/blocs\/badia\/files\/2013\/12\/collage_PetitReceptari2.jpg\" alt=\"collage_PetitReceptari2\" width=\"1200\" height=\"408\" srcset=\"https:\/\/bloc.xarxa-omnia.org\/badia\/files\/2013\/12\/collage_PetitReceptari2.jpg 1200w, https:\/\/bloc.xarxa-omnia.org\/badia\/files\/2013\/12\/collage_PetitReceptari2-300x102.jpg 300w, https:\/\/bloc.xarxa-omnia.org\/badia\/files\/2013\/12\/collage_PetitReceptari2-768x261.jpg 768w, https:\/\/bloc.xarxa-omnia.org\/badia\/files\/2013\/12\/collage_PetitReceptari2-500x170.jpg 500w\" sizes=\"auto, (max-width: 1200px) 100vw, 1200px\" \/><\/a><p id=\"caption-attachment-646\" class=\"wp-caption-text\">Petit receptari. Llibre 2<\/p><\/div>\n<div id=\"attachment_645\" style=\"width: 1210px\" class=\"wp-caption alignnone\"><a href=\"https:\/\/issuu.com\/omniabadia\/docs\/receptari1\" rel=\"attachment wp-att-645\"><img loading=\"lazy\" decoding=\"async\" aria-describedby=\"caption-attachment-645\" class=\"wp-image-645 size-full\" src=\"http:\/\/xarxaomnia.gencat.cat\/blocs\/badia\/files\/2013\/12\/collage_PetitReceptari1.jpg\" alt=\"collage_PetitReceptari1\" width=\"1200\" height=\"588\" srcset=\"https:\/\/bloc.xarxa-omnia.org\/badia\/files\/2013\/12\/collage_PetitReceptari1.jpg 1200w, https:\/\/bloc.xarxa-omnia.org\/badia\/files\/2013\/12\/collage_PetitReceptari1-300x147.jpg 300w, https:\/\/bloc.xarxa-omnia.org\/badia\/files\/2013\/12\/collage_PetitReceptari1-768x376.jpg 768w, https:\/\/bloc.xarxa-omnia.org\/badia\/files\/2013\/12\/collage_PetitReceptari1-500x245.jpg 500w\" sizes=\"auto, (max-width: 1200px) 100vw, 1200px\" \/><\/a><p id=\"caption-attachment-645\" class=\"wp-caption-text\">Petit receptari. Llibre 1<\/p><\/div>\n","protected":false},"excerpt":{"rendered":"<p>Aqu\u00ed teniu tots els llibres de la col\u00b7lecci\u00f3 &#8220;Petit receptari&#8221;. Els podeu mirar i descarregar gratis, per\u00f2 tamb\u00e9 teniu la possibilitat d&#8217;encarregar-nos c\u00f2pies en paper. Us deixem el llistat de preus: Color B\/N Petit receptari. Llibre 1 7,50 \u20ac 3,75 &hellip; <a href=\"https:\/\/bloc.xarxa-omnia.org\/badia\/petit-receptari\/\">Continue reading <span class=\"meta-nav\">&rarr;<\/span><\/a><\/p>\n","protected":false},"author":156,"featured_media":0,"parent":0,"menu_order":0,"comment_status":"closed","ping_status":"open","template":"sidebar-page.php","meta":{"ngg_post_thumbnail":0,"footnotes":""},"class_list":["post-215","page","type-page","status-publish","hentry"],"_links":{"self":[{"href":"https:\/\/bloc.xarxa-omnia.org\/badia\/wp-json\/wp\/v2\/pages\/215","targetHints":{"allow":["GET"]}}],"collection":[{"href":"https:\/\/bloc.xarxa-omnia.org\/badia\/wp-json\/wp\/v2\/pages"}],"about":[{"href":"https:\/\/bloc.xarxa-omnia.org\/badia\/wp-json\/wp\/v2\/types\/page"}],"author":[{"embeddable":true,"href":"https:\/\/bloc.xarxa-omnia.org\/badia\/wp-json\/wp\/v2\/users\/156"}],"replies":[{"embeddable":true,"href":"https:\/\/bloc.xarxa-omnia.org\/badia\/wp-json\/wp\/v2\/comments?post=215"}],"version-history":[{"count":31,"href":"https:\/\/bloc.xarxa-omnia.org\/badia\/wp-json\/wp\/v2\/pages\/215\/revisions"}],"predecessor-version":[{"id":652,"href":"https:\/\/bloc.xarxa-omnia.org\/badia\/wp-json\/wp\/v2\/pages\/215\/revisions\/652"}],"wp:attachment":[{"href":"https:\/\/bloc.xarxa-omnia.org\/badia\/wp-json\/wp\/v2\/media?parent=215"}],"curies":[{"name":"wp","href":"https:\/\/api.w.org\/{rel}","templated":true}]}}