{"id":24,"date":"2012-03-19T14:28:57","date_gmt":"2012-03-19T12:28:57","guid":{"rendered":"http:\/\/blog.xarxa-omnia.org\/badia\/?page_id=24"},"modified":"2018-01-04T13:18:15","modified_gmt":"2018-01-04T12:18:15","slug":"cessio-despai","status":"publish","type":"page","link":"https:\/\/bloc.xarxa-omnia.org\/badia\/cessio-despai\/","title":{"rendered":"Cessi\u00f3 d&#8217;espai"},"content":{"rendered":"<p>Si la teva entitat vol fer alguna activitat al nostre espai, ens podeu fer arribar el vostre projecte al correu electr\u00f2nic puntomnia@badiadelvalles.org, o b\u00e9 al despatx que la Fundaci\u00f3 C\u00edvica Oreneta del Vall\u00e8s t\u00e9 a l&#8217;Hotel d&#8217;Entitats del Casal C\u00edvic de Badia (Pl. de les Entitats, s\/n, 2a planta, despatx 7).<\/p>\n<p><!-- p { margin-bottom: 0.21cm; } -->Els projectes presentats han de seguir el gui\u00f3 que trobareu al document &#8220;Gui\u00f3 per presentar el projecte&#8221; que trobareu m\u00e9s avall.<\/p>\n<p>Documents que cal tenir en compte (feu-hi clic a l&#8217;idioma per descarregar-los):<\/p>\n<table>\n<tbody>\n<tr>\n<td><span style=\"font-size: medium\">Criteris per a la cessi\u00f3 d&#8217;espai<\/span><\/td>\n<td><span style=\"font-size: medium\"><a href=\"https:\/\/drive.google.com\/open?id=1voopenu739suEB7da0zd9Fw1zrKy-UC8\" target=\"_blank\">catal\u00e0<\/a><\/span><\/td>\n<td><a href=\"https:\/\/drive.google.com\/open?id=1zTnz2QVbV3hcBuKsBL8Mf4Z8xFfBsfBx\" target=\"_blank\">castellano<\/a><\/td>\n<\/tr>\n<tr>\n<td><span style=\"font-size: medium\">Gui\u00f3 per presentar el projecte<\/span><\/td>\n<td><span style=\"font-size: medium\"><a href=\"https:\/\/drive.google.com\/open?id=1RL0bKt0PwYkVTUSHJ697ZHkeJjmEdAhx\" target=\"_blank\">catal\u00e0<\/a><\/span><\/td>\n<td><a href=\"https:\/\/drive.google.com\/open?id=1ON-HlT0x7f56y6EPtiMPL1XVsj8P58yf\" target=\"_blank\">castellano<\/a><\/td>\n<\/tr>\n<\/tbody>\n<\/table>\n<p>&nbsp;<\/p>\n","protected":false},"excerpt":{"rendered":"<p>Si la teva entitat vol fer alguna activitat al nostre espai, ens podeu fer arribar el vostre projecte al correu electr\u00f2nic puntomnia@badiadelvalles.org, o b\u00e9 al despatx que la Fundaci\u00f3 C\u00edvica Oreneta del Vall\u00e8s t\u00e9 a l&#8217;Hotel d&#8217;Entitats del Casal C\u00edvic &hellip; <a href=\"https:\/\/bloc.xarxa-omnia.org\/badia\/cessio-despai\/\">Continue reading <span class=\"meta-nav\">&rarr;<\/span><\/a><\/p>\n","protected":false},"author":156,"featured_media":0,"parent":0,"menu_order":0,"comment_status":"closed","ping_status":"open","template":"sidebar-page.php","meta":{"ngg_post_thumbnail":0,"footnotes":""},"class_list":["post-24","page","type-page","status-publish","hentry"],"_links":{"self":[{"href":"https:\/\/bloc.xarxa-omnia.org\/badia\/wp-json\/wp\/v2\/pages\/24","targetHints":{"allow":["GET"]}}],"collection":[{"href":"https:\/\/bloc.xarxa-omnia.org\/badia\/wp-json\/wp\/v2\/pages"}],"about":[{"href":"https:\/\/bloc.xarxa-omnia.org\/badia\/wp-json\/wp\/v2\/types\/page"}],"author":[{"embeddable":true,"href":"https:\/\/bloc.xarxa-omnia.org\/badia\/wp-json\/wp\/v2\/users\/156"}],"replies":[{"embeddable":true,"href":"https:\/\/bloc.xarxa-omnia.org\/badia\/wp-json\/wp\/v2\/comments?post=24"}],"version-history":[{"count":7,"href":"https:\/\/bloc.xarxa-omnia.org\/badia\/wp-json\/wp\/v2\/pages\/24\/revisions"}],"predecessor-version":[{"id":77,"href":"https:\/\/bloc.xarxa-omnia.org\/badia\/wp-json\/wp\/v2\/pages\/24\/revisions\/77"}],"wp:attachment":[{"href":"https:\/\/bloc.xarxa-omnia.org\/badia\/wp-json\/wp\/v2\/media?parent=24"}],"curies":[{"name":"wp","href":"https:\/\/api.w.org\/{rel}","templated":true}]}}