{"id":571,"date":"2016-02-26T14:22:23","date_gmt":"2016-02-26T13:22:23","guid":{"rendered":"http:\/\/xarxaomnia.gencat.cat\/blocs\/badia\/?page_id=571"},"modified":"2017-01-05T09:36:00","modified_gmt":"2017-01-05T08:36:00","slug":"plantes-medicinals","status":"publish","type":"page","link":"https:\/\/bloc.xarxa-omnia.org\/badia\/plantes-medicinals\/","title":{"rendered":"Plantes medicinals"},"content":{"rendered":"<p>Benvinguts a l&#8217;espai dedicat al taller de Plantes medicinals que fem al Punt \u00d2mnia Casal C\u00edvic Badia del Vall\u00e8s.<\/p>\n<p>En aquest espai podreu veure totes les publicacions que es faran cada trimestre agrupant les fitxes que facin els participants del taller. Podreu veure cada llibre on-line, descarregar-lo i fins i tot encarregar-nos c\u00f2pies en paper als preus que us detallem a continuaci\u00f3.<\/p>\n<p>Esperem que us agradin.<\/p>\n<table>\n<tbody>\n<tr>\n<td><\/td>\n<td><strong>Color<\/strong><\/td>\n<td><strong>B\/N<\/strong><\/td>\n<\/tr>\n<tr>\n<td>Plantes medicinals. Llibre 1<\/td>\n<td>3,00 \u20ac<\/td>\n<td>1,50 \u20ac<\/td>\n<\/tr>\n<tr>\n<td>Plantes medicinals. Llibre 2<\/td>\n<td>4,00 \u20ac<\/td>\n<td>2,00 \u20ac<\/td>\n<\/tr>\n<tr>\n<td>Plantes medicinals. Llibre 3<\/td>\n<td>3,20 \u20ac<\/td>\n<td>1,60 \u20ac<\/td>\n<\/tr>\n<tr>\n<td>Plantes medicinals. Llibre 4<\/td>\n<td>4,00 \u20ac<\/td>\n<td>2,00 \u20ac<\/td>\n<\/tr>\n<\/tbody>\n<\/table>\n<div id=\"attachment_572\" style=\"width: 222px\" class=\"wp-caption alignleft\"><a href=\"https:\/\/issuu.com\/omniabadia\/docs\/plantes_medicinals_1\" rel=\"attachment wp-att-572\"><img loading=\"lazy\" decoding=\"async\" aria-describedby=\"caption-attachment-572\" class=\"wp-image-572 size-medium\" src=\"http:\/\/xarxaomnia.gencat.cat\/blocs\/badia\/files\/2016\/02\/Plantes1-212x300.png\" alt=\"Plantes1\" width=\"212\" height=\"300\" srcset=\"https:\/\/bloc.xarxa-omnia.org\/badia\/files\/2016\/02\/Plantes1-212x300.png 212w, https:\/\/bloc.xarxa-omnia.org\/badia\/files\/2016\/02\/Plantes1.png 745w\" sizes=\"auto, (max-width: 212px) 100vw, 212px\" \/><\/a><p id=\"caption-attachment-572\" class=\"wp-caption-text\">Llibre 1<\/p><\/div>\n<div id=\"attachment_572\" style=\"width: 222px\" class=\"wp-caption alignleft\"><a href=\"https:\/\/issuu.com\/omniabadia\/docs\/llibre2_final_pdf\" rel=\"attachment wp-att-572\"><img loading=\"lazy\" decoding=\"async\" aria-describedby=\"caption-attachment-572\" class=\"wp-image-578 size-medium\" src=\"http:\/\/xarxaomnia.gencat.cat\/blocs\/badia\/files\/2016\/02\/Plantes2-212x300.png\" alt=\"Plantes2\" width=\"212\" height=\"300\" srcset=\"https:\/\/bloc.xarxa-omnia.org\/badia\/files\/2016\/02\/Plantes2-212x300.png 212w, https:\/\/bloc.xarxa-omnia.org\/badia\/files\/2016\/02\/Plantes2-768x1087.png 768w\" sizes=\"auto, (max-width: 212px) 100vw, 212px\" \/><\/a><p id=\"caption-attachment-572\" class=\"wp-caption-text\">Llibre 2<\/p><\/div>\n<div id=\"attachment_572\" style=\"width: 222px\" class=\"wp-caption alignleft\"><a href=\"https:\/\/joom.ag\/bdWW\" rel=\"attachment wp-att-572\"><img loading=\"lazy\" decoding=\"async\" aria-describedby=\"caption-attachment-572\" class=\"wp-image-578 size-medium\" src=\"http:\/\/xarxaomnia.gencat.cat\/blocs\/badia\/files\/2016\/02\/Plantes3.png\" alt=\"Plantes3\" width=\"212\" height=\"300\" \/><\/a><p id=\"caption-attachment-572\" class=\"wp-caption-text\">Llibre 3<\/p><\/div>\n<div id=\"attachment_572\" style=\"width: 222px\" class=\"wp-caption alignleft\"><a href=\"https:\/\/joom.ag\/QILW\" rel=\"attachment wp-att-572\"><img loading=\"lazy\" decoding=\"async\" aria-describedby=\"caption-attachment-572\" class=\"wp-image-578 size-medium\" src=\"http:\/\/xarxaomnia.gencat.cat\/blocs\/badia\/files\/2016\/02\/Plantes-medicinals-Llibre-4-212x300.jpg\" alt=\"Plantes3\" width=\"212\" height=\"300\" \/><\/a><p id=\"caption-attachment-572\" class=\"wp-caption-text\">Llibre 4<\/p><\/div>\n","protected":false},"excerpt":{"rendered":"<p>Benvinguts a l&#8217;espai dedicat al taller de Plantes medicinals que fem al Punt \u00d2mnia Casal C\u00edvic Badia del Vall\u00e8s. En aquest espai podreu veure totes les publicacions que es faran cada trimestre agrupant les fitxes que facin els participants del &hellip; <a href=\"https:\/\/bloc.xarxa-omnia.org\/badia\/plantes-medicinals\/\">Continue reading <span class=\"meta-nav\">&rarr;<\/span><\/a><\/p>\n","protected":false},"author":156,"featured_media":0,"parent":0,"menu_order":0,"comment_status":"closed","ping_status":"closed","template":"","meta":{"ngg_post_thumbnail":0,"footnotes":""},"class_list":["post-571","page","type-page","status-publish","hentry"],"_links":{"self":[{"href":"https:\/\/bloc.xarxa-omnia.org\/badia\/wp-json\/wp\/v2\/pages\/571","targetHints":{"allow":["GET"]}}],"collection":[{"href":"https:\/\/bloc.xarxa-omnia.org\/badia\/wp-json\/wp\/v2\/pages"}],"about":[{"href":"https:\/\/bloc.xarxa-omnia.org\/badia\/wp-json\/wp\/v2\/types\/page"}],"author":[{"embeddable":true,"href":"https:\/\/bloc.xarxa-omnia.org\/badia\/wp-json\/wp\/v2\/users\/156"}],"replies":[{"embeddable":true,"href":"https:\/\/bloc.xarxa-omnia.org\/badia\/wp-json\/wp\/v2\/comments?post=571"}],"version-history":[{"count":9,"href":"https:\/\/bloc.xarxa-omnia.org\/badia\/wp-json\/wp\/v2\/pages\/571\/revisions"}],"predecessor-version":[{"id":614,"href":"https:\/\/bloc.xarxa-omnia.org\/badia\/wp-json\/wp\/v2\/pages\/571\/revisions\/614"}],"wp:attachment":[{"href":"https:\/\/bloc.xarxa-omnia.org\/badia\/wp-json\/wp\/v2\/media?parent=571"}],"curies":[{"name":"wp","href":"https:\/\/api.w.org\/{rel}","templated":true}]}}