{"id":31,"date":"2016-02-01T10:52:37","date_gmt":"2016-02-01T10:52:37","guid":{"rendered":"http:\/\/xarxaomnia.gencat.cat\/blocs\/blanes\/?page_id=31"},"modified":"2019-09-05T10:57:41","modified_gmt":"2019-09-05T08:57:41","slug":"xarxa-omnia","status":"publish","type":"page","link":"https:\/\/bloc.xarxa-omnia.org\/blanes\/xarxa-omnia\/","title":{"rendered":"Xarxa \u00d2mnia"},"content":{"rendered":"<p>La <a href=\"http:\/\/xarxaomnia.gencat.cat\/\" target=\"_blank\">Xarxa \u00d2mnia<\/a>, de la Direcci\u00f3 General d\u2019Acci\u00f3 C\u00edvica i Comunit\u00e0ria, \u00e9s un programa preventiu, socioeducatiu, de promoci\u00f3 individual i de suport a col\u00b7lectius amb major risc de vulnerabilitat. \u00d2mnia, \u00e9s un programa d\u2019intervenci\u00f3 social, que utilitzant com a instrument les eines <acronym title=\"Tecnologies de la informaci\u00f3 i la comunicaci\u00f3\">TIC<\/acronym>, cerca millorar i afavorir, tant individual com col\u00b7lectivament, la inclusi\u00f3 i la vinculaci\u00f3 de les persones a la comunitat.<\/p>\n<p><img loading=\"lazy\" decoding=\"async\" class=\"size-medium wp-image-556 alignleft\" src=\"http:\/\/bloc.xarxa-omnia.org\/blanes\/files\/2016\/02\/foto-web-300x225.png\" alt=\"foto web\" width=\"300\" height=\"225\" \/><\/p>\n<p>Va adre\u00e7at a la poblaci\u00f3 general, per\u00f2 amb discriminaci\u00f3 positiva vers les persones en risc social i mes si precisen millorar les seves capacitats per a superar les seves dificultats d\u2019acc\u00e9s a les tecnologies d\u2019informaci\u00f3, per tal d\u2019evitar la seva exclusi\u00f3 de la comunitat.<\/p>\n<p>T\u00e9 com a finalitat \u00e9sser un recurs que participa, conjuntament amb la resta de dispositius del territori, en la consecuci\u00f3 dels objectius d\u2019integraci\u00f3 i cohesi\u00f3 social de la poblaci\u00f3 del seu entorn.<\/p>\n<p>\u00d2mnia ofereix espais i equipaments d\u2019utilitzaci\u00f3 p\u00fablica i compta amb el suport d\u2019un professional, que dinamitza l\u2019espai i assessora les persones usu\u00e0ries del Punt. El paper del dinamitzador\/a \u00e9s fonamental per desenvolupar el programa a cada territori i aconseguir que cada \u00d2mnia sigui un espai d\u2019acolliment, d\u2019informaci\u00f3, d\u2019aprenentatge, de socialitzaci\u00f3 i de participaci\u00f3 en la comunitat.<\/p>\n<p>&nbsp;<\/p>\n<p>Consulta la web de la Xarxa \u00d2mnia: <a href=\"http:\/\/xarxaomnia.gencat.cat\/\" target=\"_blank\">xarxaomnia.gencat.cat<\/a><\/p>\n","protected":false},"excerpt":{"rendered":"<p>La Xarxa \u00d2mnia, de la Direcci\u00f3 General d\u2019Acci\u00f3 C\u00edvica i Comunit\u00e0ria, \u00e9s un programa preventiu, socioeducatiu, de promoci\u00f3 individual i de suport a col\u00b7lectius amb major risc de vulnerabilitat. \u00d2mnia, \u00e9s un programa d\u2019intervenci\u00f3 social, que utilitzant com a instrument les eines TIC, cerca millorar i afavorir, tant individual com col\u00b7lectivament, la inclusi\u00f3 i la [&hellip;]<\/p>\n","protected":false},"author":178,"featured_media":0,"parent":0,"menu_order":4,"comment_status":"closed","ping_status":"closed","template":"","meta":{"footnotes":""},"class_list":["post-31","page","type-page","status-publish","hentry","post"],"_links":{"self":[{"href":"https:\/\/bloc.xarxa-omnia.org\/blanes\/wp-json\/wp\/v2\/pages\/31","targetHints":{"allow":["GET"]}}],"collection":[{"href":"https:\/\/bloc.xarxa-omnia.org\/blanes\/wp-json\/wp\/v2\/pages"}],"about":[{"href":"https:\/\/bloc.xarxa-omnia.org\/blanes\/wp-json\/wp\/v2\/types\/page"}],"author":[{"embeddable":true,"href":"https:\/\/bloc.xarxa-omnia.org\/blanes\/wp-json\/wp\/v2\/users\/178"}],"replies":[{"embeddable":true,"href":"https:\/\/bloc.xarxa-omnia.org\/blanes\/wp-json\/wp\/v2\/comments?post=31"}],"version-history":[{"count":7,"href":"https:\/\/bloc.xarxa-omnia.org\/blanes\/wp-json\/wp\/v2\/pages\/31\/revisions"}],"predecessor-version":[{"id":619,"href":"https:\/\/bloc.xarxa-omnia.org\/blanes\/wp-json\/wp\/v2\/pages\/31\/revisions\/619"}],"wp:attachment":[{"href":"https:\/\/bloc.xarxa-omnia.org\/blanes\/wp-json\/wp\/v2\/media?parent=31"}],"curies":[{"name":"wp","href":"https:\/\/api.w.org\/{rel}","templated":true}]}}