{"id":362,"date":"2016-04-12T08:26:32","date_gmt":"2016-04-12T08:26:32","guid":{"rendered":"http:\/\/xarxaomnia.gencat.cat\/blocs\/blanes\/?page_id=362"},"modified":"2016-09-15T17:46:42","modified_gmt":"2016-09-15T17:46:42","slug":"que-fem","status":"publish","type":"page","link":"https:\/\/bloc.xarxa-omnia.org\/blanes\/que-fem\/","title":{"rendered":"Qu\u00e8 fem?"},"content":{"rendered":"<p>Seguint els objectius plantejats per la Direcci\u00f3 General d\u2019Acci\u00f3 C\u00edvica i Comunit\u00e0ria, des del Punt \u00d2mnia Blanes treballem per potenciar els seg\u00fcents tres eixos de treball: Aprenentatge, Inserci\u00f3 Social i \u00das Comunitari.<\/p>\n<ul>\n<li><strong>Aprenentatge.<\/strong> Vol garantir que totes les persones amb pocs coneixements digitals obtinguin una formaci\u00f3 b\u00e0sica en el camp de les tecnologies de la informaci\u00f3 i comunicaci\u00f3 que els permeti no quedar excloses de la societat. Es desenvolupen tallers monogr\u00e0fics de curta durada que consisteixen en uns itineraris formatius adequats als coneixements dels alumnes destinataris.<\/li>\n<\/ul>\n<p><img loading=\"lazy\" decoding=\"async\" class=\" wp-image-383 aligncenter\" src=\"http:\/\/xarxaomnia.gencat.cat\/blocs\/blanes\/files\/2016\/04\/02-300x100.jpeg\" alt=\"02\" width=\"441\" height=\"147\" srcset=\"https:\/\/bloc.xarxa-omnia.org\/blanes\/files\/2016\/04\/02-300x100.jpeg 300w, https:\/\/bloc.xarxa-omnia.org\/blanes\/files\/2016\/04\/02.jpeg 600w\" sizes=\"auto, (max-width: 441px) 100vw, 441px\" \/><\/p>\n<p>&nbsp;<\/p>\n<ul>\n<li><strong>Ocupabilitat.<\/strong> Potencia la integraci\u00f3 de les persones en risc d\u2019exclusi\u00f3 social. D\u2019una banda, els ofereix eines formatives inform\u00e0tiques perqu\u00e8 s\u00e0piguen buscar recursos a la xarxa i es puguin valer per elles mateixes en el seu proc\u00e9s d\u2019inserci\u00f3. D\u2019altra banda, pel que fa a les persones en situaci\u00f3 d\u2019atur, les posa en contacte amb els serveis d\u2019orientaci\u00f3 social del territori i els facilita un conjunt d\u2019h\u00e0bits i compet\u00e8ncies perqu\u00e8 arribin als agents d\u2019inserci\u00f3 social amb la m\u00e0xima preparaci\u00f3 per tornar al mercat laboral al m\u00e9s aviat possible.<\/li>\n<\/ul>\n<p><img loading=\"lazy\" decoding=\"async\" class=\" wp-image-382 aligncenter\" src=\"http:\/\/xarxaomnia.gencat.cat\/blocs\/blanes\/files\/2016\/04\/01-300x100.jpeg\" alt=\"01\" width=\"444\" height=\"148\" srcset=\"https:\/\/bloc.xarxa-omnia.org\/blanes\/files\/2016\/04\/01-300x100.jpeg 300w, https:\/\/bloc.xarxa-omnia.org\/blanes\/files\/2016\/04\/01.jpeg 600w\" sizes=\"auto, (max-width: 444px) 100vw, 444px\" \/><\/p>\n<p>&nbsp;<\/p>\n<ul>\n<li><strong>Acci\u00f3 comunit\u00e0ria.<\/strong> Consisteix a facilitar el lliure acc\u00e9s a persones, entitats, grups i col\u00b7lectius al Punt \u00d2mnia perqu\u00e8 es generin din\u00e0miques de cohesi\u00f3 social i d\u2019intercanvi dins dels territoris. Es potencia el treball en xarxa virtual entre tots els agents del territori, aix\u00ed com les xarxes personals dels usuaris.<\/li>\n<\/ul>\n<p><iframe loading=\"lazy\" width=\"720\" height=\"405\" src=\"https:\/\/www.youtube.com\/embed\/yz-fXMfiyU0?feature=oembed\" frameborder=\"0\" allowfullscreen><\/iframe><\/p>\n","protected":false},"excerpt":{"rendered":"<p>Seguint els objectius plantejats per la Direcci\u00f3 General d\u2019Acci\u00f3 C\u00edvica i Comunit\u00e0ria, des del Punt \u00d2mnia Blanes treballem per potenciar els seg\u00fcents tres eixos de treball: Aprenentatge, Inserci\u00f3 Social i \u00das Comunitari. Aprenentatge. Vol garantir que totes les persones amb pocs coneixements digitals obtinguin una formaci\u00f3 b\u00e0sica en el camp de les tecnologies de la [&hellip;]<\/p>\n","protected":false},"author":178,"featured_media":0,"parent":0,"menu_order":2,"comment_status":"closed","ping_status":"closed","template":"","meta":{"footnotes":""},"class_list":["post-362","page","type-page","status-publish","hentry","post"],"_links":{"self":[{"href":"https:\/\/bloc.xarxa-omnia.org\/blanes\/wp-json\/wp\/v2\/pages\/362","targetHints":{"allow":["GET"]}}],"collection":[{"href":"https:\/\/bloc.xarxa-omnia.org\/blanes\/wp-json\/wp\/v2\/pages"}],"about":[{"href":"https:\/\/bloc.xarxa-omnia.org\/blanes\/wp-json\/wp\/v2\/types\/page"}],"author":[{"embeddable":true,"href":"https:\/\/bloc.xarxa-omnia.org\/blanes\/wp-json\/wp\/v2\/users\/178"}],"replies":[{"embeddable":true,"href":"https:\/\/bloc.xarxa-omnia.org\/blanes\/wp-json\/wp\/v2\/comments?post=362"}],"version-history":[{"count":7,"href":"https:\/\/bloc.xarxa-omnia.org\/blanes\/wp-json\/wp\/v2\/pages\/362\/revisions"}],"predecessor-version":[{"id":386,"href":"https:\/\/bloc.xarxa-omnia.org\/blanes\/wp-json\/wp\/v2\/pages\/362\/revisions\/386"}],"wp:attachment":[{"href":"https:\/\/bloc.xarxa-omnia.org\/blanes\/wp-json\/wp\/v2\/media?parent=362"}],"curies":[{"name":"wp","href":"https:\/\/api.w.org\/{rel}","templated":true}]}}