{"id":37,"date":"2016-02-01T10:53:24","date_gmt":"2016-02-01T10:53:24","guid":{"rendered":"http:\/\/xarxaomnia.gencat.cat\/blocs\/blanes\/?page_id=37"},"modified":"2020-02-14T19:25:22","modified_gmt":"2020-02-14T18:25:22","slug":"contacte","status":"publish","type":"page","link":"https:\/\/bloc.xarxa-omnia.org\/blanes\/contacte\/","title":{"rendered":"Contacte"},"content":{"rendered":"<p><strong>PUNT \u00d2MNIA BLANES<\/strong><\/p>\n<p>Casal C\u00edvic Can Borell de Blanes, al Passatge Mas Borell 1-3 <a href=\"https:\/\/www.google.es\/maps\/place\/Punt+%C3%92mnia+Blanes\/@41.672338,2.7787683,17z\/data=!3m1!4b1!4m2!3m1!1s0x12bb16212d2bf7d1:0x33a2a72bdcf1985d?hl=ca\" target=\"_blank\">Veure Mapa<\/a><\/p>\n<p>Tel\u00e8fon: <strong>972 35 38 09<\/strong><\/p>\n<p>Correu electr\u00f2nic:<br \/>\nccblanes@xarxaomnia.gencat.cat<\/p>\n<p>Segueix-nos a INSTAGRAM, FACEBOOK i TWITTER.<\/p>\n<p><a href=\"https:\/\/www.facebook.com\/omnia.blanes\" target=\"_blank\"><img loading=\"lazy\" decoding=\"async\" class=\"alignnone size-full wp-image-69\" src=\"http:\/\/xarxaomnia.gencat.cat\/blocs\/blanes\/files\/2016\/02\/1308306859_Facebook.png\" alt=\"1308306859_Facebook\" width=\"128\" height=\"128\" \/><\/a>\u00a0\u00a0\u00a0\u00a0\u00a0\u00a0\u00a0\u00a0\u00a0\u00a0 <a href=\"https:\/\/www.instagram.com\/omniablanes\/\" target=\"_blank\"><img loading=\"lazy\" decoding=\"async\" class=\"alignnone size-full wp-image-70\" src=\"http:\/\/xarxaomnia.gencat.cat\/blocs\/blanes\/files\/2016\/02\/1308306847_Twitter.png\" alt=\"1308306847_Twitter\" width=\"128\" height=\"128\" \/><img loading=\"lazy\" decoding=\"async\" class=\"wp-image-411 alignleft\" src=\"http:\/\/xarxaomnia.gencat.cat\/blocs\/blanes\/files\/2016\/02\/instagram-297x300.jpg\" alt=\"instagram\" width=\"116\" height=\"117\" srcset=\"https:\/\/bloc.xarxa-omnia.org\/blanes\/files\/2016\/02\/instagram-297x300.jpg 297w, https:\/\/bloc.xarxa-omnia.org\/blanes\/files\/2016\/02\/instagram-150x150.jpg 150w, https:\/\/bloc.xarxa-omnia.org\/blanes\/files\/2016\/02\/instagram.jpg 449w\" sizes=\"auto, (max-width: 116px) 100vw, 116px\" \/><\/a><\/p>\n<p>&nbsp;<\/p>\n","protected":false},"excerpt":{"rendered":"<p>PUNT \u00d2MNIA BLANES Casal C\u00edvic Can Borell de Blanes, al Passatge Mas Borell 1-3 Veure Mapa Tel\u00e8fon: 972 35 38 09 Correu electr\u00f2nic: ccblanes@xarxaomnia.gencat.cat Segueix-nos a INSTAGRAM, FACEBOOK i TWITTER. \u00a0\u00a0\u00a0\u00a0\u00a0\u00a0\u00a0\u00a0\u00a0\u00a0 &nbsp;<\/p>\n","protected":false},"author":178,"featured_media":0,"parent":0,"menu_order":7,"comment_status":"closed","ping_status":"closed","template":"","meta":{"footnotes":""},"class_list":["post-37","page","type-page","status-publish","hentry","post"],"_links":{"self":[{"href":"https:\/\/bloc.xarxa-omnia.org\/blanes\/wp-json\/wp\/v2\/pages\/37","targetHints":{"allow":["GET"]}}],"collection":[{"href":"https:\/\/bloc.xarxa-omnia.org\/blanes\/wp-json\/wp\/v2\/pages"}],"about":[{"href":"https:\/\/bloc.xarxa-omnia.org\/blanes\/wp-json\/wp\/v2\/types\/page"}],"author":[{"embeddable":true,"href":"https:\/\/bloc.xarxa-omnia.org\/blanes\/wp-json\/wp\/v2\/users\/178"}],"replies":[{"embeddable":true,"href":"https:\/\/bloc.xarxa-omnia.org\/blanes\/wp-json\/wp\/v2\/comments?post=37"}],"version-history":[{"count":25,"href":"https:\/\/bloc.xarxa-omnia.org\/blanes\/wp-json\/wp\/v2\/pages\/37\/revisions"}],"predecessor-version":[{"id":583,"href":"https:\/\/bloc.xarxa-omnia.org\/blanes\/wp-json\/wp\/v2\/pages\/37\/revisions\/583"}],"wp:attachment":[{"href":"https:\/\/bloc.xarxa-omnia.org\/blanes\/wp-json\/wp\/v2\/media?parent=37"}],"curies":[{"name":"wp","href":"https:\/\/api.w.org\/{rel}","templated":true}]}}