{"id":405,"date":"2016-05-06T08:23:55","date_gmt":"2016-05-06T08:23:55","guid":{"rendered":"http:\/\/xarxaomnia.gencat.cat\/blocs\/blanes\/home-page\/"},"modified":"2022-04-27T18:14:35","modified_gmt":"2022-04-27T16:14:35","slug":"home-page","status":"publish","type":"page","link":"https:\/\/bloc.xarxa-omnia.org\/blanes\/","title":{"rendered":"Home Page"},"content":{"rendered":"<div id=\"pl-405\"  class=\"panel-layout\" ><div id=\"pg-405-0\"  class=\"panel-grid panel-no-style\" ><div id=\"pgc-405-0-0\"  class=\"panel-grid-cell\" ><div id=\"panel-405-0-0-0\" class=\"so-panel widget widget_circleicon-widget panel-first-child panel-last-child\" data-index=\"0\" >\t\t<div class=\"circle-icon-box circle-icon-position-top circle-icon-hide-box circle-icon-size-small \">\n\t\t\t\t\t\t\t<div class=\"circle-icon-wrapper\">\n\t\t\t\t\t\t\t\t\t\t<a href=\"http:\/\/bloc.xarxa-omnia.org\/blanes\/files\/2022\/04\/Horari-ABRIL-JULIOL-22-p\u00fablic.pdf\" class=\"link-icon\" >\t\t\t\t\t<div class=\"circle-icon\" >\n\t\t\t\t\t\t\t\t\t\t\t\t\t<div class=\"fa fa-calendar\" ><\/div>\n\t\t\t\t\t\t\t\t\t\t\t<\/div>\n\t\t\t\t\t<\/a>\t\t\t\t<\/div>\n\t\t\t\n\t\t\t\t\t\t\t<a href=\"http:\/\/bloc.xarxa-omnia.org\/blanes\/files\/2022\/04\/Horari-ABRIL-JULIOL-22-p\u00fablic.pdf\" class=\"link-title\" >\n\t\t\t\t\t\t\t\t\t\t\t\t\t<\/a>\n\t\t\t\n\t\t\t\t\t\t\t<p class=\"text\" >Coneix l'horari del Punt \u00d2mnia Blanes, amb cursos i Espais Socials oberts a tothom.<\/p>\n\t\t\t\t\t\t\t\t\t\t<a\n\t\t\t\t\thref=\"http:\/\/bloc.xarxa-omnia.org\/blanes\/files\/2022\/04\/Horari-ABRIL-JULIOL-22-p\u00fablic.pdf\"\n\t\t\t\t\tclass=\"more-button\"\n\t\t\t\t\t\t\t\t\t\t\t\t\t\t>\n\t\t\t\t\tHorari del Punt <i><\/i>\n\t\t\t\t<\/a>\n\t\t\t\t\t<\/div>\n\t\t<\/div><\/div><div id=\"pgc-405-0-1\"  class=\"panel-grid-cell\" ><div id=\"panel-405-0-1-0\" class=\"so-panel widget widget_circleicon-widget panel-first-child panel-last-child\" data-index=\"1\" >\t\t<div class=\"circle-icon-box circle-icon-position-top circle-icon-hide-box circle-icon-size-small \">\n\t\t\t\t\t\t\t<div class=\"circle-icon-wrapper\">\n\t\t\t\t\t\t\t\t\t\t<a href=\"http:\/\/bloc.xarxa-omnia.org\/blanes\/files\/2022\/04\/omnia-programaci\u00f3-2q22_Casal.pdf\" class=\"link-icon\" >\t\t\t\t\t<div class=\"circle-icon\" >\n\t\t\t\t\t\t\t\t\t\t\t\t\t<div class=\"fa fa-code\" ><\/div>\n\t\t\t\t\t\t\t\t\t\t\t<\/div>\n\t\t\t\t\t<\/a>\t\t\t\t<\/div>\n\t\t\t\n\t\t\t\t\t\t\t<a href=\"http:\/\/bloc.xarxa-omnia.org\/blanes\/files\/2022\/04\/omnia-programaci\u00f3-2q22_Casal.pdf\" class=\"link-title\" >\n\t\t\t\t\t\t\t\t\t\t\t\t\t<\/a>\n\t\t\t\n\t\t\t\t\t\t\t<p class=\"text\" >Consulta la nostra programaci\u00f3. Tots els tallers i activitats que realitzem al Punt \u00d2mnia Blanes.<\/p>\n\t\t\t\t\t\t\t\t\t\t<a\n\t\t\t\t\thref=\"http:\/\/bloc.xarxa-omnia.org\/blanes\/files\/2022\/04\/omnia-programaci\u00f3-2q22_Casal.pdf\"\n\t\t\t\t\tclass=\"more-button\"\n\t\t\t\t\t\t\t\t\t\t\t\t\t\t>\n\t\t\t\t\tProgramaci\u00f3 <i><\/i>\n\t\t\t\t<\/a>\n\t\t\t\t\t<\/div>\n\t\t<\/div><\/div><div id=\"pgc-405-0-2\"  class=\"panel-grid-cell\" ><div id=\"panel-405-0-2-0\" class=\"so-panel widget widget_circleicon-widget panel-first-child panel-last-child\" data-index=\"2\" >\t\t<div class=\"circle-icon-box circle-icon-position-top circle-icon-hide-box circle-icon-size-small \">\n\t\t\t\t\t\t\t<div class=\"circle-icon-wrapper\">\n\t\t\t\t\t\t\t\t\t\t<a href=\"https:\/\/www.google.es\/maps\/place\/Punt+%C3%92mnia+Blanes\/@41.672338,2.7787683,17z\/data=!3m1!4b1!4m2!3m1!1s0x12bb16212d2bf7d1:0x33a2a72bdcf1985d?hl=ca\" class=\"link-icon\" >\t\t\t\t\t<div class=\"circle-icon\" >\n\t\t\t\t\t\t\t\t\t\t\t\t\t<div class=\"fa fa-map-marker\" ><\/div>\n\t\t\t\t\t\t\t\t\t\t\t<\/div>\n\t\t\t\t\t<\/a>\t\t\t\t<\/div>\n\t\t\t\n\t\t\t\t\t\t\t<a href=\"https:\/\/www.google.es\/maps\/place\/Punt+%C3%92mnia+Blanes\/@41.672338,2.7787683,17z\/data=!3m1!4b1!4m2!3m1!1s0x12bb16212d2bf7d1:0x33a2a72bdcf1985d?hl=ca\" class=\"link-title\" >\n\t\t\t\t\t\t\t\t\t\t\t\t\t<\/a>\n\t\t\t\n\t\t\t\t\t\t\t<p class=\"text\" >Vine al Punt \u00d2mnia. Estem a la primera planta del Casal C\u00edvic Blanes -  Can Borell.<\/p>\n\t\t\t\t\t\t\t\t\t\t<a\n\t\t\t\t\thref=\"https:\/\/www.google.es\/maps\/place\/Punt+%C3%92mnia+Blanes\/@41.672338,2.7787683,17z\/data=!3m1!4b1!4m2!3m1!1s0x12bb16212d2bf7d1:0x33a2a72bdcf1985d?hl=ca\"\n\t\t\t\t\tclass=\"more-button\"\n\t\t\t\t\t\t\t\t\t\t\t\t\t\t>\n\t\t\t\t\tVeure Mapa <i><\/i>\n\t\t\t\t<\/a>\n\t\t\t\t\t<\/div>\n\t\t<\/div><\/div><\/div><div id=\"pg-405-1\"  class=\"panel-grid panel-has-style\" ><div class=\"wide-grey panel-row-style panel-row-style-for-405-1\" ><div id=\"pgc-405-1-0\"  class=\"panel-grid-cell panel-grid-cell-empty\" ><\/div><\/div><\/div><div id=\"pg-405-2\"  class=\"panel-grid panel-no-style\" ><div id=\"pgc-405-2-0\"  class=\"panel-grid-cell\" ><div id=\"panel-405-2-0-0\" class=\"so-panel widget widget_text panel-first-child panel-last-child\" data-index=\"3\" >\t\t\t<div class=\"textwidget\"><p>Les imatges publicades en aquest blog tenen com a finalitat difondre i donar a con\u00e8ixer les activitats que en el PO es realitzen. Des del PUNT \u00d2MNIA - BLANES ens comprometem a tractar les imatges de manera lleial, l\u00edcita i no lucrativa d\u2019acord amb les finalitats socials que ens s\u00f3n pr\u00f2pies. En qualsevol moment vost\u00e8 pot exercir el dret a con\u00e8ixer, rectificar, cancel\u00b7lar i oposar-se al tractament d\u2019aquestes dades, adre\u00e7ant-se a la nostra adre\u00e7a de correu electr\u00f2nic:<br \/>\nccblanes@xarxa-omnia.org o al tel\u00e8fon: 972 353 809.<\/p>\n<\/div>\n\t\t<\/div><\/div><\/div><\/div>","protected":false},"excerpt":{"rendered":"<p>Coneix l&#8217;horari del Punt \u00d2mnia Blanes, amb cursos i Espais Socials oberts a tothom. Horari del Punt Consulta la nostra programaci\u00f3. Tots els tallers i activitats que realitzem al Punt \u00d2mnia Blanes. Programaci\u00f3 Vine al Punt \u00d2mnia. Estem a la primera planta del Casal C\u00edvic Blanes &#8211; Can Borell. Veure Mapa Les imatges publicades en [&hellip;]<\/p>\n","protected":false},"author":178,"featured_media":0,"parent":0,"menu_order":0,"comment_status":"closed","ping_status":"closed","template":"home-panels.php","meta":{"footnotes":""},"class_list":["post-405","page","type-page","status-publish","hentry","post"],"_links":{"self":[{"href":"https:\/\/bloc.xarxa-omnia.org\/blanes\/wp-json\/wp\/v2\/pages\/405","targetHints":{"allow":["GET"]}}],"collection":[{"href":"https:\/\/bloc.xarxa-omnia.org\/blanes\/wp-json\/wp\/v2\/pages"}],"about":[{"href":"https:\/\/bloc.xarxa-omnia.org\/blanes\/wp-json\/wp\/v2\/types\/page"}],"author":[{"embeddable":true,"href":"https:\/\/bloc.xarxa-omnia.org\/blanes\/wp-json\/wp\/v2\/users\/178"}],"replies":[{"embeddable":true,"href":"https:\/\/bloc.xarxa-omnia.org\/blanes\/wp-json\/wp\/v2\/comments?post=405"}],"version-history":[{"count":6,"href":"https:\/\/bloc.xarxa-omnia.org\/blanes\/wp-json\/wp\/v2\/pages\/405\/revisions"}],"predecessor-version":[{"id":504,"href":"https:\/\/bloc.xarxa-omnia.org\/blanes\/wp-json\/wp\/v2\/pages\/405\/revisions\/504"}],"wp:attachment":[{"href":"https:\/\/bloc.xarxa-omnia.org\/blanes\/wp-json\/wp\/v2\/media?parent=405"}],"curies":[{"name":"wp","href":"https:\/\/api.w.org\/{rel}","templated":true}]}}