{"id":50,"date":"2016-10-26T20:15:17","date_gmt":"2016-10-26T20:15:17","guid":{"rendered":"http:\/\/xarxaomnia.gencat.cat\/blocs\/blogomniapubilla\/?page_id=50"},"modified":"2020-09-23T10:27:15","modified_gmt":"2020-09-23T10:27:15","slug":"activitats-i-horaris","status":"publish","type":"page","link":"https:\/\/bloc.xarxa-omnia.org\/blogomniapubilla\/activitats-i-horaris\/","title":{"rendered":"Programaci\u00f3 i horaris"},"content":{"rendered":"\n<figure class=\"wp-block-gallery columns-3 is-cropped wp-block-gallery-1 is-layout-flex wp-block-gallery-is-layout-flex\"><ul class=\"blocks-gallery-grid\"><li class=\"blocks-gallery-item\"><figure><img loading=\"lazy\" decoding=\"async\" width=\"724\" height=\"1024\" src=\"http:\/\/bloc.xarxa-omnia.org\/blogomniapubilla\/files\/2020\/09\/Tallers-1r-Trimestre-724x1024.jpg\" alt=\"\" data-id=\"1360\" data-full-url=\"http:\/\/bloc.xarxa-omnia.org\/blogomniapubilla\/files\/2020\/09\/Tallers-1r-Trimestre.jpg\" data-link=\"http:\/\/bloc.xarxa-omnia.org\/blogomniapubilla\/activitats-i-horaris\/tallers-1r-trimestre\/\" class=\"wp-image-1360\" srcset=\"https:\/\/bloc.xarxa-omnia.org\/blogomniapubilla\/files\/2020\/09\/Tallers-1r-Trimestre-724x1024.jpg 724w, https:\/\/bloc.xarxa-omnia.org\/blogomniapubilla\/files\/2020\/09\/Tallers-1r-Trimestre-212x300.jpg 212w, https:\/\/bloc.xarxa-omnia.org\/blogomniapubilla\/files\/2020\/09\/Tallers-1r-Trimestre-768x1087.jpg 768w, https:\/\/bloc.xarxa-omnia.org\/blogomniapubilla\/files\/2020\/09\/Tallers-1r-Trimestre.jpg 826w\" sizes=\"auto, (max-width: 724px) 100vw, 724px\" \/><\/figure><\/li><li class=\"blocks-gallery-item\"><figure><img loading=\"lazy\" decoding=\"async\" width=\"663\" height=\"1024\" src=\"http:\/\/bloc.xarxa-omnia.org\/blogomniapubilla\/files\/2020\/09\/Cita-pr\u00e8via-663x1024.png\" alt=\"\" data-id=\"1362\" data-full-url=\"http:\/\/bloc.xarxa-omnia.org\/blogomniapubilla\/files\/2020\/09\/Cita-pr\u00e8via.png\" data-link=\"http:\/\/bloc.xarxa-omnia.org\/blogomniapubilla\/activitats-i-horaris\/cita-previa\/\" class=\"wp-image-1362\" srcset=\"https:\/\/bloc.xarxa-omnia.org\/blogomniapubilla\/files\/2020\/09\/Cita-pr\u00e8via-663x1024.png 663w, https:\/\/bloc.xarxa-omnia.org\/blogomniapubilla\/files\/2020\/09\/Cita-pr\u00e8via-194x300.png 194w, https:\/\/bloc.xarxa-omnia.org\/blogomniapubilla\/files\/2020\/09\/Cita-pr\u00e8via-768x1187.png 768w, https:\/\/bloc.xarxa-omnia.org\/blogomniapubilla\/files\/2020\/09\/Cita-pr\u00e8via-994x1536.png 994w, https:\/\/bloc.xarxa-omnia.org\/blogomniapubilla\/files\/2020\/09\/Cita-pr\u00e8via.png 1294w\" sizes=\"auto, (max-width: 663px) 100vw, 663px\" \/><\/figure><\/li><li class=\"blocks-gallery-item\"><figure><img loading=\"lazy\" decoding=\"async\" width=\"724\" height=\"1024\" src=\"http:\/\/bloc.xarxa-omnia.org\/blogomniapubilla\/files\/2020\/09\/Cartell-Actic-724x1024.png\" alt=\"\" data-id=\"1363\" data-full-url=\"http:\/\/bloc.xarxa-omnia.org\/blogomniapubilla\/files\/2020\/09\/Cartell-Actic.png\" data-link=\"http:\/\/bloc.xarxa-omnia.org\/blogomniapubilla\/activitats-i-horaris\/cartell-actic\/\" class=\"wp-image-1363\" srcset=\"https:\/\/bloc.xarxa-omnia.org\/blogomniapubilla\/files\/2020\/09\/Cartell-Actic-724x1024.png 724w, https:\/\/bloc.xarxa-omnia.org\/blogomniapubilla\/files\/2020\/09\/Cartell-Actic-212x300.png 212w, https:\/\/bloc.xarxa-omnia.org\/blogomniapubilla\/files\/2020\/09\/Cartell-Actic-768x1086.png 768w, https:\/\/bloc.xarxa-omnia.org\/blogomniapubilla\/files\/2020\/09\/Cartell-Actic-1086x1536.png 1086w, https:\/\/bloc.xarxa-omnia.org\/blogomniapubilla\/files\/2020\/09\/Cartell-Actic-1448x2048.png 1448w, https:\/\/bloc.xarxa-omnia.org\/blogomniapubilla\/files\/2020\/09\/Cartell-Actic.png 1587w\" sizes=\"auto, (max-width: 724px) 100vw, 724px\" \/><\/figure><\/li><\/ul><\/figure>\n\n\n<h2 class=\"western\" align=\"center\"><span style=\"font-size: 28px\"><strong><i>SETEMBRE &#8211; DESEMBRE 2020<\/i><\/strong><\/span><\/h2>\n<p>Engeguem el curs a l&#8217;\u00d2mnia, per\u00f2 aquesta vegada ens hem adaptat a les circumst\u00e0ncies i ho farem una mica diferent:<\/p>\n<ol>\n<li><strong>Tallers:<\/strong> hi haur\u00e0 de presencials i online.<\/li>\n<li><span style=\"font-size: inherit\"><strong> Cita pr\u00e8via:<\/strong> espai per a resoldre dubtes personalitzats o disposar d&#8217;ordinador i internet. S&#8217;ha de demanar hora.<\/span><\/li>\n<li><strong>Actic:<\/strong> proves d&#8217;Acreditaci\u00f3 en compet\u00e8ncies TIC.<\/li>\n<\/ol>\n<p><span style=\"font-size: inherit\">Si voleu contactar amb nosaltres o participar dels tallers, escriviu-nos a trav\u00e9s de:<\/span><\/p>\n<ul>\n<li>Whatsapp: 664407875<\/li>\n<li>Correu electr\u00f2nic: pubillaomnia@gmail.com<\/li>\n<\/ul>\n<h2 class=\"western\" align=\"justify\">\u00a0<\/h2>","protected":false},"excerpt":{"rendered":"<p>SETEMBRE &#8211; DESEMBRE 2020 Engeguem el curs a l&#8217;\u00d2mnia, per\u00f2 aquesta vegada ens hem adaptat a les circumst\u00e0ncies i ho farem una mica diferent: Tallers: hi haur\u00e0 de presencials i online. Cita pr\u00e8via: espai per a resoldre dubtes personalitzats o disposar d&#8217;ordinador i internet. S&#8217;ha de demanar hora. Actic: proves d&#8217;Acreditaci\u00f3 en compet\u00e8ncies TIC. Si [&hellip;]<\/p>\n","protected":false},"author":176,"featured_media":0,"parent":0,"menu_order":0,"comment_status":"closed","ping_status":"closed","template":"","meta":{"footnotes":""},"class_list":["post-50","page","type-page","status-publish","czr-hentry"],"_links":{"self":[{"href":"https:\/\/bloc.xarxa-omnia.org\/blogomniapubilla\/wp-json\/wp\/v2\/pages\/50","targetHints":{"allow":["GET"]}}],"collection":[{"href":"https:\/\/bloc.xarxa-omnia.org\/blogomniapubilla\/wp-json\/wp\/v2\/pages"}],"about":[{"href":"https:\/\/bloc.xarxa-omnia.org\/blogomniapubilla\/wp-json\/wp\/v2\/types\/page"}],"author":[{"embeddable":true,"href":"https:\/\/bloc.xarxa-omnia.org\/blogomniapubilla\/wp-json\/wp\/v2\/users\/176"}],"replies":[{"embeddable":true,"href":"https:\/\/bloc.xarxa-omnia.org\/blogomniapubilla\/wp-json\/wp\/v2\/comments?post=50"}],"version-history":[{"count":51,"href":"https:\/\/bloc.xarxa-omnia.org\/blogomniapubilla\/wp-json\/wp\/v2\/pages\/50\/revisions"}],"predecessor-version":[{"id":1364,"href":"https:\/\/bloc.xarxa-omnia.org\/blogomniapubilla\/wp-json\/wp\/v2\/pages\/50\/revisions\/1364"}],"wp:attachment":[{"href":"https:\/\/bloc.xarxa-omnia.org\/blogomniapubilla\/wp-json\/wp\/v2\/media?parent=50"}],"curies":[{"name":"wp","href":"https:\/\/api.w.org\/{rel}","templated":true}]}}