{"id":52,"date":"2016-10-26T20:17:39","date_gmt":"2016-10-26T20:17:39","guid":{"rendered":"http:\/\/xarxaomnia.gencat.cat\/blocs\/blogomniapubilla\/?page_id=52"},"modified":"2018-06-18T12:27:13","modified_gmt":"2018-06-18T12:27:13","slug":"els-nostres-barris","status":"publish","type":"page","link":"https:\/\/bloc.xarxa-omnia.org\/blogomniapubilla\/els-nostres-barris\/","title":{"rendered":"Els nostres barris"},"content":{"rendered":"<p><strong>Pubilla Cases (L&#8217;Hospitalet de Llobregat)<\/strong><\/p>\n<p><span style=\"color: #666699\">L&#8217;Hospitalet \u00e9s un municipi de la comarca del Barcelon\u00e8s. D\u00f3na continu\u00eftat a la trama urbana de Barcelona cap al sud. Est\u00e0 situat entre els municipis d&#8217;Esplugues de Llobregat, Cornell\u00e0 de Llobregat i El Prat de Llobregat, i al marge esquerre del riu Llobregat. Amb una poblaci\u00f3 de 254.804 habitants (2016) \u00e9s la segona ciutat de Catalunya per habitants.<\/span><\/p>\n<p><span style=\"color: #666699\">Pubilla Cases \u00e9s un barri de l\u2019Hospitalet de Llobregat i limita amb els barris de La Florida, Collblanc, Les Planes i Can Serra. T\u00e9 una poblaci\u00f3 de 29.155 habitants (2016). \u00c9s un barri fruit del ca\u00f2tic urbanisme del franquisme, la construcci\u00f3 descontrolada i sense criteri de petits edificis i cases particulars.<\/span><\/p>\n<p><span style=\"color: #666699\">Actualment hi ha un gran nombre d\u2019immigrants sud-americans (Col\u00f2mbia, Equador, Bol\u00edvia,&#8230;), pakistanesos i indis, que conviuen amb poblaci\u00f3 d\u2019origen andal\u00fas, extremeny i altres regions espanyoles i que van ser els primers ve\u00efns del barri durant l\u2019emigraci\u00f3 dels anys 60.<\/span><\/p>\n<p><span style=\"color: #666699\">El barri t\u00e9 uns bons mitjans de comunicaci\u00f3 (metro de Can Vidalet i Pubilla Cases, Trambaix, i els autobusos 1 i 2) que connecten el barri amb la resta de barris de la ciutat, les ciutats properes com s\u00f3n Esplugues de Llobregat i\u00a0Cornell\u00e0 de Llobregat, i finalment la ciutat de Barcelona.<\/span><\/p>\n<p>&nbsp;<\/p>\n<p><strong>Can Vidalet (Esplugues de Llobregat)<\/strong><\/p>\n<p><span style=\"color: #666699\">Esplugues de Llobregat\u00a0\u00e9s el municipi\u00a0m\u00e9s petit en extensi\u00f3 de la comarca\u00a0del Baix Llobregat, tot i que fins al 1990\u00a0va pert\u00e0nyer al Barcelon\u00e9s. Limita amb els municipis de Barcelona, Cornell\u00e0 de Llobregat, Sant Just Desvern, Sant Joan Desp\u00ed i L&#8217;Hospitalet de Llobregat.<\/span><\/p>\n<p><span style=\"color: #666699\">Esplugues destaca pel seu nucli antic, \u00fanic al Baix Llobregat\u00a0presidit per l&#8217;Esgl\u00e9sia de Santa Magdalena,\u00a0i amb indrets tan pintorescs com el Carrer de Montserrat o masies com\u00a0Can Cortada,\u00a0on va viure el\u00a0Bar\u00f3 de Mald\u00e0, autor de l&#8217;obra clau de la literatura catalana de finals del segle XVIII,\u00a0<i>El Calaix de Sastre<\/i>. A la masia de Can Casanoves, ara convertida en monestir, s&#8217;hi conserva el claustre g\u00f2tic del\u00a0Monestir de Santa Maria de Montsi\u00f3, portat des de Barcelona.<\/span><\/p>\n<p><span style=\"color: #666699\">Can Vidalet \u00e9s un barri d&#8217;Esplugues de Llobregat i limita pel nord amb el barri de Can Clota, tamb\u00e9 d&#8217;Esplugues, i els barris de Can Serra i Pubilla Cases de L&#8217;Hospitalet de Llobregat.<\/span><\/p>\n<p><span style=\"color: #666699\">El barri de Can Vidalet compte amb diverses zones verdes, com el Parc de Can Vidalet, de origen modernista que anteriorment havia estat una finca d&#8217;estiueig de algunes fam\u00edlies de l&#8217;alta burguesia barcelonesa.\u00a0Una altre\u00a0zona verda amb diversos espais l\u00fadics i esportius\u00a0\u00e9s el Parc de la Solidaritat.<\/span><\/p>\n<p><span style=\"color: #666699\">La zona ha vist incrementat el nombre de ciutadans d&#8217;origen estranger, majorit\u00e0riament de proced\u00e8ncia llatinoamericana, que ocupen les zones m\u00e9s properes al municipi de L&#8217;Hospitalet de Llobregat, repetint aix\u00ed la din\u00e0mica migrat\u00f2ria que des del segle XX es d\u00f3na a l&#8217;\u00e0rea metropolitana de Barcelona que ha creat una comunitat amb or\u00edgens diversos.<\/span><\/p>\n","protected":false},"excerpt":{"rendered":"<p>Pubilla Cases (L&#8217;Hospitalet de Llobregat) L&#8217;Hospitalet \u00e9s un municipi de la comarca del Barcelon\u00e8s. D\u00f3na continu\u00eftat a la trama urbana de Barcelona cap al sud. Est\u00e0 situat entre els municipis d&#8217;Esplugues de Llobregat, Cornell\u00e0 de Llobregat i El Prat de Llobregat, i al marge esquerre del riu Llobregat. Amb una poblaci\u00f3 de 254.804 habitants (2016) [&hellip;]<\/p>\n","protected":false},"author":176,"featured_media":0,"parent":0,"menu_order":0,"comment_status":"closed","ping_status":"closed","template":"","meta":{"footnotes":""},"class_list":["post-52","page","type-page","status-publish","czr-hentry"],"_links":{"self":[{"href":"https:\/\/bloc.xarxa-omnia.org\/blogomniapubilla\/wp-json\/wp\/v2\/pages\/52","targetHints":{"allow":["GET"]}}],"collection":[{"href":"https:\/\/bloc.xarxa-omnia.org\/blogomniapubilla\/wp-json\/wp\/v2\/pages"}],"about":[{"href":"https:\/\/bloc.xarxa-omnia.org\/blogomniapubilla\/wp-json\/wp\/v2\/types\/page"}],"author":[{"embeddable":true,"href":"https:\/\/bloc.xarxa-omnia.org\/blogomniapubilla\/wp-json\/wp\/v2\/users\/176"}],"replies":[{"embeddable":true,"href":"https:\/\/bloc.xarxa-omnia.org\/blogomniapubilla\/wp-json\/wp\/v2\/comments?post=52"}],"version-history":[{"count":8,"href":"https:\/\/bloc.xarxa-omnia.org\/blogomniapubilla\/wp-json\/wp\/v2\/pages\/52\/revisions"}],"predecessor-version":[{"id":663,"href":"https:\/\/bloc.xarxa-omnia.org\/blogomniapubilla\/wp-json\/wp\/v2\/pages\/52\/revisions\/663"}],"wp:attachment":[{"href":"https:\/\/bloc.xarxa-omnia.org\/blogomniapubilla\/wp-json\/wp\/v2\/media?parent=52"}],"curies":[{"name":"wp","href":"https:\/\/api.w.org\/{rel}","templated":true}]}}