{"id":54,"date":"2016-10-26T20:37:49","date_gmt":"2016-10-26T20:37:49","guid":{"rendered":"http:\/\/xarxaomnia.gencat.cat\/blocs\/blogomniapubilla\/?page_id=54"},"modified":"2020-05-13T11:36:17","modified_gmt":"2020-05-13T11:36:17","slug":"contacta","status":"publish","type":"page","link":"https:\/\/bloc.xarxa-omnia.org\/blogomniapubilla\/contacta\/","title":{"rendered":"Contacte"},"content":{"rendered":"<p><strong>Punt \u00d2mnia Pubilla Cases Can Vidalet<\/strong><\/p>\n<p>(Club d&#8217;Esplai Pubilla Cases Can Vidalet)<\/p>\n<p>Pla\u00e7a de la B\u00f2bila, 1<\/p>\n<p>08906 &#8211; L&#8217;Hospitalet de Llobregat<\/p>\n<p>Tel\u00e8fon: 934384896<\/p>\n<p>E-mail: e_pubillacasas@xarxaomnia.gencat.cat<\/p>\n<p>Horari d&#8217;atenci\u00f3 directa:<\/p>\n<ul>\n<li>Dimarts: 16 &#8211; 17:30h<\/li>\n<li>Dijous: 10 &#8211; 11:30h<\/li>\n<\/ul>\n<p><img loading=\"lazy\" decoding=\"async\" class=\"aligncenter size-full wp-image-728\" src=\"http:\/\/xarxaomnia.gencat.cat\/blocs\/blogomniapubilla\/files\/2016\/10\/mapa.jpg\" alt=\"mapa\" width=\"794\" height=\"801\" srcset=\"https:\/\/bloc.xarxa-omnia.org\/blogomniapubilla\/files\/2016\/10\/mapa.jpg 794w, https:\/\/bloc.xarxa-omnia.org\/blogomniapubilla\/files\/2016\/10\/mapa-150x150.jpg 150w, https:\/\/bloc.xarxa-omnia.org\/blogomniapubilla\/files\/2016\/10\/mapa-297x300.jpg 297w, https:\/\/bloc.xarxa-omnia.org\/blogomniapubilla\/files\/2016\/10\/mapa-768x775.jpg 768w\" sizes=\"auto, (max-width: 794px) 100vw, 794px\" \/><\/p>\n<p style=\"text-align: center\"><a href=\"https:\/\/goo.gl\/maps\/fxL1wbLjiiC2\">https:\/\/goo.gl\/maps\/fxL1wbLjiiC2<\/a><\/p>\n","protected":false},"excerpt":{"rendered":"<p>Punt \u00d2mnia Pubilla Cases Can Vidalet (Club d&#8217;Esplai Pubilla Cases Can Vidalet) Pla\u00e7a de la B\u00f2bila, 1 08906 &#8211; L&#8217;Hospitalet de Llobregat Tel\u00e8fon: 934384896 E-mail: e_pubillacasas@xarxaomnia.gencat.cat Horari d&#8217;atenci\u00f3 directa: Dimarts: 16 &#8211; 17:30h Dijous: 10 &#8211; 11:30h https:\/\/goo.gl\/maps\/fxL1wbLjiiC2<\/p>\n","protected":false},"author":176,"featured_media":0,"parent":0,"menu_order":0,"comment_status":"closed","ping_status":"closed","template":"","meta":{"footnotes":""},"class_list":["post-54","page","type-page","status-publish","czr-hentry"],"_links":{"self":[{"href":"https:\/\/bloc.xarxa-omnia.org\/blogomniapubilla\/wp-json\/wp\/v2\/pages\/54","targetHints":{"allow":["GET"]}}],"collection":[{"href":"https:\/\/bloc.xarxa-omnia.org\/blogomniapubilla\/wp-json\/wp\/v2\/pages"}],"about":[{"href":"https:\/\/bloc.xarxa-omnia.org\/blogomniapubilla\/wp-json\/wp\/v2\/types\/page"}],"author":[{"embeddable":true,"href":"https:\/\/bloc.xarxa-omnia.org\/blogomniapubilla\/wp-json\/wp\/v2\/users\/176"}],"replies":[{"embeddable":true,"href":"https:\/\/bloc.xarxa-omnia.org\/blogomniapubilla\/wp-json\/wp\/v2\/comments?post=54"}],"version-history":[{"count":15,"href":"https:\/\/bloc.xarxa-omnia.org\/blogomniapubilla\/wp-json\/wp\/v2\/pages\/54\/revisions"}],"predecessor-version":[{"id":1148,"href":"https:\/\/bloc.xarxa-omnia.org\/blogomniapubilla\/wp-json\/wp\/v2\/pages\/54\/revisions\/1148"}],"wp:attachment":[{"href":"https:\/\/bloc.xarxa-omnia.org\/blogomniapubilla\/wp-json\/wp\/v2\/media?parent=54"}],"curies":[{"name":"wp","href":"https:\/\/api.w.org\/{rel}","templated":true}]}}