{"id":10,"date":"2008-09-22T13:31:27","date_gmt":"2008-09-22T11:31:27","guid":{"rendered":"http:\/\/blog.xarxa-omnia.org\/boletquest\/tasca\/les-parts-dun-bolet\/"},"modified":"2009-02-17T15:27:17","modified_gmt":"2009-02-17T13:27:17","slug":"les-parts-dun-bolet","status":"publish","type":"page","link":"https:\/\/bloc.xarxa-omnia.org\/boletquest\/recursos\/les-parts-dun-bolet\/","title":{"rendered":"Les parts d&#8217;un bolet"},"content":{"rendered":"<p>Con\u00e8ixer les parts de qu\u00e8 es composa un bolet i les seves possibles formes ens ajudar\u00e0 a distingir els uns dels d&#8217;altres. En aques<img loading=\"lazy\" decoding=\"async\" src=\"http:\/\/blog.xarxa-omnia.org\/boletquest\/files\/2008\/09\/partsbolet_viquipedia_2.jpg\" alt=\"Viquip\u00e8dia\" align=\"right\" height=\"127\" width=\"124\" \/>tes p\u00e0gines trobar\u00e0s il\u00b7lustracions per aprendre l&#8217;estructura b\u00e0sica dels bolets:<\/p>\n<ul>\n<li>Al web de <a href=\"http:\/\/www.vegueries.com\/monografics\/mico_partesCAT.asp\" target=\"_blank\">www.vegueries.com<\/a> trobar\u00e0s, tant informaci\u00f3 sobre els tipus de bolets, calendari de recol\u00b7lecci\u00f3 i consells pr\u00e0ctics, com les parts de qu\u00e8 es composa un bolet.<\/li>\n<li>La <a href=\"http:\/\/ca.wikipedia.org\/wiki\/Bolets\">Viquip\u00e8dia<\/a> tamb\u00e9 t\u00e9 dibuixos per distingir els diferents tipus de capell que poden tenir els bolets.<a href=\"http:\/\/blog.xarxa-omnia.org\/boletquest\/files\/2008\/09\/partsbolet_jaumecarles.jpg\" title=\"El m\u00f3n dels bolets\"><br \/>\n<\/a><\/li>\n<li>El <a href=\"http:\/\/www.terra.es\/personal2\/jaumecarles\/pagina_nueva_5.htm\" target=\"_blank\">M\u00f3n dels Bolets<\/a> fa una descripci\u00f3 prou extensa sobre les parts del bolet i com es reprodueixen.<\/li>\n<\/ul>\n<table>\n<tr>\n<td bgcolor=\"#fbf9e0\"><img decoding=\"async\" src=\"http:\/\/blog.xarxa-omnia.org\/boletquest\/files\/2008\/09\/ames_petit__taronja_fonsbeige.png\" alt=\"A m\u00e9s a m\u00e9s\" \/>Si t&#8217;interessa la <strong>biologia<\/strong>, no et pots perdre la <a href=\"http:\/\/species.wikimedia.org\/wiki\/Portada\">Wikispecies<\/a>! \u00c9s un projecte que pret\u00e9n recollir informaci\u00f3 sobre tot tipus de forma de vida, per crear un repertori accessible a tothom. Com els altres webs de la Fundaci\u00f3 Wikim\u00e8dia, es basa en la contribuci\u00f3 de tots els i les participants (est\u00e0 en castell\u00e0 i en angl\u00e8s).<\/td>\n<\/tr>\n<\/table>\n","protected":false},"excerpt":{"rendered":"<p>Con\u00e8ixer les parts de qu\u00e8 es composa un bolet i les seves possibles formes ens ajudar\u00e0 a distingir els uns dels d&#8217;altres. En aquestes p\u00e0gines trobar\u00e0s il\u00b7lustracions per aprendre l&#8217;estructura b\u00e0sica dels bolets: Al web de www.vegueries.com trobar\u00e0s, tant informaci\u00f3 sobre els tipus de bolets, calendari de recol\u00b7lecci\u00f3 i consells pr\u00e0ctics, com les parts de [&hellip;]<\/p>\n","protected":false},"author":61,"featured_media":0,"parent":4,"menu_order":2,"comment_status":"open","ping_status":"open","template":"","meta":{"ngg_post_thumbnail":0,"footnotes":""},"class_list":["post-10","page","type-page","status-publish","hentry"],"_links":{"self":[{"href":"https:\/\/bloc.xarxa-omnia.org\/boletquest\/wp-json\/wp\/v2\/pages\/10","targetHints":{"allow":["GET"]}}],"collection":[{"href":"https:\/\/bloc.xarxa-omnia.org\/boletquest\/wp-json\/wp\/v2\/pages"}],"about":[{"href":"https:\/\/bloc.xarxa-omnia.org\/boletquest\/wp-json\/wp\/v2\/types\/page"}],"author":[{"embeddable":true,"href":"https:\/\/bloc.xarxa-omnia.org\/boletquest\/wp-json\/wp\/v2\/users\/61"}],"replies":[{"embeddable":true,"href":"https:\/\/bloc.xarxa-omnia.org\/boletquest\/wp-json\/wp\/v2\/comments?post=10"}],"version-history":[{"count":0,"href":"https:\/\/bloc.xarxa-omnia.org\/boletquest\/wp-json\/wp\/v2\/pages\/10\/revisions"}],"up":[{"embeddable":true,"href":"https:\/\/bloc.xarxa-omnia.org\/boletquest\/wp-json\/wp\/v2\/pages\/4"}],"wp:attachment":[{"href":"https:\/\/bloc.xarxa-omnia.org\/boletquest\/wp-json\/wp\/v2\/media?parent=10"}],"curies":[{"name":"wp","href":"https:\/\/api.w.org\/{rel}","templated":true}]}}