{"id":11,"date":"2008-09-22T13:32:25","date_gmt":"2008-09-22T11:32:25","guid":{"rendered":"http:\/\/blog.xarxa-omnia.org\/boletquest\/tasca\/quins-bolets-son-comestibles\/"},"modified":"2008-10-06T13:19:38","modified_gmt":"2008-10-06T11:19:38","slug":"quins-bolets-son-comestibles","status":"publish","type":"page","link":"https:\/\/bloc.xarxa-omnia.org\/boletquest\/recursos\/quins-bolets-son-comestibles\/","title":{"rendered":"Quins bolets s\u00f3n comestibles?"},"content":{"rendered":"<p><a href=\"http:\/\/blog.xarxa-omnia.org\/boletquest\/files\/2008\/09\/comestibles_joc.jpg\" title=\"Fes clic sobre la imatge per jugar-hi!\"><br \/>\n<\/a>\u00c9s molt important destriar quins bolets podem menjar i quins s\u00f3n t\u00f2xics:<\/p>\n<p><a href=\"http:\/\/www.grn.es\/amjc\/curs.htm#primerespasses\" title=\"Joaquim Codina\"><br \/>\n<\/a><\/p>\n<ul>\n<li>L&#8217;<a href=\"http:\/\/www.grn.es\/amjc\/curs.htm#primerespasses\" target=\"_blank\">Associaci\u00f3 Micol\u00f2gica Joaquim Codina<\/a> ens d\u00f3na consells \u00fatils i pistes per observar els bolets i distingir quins s\u00f3n comestibles i quins no.<\/li>\n<li>Arquired dedica una p\u00e0gina als bolets <a href=\"http:\/\/www.arquired.es\/users\/boletsweb\/bons.htm\" target=\"_blank\">bons<\/a> i als <a href=\"http:\/\/www.arquired.es\/users\/boletsweb\/perill.htm\" target=\"_blank\">perillosos<\/a> de la comarca de la Garrotxa.<\/li>\n<li>I per acabar, no deixis de ficar els bolets comestibles dins la cistella amb <a href=\"http:\/\/www.edu365.cat\/infantil\/monperunforat\/bolets\/activitat\/trossos.html\" target=\"_blank\">aquest joc<\/a> d&#8217;edu365!<\/li>\n<\/ul>\n<p><a href=\"http:\/\/www.edu365.cat\/infantil\/monperunforat\/bolets\/activitat\/trossos.html\" title=\"Fes clic sobre la imatge per jugar-hi!\"><\/a><\/p>\n<p align=\"center\"><a href=\"http:\/\/www.edu365.cat\/infantil\/monperunforat\/bolets\/activitat\/trossos.html\" target=\"_blank\" title=\"Fes clic sobre la imatge per jugar-hi!\"><img decoding=\"async\" src=\"http:\/\/blog.xarxa-omnia.org\/boletquest\/files\/2008\/09\/comestibles_joc.jpg\" alt=\"Fes clic sobre la imatge per jugar-hi!\" align=\"center\" \/><\/a><\/p>\n<p align=\"center\">&nbsp;<\/p>\n<table>\n<tr>\n<td bgcolor=\"#fbf9e0\"><img decoding=\"async\" src=\"http:\/\/blog.xarxa-omnia.org\/boletquest\/files\/2008\/09\/ames_petit__taronja_fonsbeige.png\" \/>Com amb els bolets, a la xarxa tamb\u00e9 \u00e9s dif\u00edcil destriar quines p\u00e0gines o arxius poden ser &#8220;t\u00f2xics&#8221; per al nostre ordinador.<a href=\"http:\/\/www.virustotal.com\/es\/\" target=\"_blank\"> Virustotal.com<\/a> \u00e9s una aplicaci\u00f3 en l\u00ednia que<strong> analitza arxius<\/strong> sospitosos de portar virus, trojans i altres tipus de &#8220;malware&#8221; (Atenci\u00f3, no aquesta eina NO \u00e9s un antivirus; est\u00e0 en castell\u00e0).<\/td>\n<\/tr>\n<\/table>\n","protected":false},"excerpt":{"rendered":"<p>\u00c9s molt important destriar quins bolets podem menjar i quins s\u00f3n t\u00f2xics: L&#8217;Associaci\u00f3 Micol\u00f2gica Joaquim Codina ens d\u00f3na consells \u00fatils i pistes per observar els bolets i distingir quins s\u00f3n comestibles i quins no. Arquired dedica una p\u00e0gina als bolets bons i als perillosos de la comarca de la Garrotxa. I per acabar, no deixis [&hellip;]<\/p>\n","protected":false},"author":61,"featured_media":0,"parent":4,"menu_order":3,"comment_status":"open","ping_status":"open","template":"","meta":{"ngg_post_thumbnail":0,"footnotes":""},"class_list":["post-11","page","type-page","status-publish","hentry"],"_links":{"self":[{"href":"https:\/\/bloc.xarxa-omnia.org\/boletquest\/wp-json\/wp\/v2\/pages\/11","targetHints":{"allow":["GET"]}}],"collection":[{"href":"https:\/\/bloc.xarxa-omnia.org\/boletquest\/wp-json\/wp\/v2\/pages"}],"about":[{"href":"https:\/\/bloc.xarxa-omnia.org\/boletquest\/wp-json\/wp\/v2\/types\/page"}],"author":[{"embeddable":true,"href":"https:\/\/bloc.xarxa-omnia.org\/boletquest\/wp-json\/wp\/v2\/users\/61"}],"replies":[{"embeddable":true,"href":"https:\/\/bloc.xarxa-omnia.org\/boletquest\/wp-json\/wp\/v2\/comments?post=11"}],"version-history":[{"count":0,"href":"https:\/\/bloc.xarxa-omnia.org\/boletquest\/wp-json\/wp\/v2\/pages\/11\/revisions"}],"up":[{"embeddable":true,"href":"https:\/\/bloc.xarxa-omnia.org\/boletquest\/wp-json\/wp\/v2\/pages\/4"}],"wp:attachment":[{"href":"https:\/\/bloc.xarxa-omnia.org\/boletquest\/wp-json\/wp\/v2\/media?parent=11"}],"curies":[{"name":"wp","href":"https:\/\/api.w.org\/{rel}","templated":true}]}}