{"id":12,"date":"2008-09-22T13:33:16","date_gmt":"2008-09-22T11:33:16","guid":{"rendered":"http:\/\/blog.xarxa-omnia.org\/boletquest\/tasca\/on-anirem-a-collir-bolets\/"},"modified":"2008-10-06T19:33:11","modified_gmt":"2008-10-06T17:33:11","slug":"on-anirem-a-collir-bolets","status":"publish","type":"page","link":"https:\/\/bloc.xarxa-omnia.org\/boletquest\/recursos\/on-anirem-a-collir-bolets\/","title":{"rendered":"On anirem a collir bolets?"},"content":{"rendered":"<p>Tria la ruta tu mateix\/a!:<\/p>\n<ul>\n<li><a href=\"http:\/\/www.bolets.info\/rutes-catalunya-bolets-llocs.asp\" target=\"_blank\">Bolets.info<\/a> ens situa les principals rutes boletaires de Catalunya dins del mapa.<\/li>\n<li>A <a href=\"http:\/\/www.micologia.net\/campo\/campo.htm\" target=\"_blank\">www.micologia.net<\/a> ens expliquen quins bolets trobarem segons el tipus d&#8217;habitat (en castell\u00e0).<\/li>\n<li> I per tenir ben clar millor on trobar quin bolet, posa a prova la teva vista i converteix-te en el\/a m\u00e9s r\u00e0pid\/a dels e-boletaires amb aquest joc de <a href=\"http:\/\/www.tocatsdelbolet.com\/eboletaire.htm\" target=\"_blank\">www.tocatsdelbolet.com.<\/a><\/li>\n<\/ul>\n<p align=\"center\"><a href=\"http:\/\/www.tocatsdelbolet.com\" title=\"Fes clic sobre la imatge per jugar-hi!\" target=\"_blank\"><img decoding=\"async\" src=\"http:\/\/blog.xarxa-omnia.org\/boletquest\/files\/2008\/09\/on-eboletaire.jpg\" alt=\"Fes clic sobre la imatge per jugar-hi!\" \/><\/a><\/p>\n<p align=\"left\">\n<table>\n<tr>\n<td bgcolor=\"#fbf9e0\"><img decoding=\"async\" src=\"http:\/\/blog.xarxa-omnia.org\/boletquest\/files\/2008\/09\/ames_petit__taronja_fonsbeige.png\" \/>Si ets boletaire, t&#8217;agrada practicar esports a l&#8217;aire lliure o fer excursions, el <a href=\"http:\/\/ca.wikiloc.com\/wikiloc\/home.do\" target=\"_blank\">Wikiloc<\/a> t&#8217;interessa! Pots recomanar <strong>les teves rutes preferides<\/strong> i con\u00e8ixer d&#8217;altres de tot el m\u00f3n, localitzades al mapa i amb detalls sobre les dist\u00e0ncies i nivells de dificultat, entre altres.<\/td>\n<\/tr>\n<\/table>\n","protected":false},"excerpt":{"rendered":"<p>Tria la ruta tu mateix\/a!: Bolets.info ens situa les principals rutes boletaires de Catalunya dins del mapa. A www.micologia.net ens expliquen quins bolets trobarem segons el tipus d&#8217;habitat (en castell\u00e0). I per tenir ben clar millor on trobar quin bolet, posa a prova la teva vista i converteix-te en el\/a m\u00e9s r\u00e0pid\/a dels e-boletaires amb [&hellip;]<\/p>\n","protected":false},"author":61,"featured_media":0,"parent":4,"menu_order":4,"comment_status":"open","ping_status":"open","template":"","meta":{"ngg_post_thumbnail":0,"footnotes":""},"class_list":["post-12","page","type-page","status-publish","hentry"],"_links":{"self":[{"href":"https:\/\/bloc.xarxa-omnia.org\/boletquest\/wp-json\/wp\/v2\/pages\/12","targetHints":{"allow":["GET"]}}],"collection":[{"href":"https:\/\/bloc.xarxa-omnia.org\/boletquest\/wp-json\/wp\/v2\/pages"}],"about":[{"href":"https:\/\/bloc.xarxa-omnia.org\/boletquest\/wp-json\/wp\/v2\/types\/page"}],"author":[{"embeddable":true,"href":"https:\/\/bloc.xarxa-omnia.org\/boletquest\/wp-json\/wp\/v2\/users\/61"}],"replies":[{"embeddable":true,"href":"https:\/\/bloc.xarxa-omnia.org\/boletquest\/wp-json\/wp\/v2\/comments?post=12"}],"version-history":[{"count":0,"href":"https:\/\/bloc.xarxa-omnia.org\/boletquest\/wp-json\/wp\/v2\/pages\/12\/revisions"}],"up":[{"embeddable":true,"href":"https:\/\/bloc.xarxa-omnia.org\/boletquest\/wp-json\/wp\/v2\/pages\/4"}],"wp:attachment":[{"href":"https:\/\/bloc.xarxa-omnia.org\/boletquest\/wp-json\/wp\/v2\/media?parent=12"}],"curies":[{"name":"wp","href":"https:\/\/api.w.org\/{rel}","templated":true}]}}