{"id":2,"date":"2008-09-18T13:13:12","date_gmt":"2008-09-18T11:13:12","guid":{"rendered":""},"modified":"2008-10-06T13:44:45","modified_gmt":"2008-10-06T11:44:45","slug":"quant-a","status":"publish","type":"page","link":"https:\/\/bloc.xarxa-omnia.org\/boletquest\/","title":{"rendered":"Inici"},"content":{"rendered":"<p>Octubre \u00e9s el mes dels bolets, per\u00f2 no nom\u00e9s en trobarem al bosc. Tant si plou, com si no, podrem fer la <strong>BoletQuest<\/strong> d&#8217;\u00d2mnia!<\/p>\n<p>Com amb qualsevol altra Webquest, hem de seguir uns senzills passos per completar-la:<\/p>\n<ul>\n<li><a href=\"http:\/\/blog.xarxa-omnia.org\/boletquest\/tasca\/\">Tasca:<\/a> <strong>qu\u00e8<\/strong> he de fer a la BoletQuest?<\/li>\n<li><a href=\"http:\/\/blog.xarxa-omnia.org\/boletquest\/recursos\/\">Recursos:<\/a> per comen\u00e7ar, fes un tomb per unes quantes <strong>adreces web<\/strong> i diverteix-te amb <strong>jocs <\/strong>que et faran m\u00e9s f\u00e0cil acomplir la tasca (inclouen uns <strong><em>a m\u00e9s a m\u00e9s<\/em><\/strong>: recursos \u00fatils no nom\u00e9s per trobar bolets!).<\/li>\n<li><a href=\"http:\/\/blog.xarxa-omnia.org\/boletquest\/resultats\/\">BoletQuiz:<\/a> esbrina si ets un\/a bon\/a boletquestaire i <a href=\"http:\/\/blog.xarxa-omnia.org\/boletquest\/files\/2008\/09\/taula_respostes_boletquiz.odt\">envia&#8217;ns les respostes<\/a>, el teu esfor\u00e7 tindr\u00e0 <strong>recompensa<\/strong>!<\/li>\n<\/ul>\n<table>\n<tr>\n<td bgcolor=\"#fbf9e0\"><img decoding=\"async\" src=\"http:\/\/blog.xarxa-omnia.org\/boletquest\/files\/2008\/09\/ames_petit__taronja_fonsbeige.png\" \/>Si vols m\u00e9s informaci\u00f3 sobre qu\u00e8 \u00e9s una webquest, consulta el web de la <a href=\"http:\/\/www.webquestcat.cat\/\/\" target=\"_blank\">Comunitat Catalana de Webquest<\/a>.<\/td>\n<\/tr>\n<\/table>\n","protected":false},"excerpt":{"rendered":"<p>Octubre \u00e9s el mes dels bolets, per\u00f2 no nom\u00e9s en trobarem al bosc. Tant si plou, com si no, podrem fer la BoletQuest d&#8217;\u00d2mnia! Com amb qualsevol altra Webquest, hem de seguir uns senzills passos per completar-la: Tasca: qu\u00e8 he de fer a la BoletQuest? Recursos: per comen\u00e7ar, fes un tomb per unes quantes adreces [&hellip;]<\/p>\n","protected":false},"author":1,"featured_media":0,"parent":0,"menu_order":1,"comment_status":"open","ping_status":"open","template":"","meta":{"ngg_post_thumbnail":0,"footnotes":""},"class_list":["post-2","page","type-page","status-publish","hentry"],"_links":{"self":[{"href":"https:\/\/bloc.xarxa-omnia.org\/boletquest\/wp-json\/wp\/v2\/pages\/2","targetHints":{"allow":["GET"]}}],"collection":[{"href":"https:\/\/bloc.xarxa-omnia.org\/boletquest\/wp-json\/wp\/v2\/pages"}],"about":[{"href":"https:\/\/bloc.xarxa-omnia.org\/boletquest\/wp-json\/wp\/v2\/types\/page"}],"author":[{"embeddable":true,"href":"https:\/\/bloc.xarxa-omnia.org\/boletquest\/wp-json\/wp\/v2\/users\/1"}],"replies":[{"embeddable":true,"href":"https:\/\/bloc.xarxa-omnia.org\/boletquest\/wp-json\/wp\/v2\/comments?post=2"}],"version-history":[{"count":0,"href":"https:\/\/bloc.xarxa-omnia.org\/boletquest\/wp-json\/wp\/v2\/pages\/2\/revisions"}],"wp:attachment":[{"href":"https:\/\/bloc.xarxa-omnia.org\/boletquest\/wp-json\/wp\/v2\/media?parent=2"}],"curies":[{"name":"wp","href":"https:\/\/api.w.org\/{rel}","templated":true}]}}