{"id":3,"date":"2008-09-18T13:59:54","date_gmt":"2008-09-18T11:59:54","guid":{"rendered":"http:\/\/blog.xarxa-omnia.org\/boletquest\/tasca\/"},"modified":"2008-10-06T19:31:41","modified_gmt":"2008-10-06T17:31:41","slug":"tasca","status":"publish","type":"page","link":"https:\/\/bloc.xarxa-omnia.org\/boletquest\/tasca\/","title":{"rendered":"Tasca"},"content":{"rendered":"<p>Amb la BoletQuest et convertir\u00e0s en un\/a boletaire expert\/a!<\/p>\n<p>Et proposem seguir el <a href=\"http:\/\/blog.xarxa-omnia.org\/boletquest\/recursos\/\">cam\u00ed de recursos<\/a> per aprendre m\u00e9s i m\u00e9s sobre aquests habitants del bosc. I que despr\u00e9s posis a prova tot el que has apr\u00e8s amb el <a href=\"http:\/\/blog.xarxa-omnia.org\/boletquest\/resultats\/\">Boletquiz<\/a>.<\/p>\n<p>Esperem les teves <strong>respostes<\/strong> (segueix les instruccions de l&#8217;apartat del <a href=\"http:\/\/blog.xarxa-omnia.org\/boletquest\/resultats\/\">Boletquiz<\/a>), amb una<strong> imatge<\/strong> del teu bolet preferit i ens digues perqu\u00e8 t&#8217;agrada. Demana al dinamitzador\/a del teu Punt \u00d2mnia el correu electr\u00f2nic on els has d&#8217;adre\u00e7ar.<\/p>\n<p>Penjarem les teves imatges a aquest bloc i com a regal, obtindr\u00e0s <font color=\"#000000\"><strong>el protector de pantalla<\/strong><\/font> de la tardor a \u00d2mnia per al teu ordinador!<\/p>\n<p align=\"center\"><img decoding=\"async\" src=\"http:\/\/blog.xarxa-omnia.org\/boletquest\/files\/2008\/09\/captura_salvapant_escapcada2.jpg\" alt=\"Una petita part del protector de pantalla\" width=\"150\" \/><\/p>\n<p align=\"center\">\u00a0<a href=\"http:\/\/blog.xarxa-omnia.org\/boletquest\/files\/2008\/09\/captura_salvapant_escapcada.jpg\" title=\"Captura del protector de pantalla\"><br \/>\n<\/a><\/p>\n<table>\n<tr>\n<td bgcolor=\"#fbf9e0\"><font color=\"#e65a00\"><strong>A m\u00e9s a m\u00e9s&#8230;<\/strong><\/font><br \/>\nCom que de vegades cercar webs interessants a la xarxa \u00e9s com anar a per bolets, al cam\u00ed de recursos trobar\u00e0s<strong> altres adreces \u00fatils<\/strong>, que pots aplicar en molts \u00e0mbits de la teva vida di\u00e0ria.<\/td>\n<td bgcolor=\"#fbf9e0\"><img decoding=\"async\" src=\"http:\/\/blog.xarxa-omnia.org\/boletquest\/files\/2008\/09\/ames_petit__taronja_fonsbeige.png\" align=\"right\" \/><\/td>\n<\/tr>\n<\/table>\n","protected":false},"excerpt":{"rendered":"<p>Amb la BoletQuest et convertir\u00e0s en un\/a boletaire expert\/a! Et proposem seguir el cam\u00ed de recursos per aprendre m\u00e9s i m\u00e9s sobre aquests habitants del bosc. I que despr\u00e9s posis a prova tot el que has apr\u00e8s amb el Boletquiz. Esperem les teves respostes (segueix les instruccions de l&#8217;apartat del Boletquiz), amb una imatge del [&hellip;]<\/p>\n","protected":false},"author":61,"featured_media":0,"parent":0,"menu_order":2,"comment_status":"open","ping_status":"open","template":"","meta":{"ngg_post_thumbnail":0,"footnotes":""},"class_list":["post-3","page","type-page","status-publish","hentry"],"_links":{"self":[{"href":"https:\/\/bloc.xarxa-omnia.org\/boletquest\/wp-json\/wp\/v2\/pages\/3","targetHints":{"allow":["GET"]}}],"collection":[{"href":"https:\/\/bloc.xarxa-omnia.org\/boletquest\/wp-json\/wp\/v2\/pages"}],"about":[{"href":"https:\/\/bloc.xarxa-omnia.org\/boletquest\/wp-json\/wp\/v2\/types\/page"}],"author":[{"embeddable":true,"href":"https:\/\/bloc.xarxa-omnia.org\/boletquest\/wp-json\/wp\/v2\/users\/61"}],"replies":[{"embeddable":true,"href":"https:\/\/bloc.xarxa-omnia.org\/boletquest\/wp-json\/wp\/v2\/comments?post=3"}],"version-history":[{"count":0,"href":"https:\/\/bloc.xarxa-omnia.org\/boletquest\/wp-json\/wp\/v2\/pages\/3\/revisions"}],"wp:attachment":[{"href":"https:\/\/bloc.xarxa-omnia.org\/boletquest\/wp-json\/wp\/v2\/media?parent=3"}],"curies":[{"name":"wp","href":"https:\/\/api.w.org\/{rel}","templated":true}]}}