{"id":4,"date":"2008-09-18T14:00:55","date_gmt":"2008-09-18T12:00:55","guid":{"rendered":"http:\/\/blog.xarxa-omnia.org\/boletquest\/recursos\/"},"modified":"2008-10-06T17:06:48","modified_gmt":"2008-10-06T15:06:48","slug":"recursos","status":"publish","type":"page","link":"https:\/\/bloc.xarxa-omnia.org\/boletquest\/recursos\/","title":{"rendered":"Recursos"},"content":{"rendered":"<p>Per a completar aquesta BoletQuest, recorda de posar-te roba i sabates c\u00f2modes, mira de tenir llum suficient i que la pantalla estigui configurada correctament.<\/p>\n<p>Et proposem un seguit d&#8217;<strong>enlla\u00e7os<\/strong> sobre bolets, amb jocs i passatemps. El llistat de recursos et far\u00e0 de guia per qu\u00e8 no et perdis, i sobretot, que no entris en &#8220;p\u00e0gines t\u00f2xiques&#8221; per a tu o per al teu ordinador. M\u00e9s tard haur\u00e0s d&#8217;aplicar el que hagis apr\u00e8s amb aquests recursos a l&#8217;apartat de <a href=\"http:\/\/blog.xarxa-omnia.org\/boletquest\/resultats\/\">BoletQuiz<\/a>.<\/p>\n<p>Tamb\u00e9 trobar\u00e0s adreces d&#8217;<strong>altres recursos<\/strong>, que et poden ser molt \u00fatils i no nom\u00e9s per cercar bolets!<\/p>\n<p align=\"left\">Bona sort, a collir bolets i m\u00e9s!!!<\/p>\n<p align=\"center\"><a href=\"http:\/\/blog.xarxa-omnia.org\/boletquest\/files\/2008\/09\/bolets_dibuix.jpg\" title=\"\/\/blocs.xtec.cat\/avets\/\" target=\"_blank\"><img decoding=\"async\" src=\"http:\/\/blog.xarxa-omnia.org\/boletquest\/files\/2008\/09\/bolets_dibuix.thumbnail.jpg\" alt=\"Imatge de blocs.xtec.cat\/avets\/\" align=\"middle\" \/><\/a><\/p>\n<table>\n<tr>\n<td bgcolor=\"#fbf9e0\"><img decoding=\"async\" src=\"http:\/\/blog.xarxa-omnia.org\/boletquest\/files\/2008\/09\/ames_petit__taronja_fonsbeige.png\" \/>Si t&#8217;interessa el m\u00f3n de la <strong>micologia<\/strong>, a banda dels recursos de cada apartat, tamb\u00e9 pots consultar aquestes planes web:<\/p>\n<ul>\n<li><a href=\"http:\/\/www.micocat.org\/UNCINULA03\/index.html\" target=\"_blank\">Micocat.org:<\/a> el web de la societat catalana de micologia.<\/li>\n<li><a href=\"http:\/\/www.fontiquer.org\/\" target=\"_blank\">Fontiquer.org<\/a>: adre\u00e7a de l&#8217;associaci\u00f3 micol\u00f2gica Font i Quer.<\/li>\n<li><a href=\"http:\/\/www.euromould.org\/\" target=\"_blank\">Euromold.org<\/a>: lloc de l&#8217;associaci\u00f3 europea de micologia (en angl\u00e8s).<\/li>\n<\/ul>\n<\/td>\n<\/tr>\n<\/table>\n","protected":false},"excerpt":{"rendered":"<p>Per a completar aquesta BoletQuest, recorda de posar-te roba i sabates c\u00f2modes, mira de tenir llum suficient i que la pantalla estigui configurada correctament. Et proposem un seguit d&#8217;enlla\u00e7os sobre bolets, amb jocs i passatemps. El llistat de recursos et far\u00e0 de guia per qu\u00e8 no et perdis, i sobretot, que no entris en &#8220;p\u00e0gines [&hellip;]<\/p>\n","protected":false},"author":61,"featured_media":0,"parent":0,"menu_order":3,"comment_status":"open","ping_status":"open","template":"","meta":{"ngg_post_thumbnail":0,"footnotes":""},"class_list":["post-4","page","type-page","status-publish","hentry"],"_links":{"self":[{"href":"https:\/\/bloc.xarxa-omnia.org\/boletquest\/wp-json\/wp\/v2\/pages\/4","targetHints":{"allow":["GET"]}}],"collection":[{"href":"https:\/\/bloc.xarxa-omnia.org\/boletquest\/wp-json\/wp\/v2\/pages"}],"about":[{"href":"https:\/\/bloc.xarxa-omnia.org\/boletquest\/wp-json\/wp\/v2\/types\/page"}],"author":[{"embeddable":true,"href":"https:\/\/bloc.xarxa-omnia.org\/boletquest\/wp-json\/wp\/v2\/users\/61"}],"replies":[{"embeddable":true,"href":"https:\/\/bloc.xarxa-omnia.org\/boletquest\/wp-json\/wp\/v2\/comments?post=4"}],"version-history":[{"count":0,"href":"https:\/\/bloc.xarxa-omnia.org\/boletquest\/wp-json\/wp\/v2\/pages\/4\/revisions"}],"wp:attachment":[{"href":"https:\/\/bloc.xarxa-omnia.org\/boletquest\/wp-json\/wp\/v2\/media?parent=4"}],"curies":[{"name":"wp","href":"https:\/\/api.w.org\/{rel}","templated":true}]}}