{"id":5,"date":"2008-09-18T14:09:39","date_gmt":"2008-09-18T12:09:39","guid":{"rendered":"http:\/\/blog.xarxa-omnia.org\/boletquest\/resultats\/"},"modified":"2008-09-29T20:53:03","modified_gmt":"2008-09-29T18:53:03","slug":"resultats","status":"publish","type":"page","link":"https:\/\/bloc.xarxa-omnia.org\/boletquest\/resultats\/","title":{"rendered":"El BoletQuiz"},"content":{"rendered":"<p>Com ha anat la ruta pels recursos? Completa el BoletQuest responent al seg\u00fcent <strong>q\u00fcestionari<\/strong>. Per enviar-nos les teves respostes, descarrega i emplena <a href=\"http:\/\/blog.xarxa-omnia.org\/boletquest\/files\/2008\/09\/taula_respostes_boletquiz.odt\">aquesta taula<\/a> en format OpenOffice (consulta la nota al final d&#8217;aquesta p\u00e0gina per a m\u00e9s informaci\u00f3).<\/p>\n<p><iframe loading=\"lazy\" src=\"http:\/\/blog.xarxa-omnia.org\/wp-content\/themes\/boletquest\/Boletquiz.htm\" scrolling=\"no\" width=\"550\" height=\"550\"><\/iframe><\/p>\n<p><strong>IMPORTANT: si en descarregar l&#8217;arxiu d&#8217;OpenOffice est\u00e0 en mode &#8220;Nom\u00e9s lectura&#8221;, fes clic a Arxiu-&gt;Anomena i desa, i guarda una c\u00f2pia al teu ordinador. A aquest nou arxiu podr\u00e0s escriure i inserir imatges, per enviar-nos-lo amb les teves respostes.<\/strong><\/p>\n<table>\n<tr>\n<td bgcolor=\"#fbf9e0\"><img decoding=\"async\" src=\"http:\/\/blog.xarxa-omnia.org\/boletquest\/files\/2008\/09\/ames_petit__taronja_fonsbeige.png\" \/>Envia&#8217;ns la teva <a href=\"http:\/\/blog.xarxa-omnia.org\/boletquest\/files\/2008\/09\/taula_respostes_boletquiz.odt\" title=\"Taula de respostes\">taula de respostes<\/a> del BoletQuiz, i t&#8217;enviarem el protector de pantalla de la tardor a \u00d2mnia!<\/td>\n<\/tr>\n<\/table>\n","protected":false},"excerpt":{"rendered":"<p>Com ha anat la ruta pels recursos? Completa el BoletQuest responent al seg\u00fcent q\u00fcestionari. Per enviar-nos les teves respostes, descarrega i emplena aquesta taula en format OpenOffice (consulta la nota al final d&#8217;aquesta p\u00e0gina per a m\u00e9s informaci\u00f3). IMPORTANT: si en descarregar l&#8217;arxiu d&#8217;OpenOffice est\u00e0 en mode &#8220;Nom\u00e9s lectura&#8221;, fes clic a Arxiu-&gt;Anomena i desa, [&hellip;]<\/p>\n","protected":false},"author":61,"featured_media":0,"parent":0,"menu_order":4,"comment_status":"open","ping_status":"open","template":"","meta":{"ngg_post_thumbnail":0,"footnotes":""},"class_list":["post-5","page","type-page","status-publish","hentry"],"_links":{"self":[{"href":"https:\/\/bloc.xarxa-omnia.org\/boletquest\/wp-json\/wp\/v2\/pages\/5","targetHints":{"allow":["GET"]}}],"collection":[{"href":"https:\/\/bloc.xarxa-omnia.org\/boletquest\/wp-json\/wp\/v2\/pages"}],"about":[{"href":"https:\/\/bloc.xarxa-omnia.org\/boletquest\/wp-json\/wp\/v2\/types\/page"}],"author":[{"embeddable":true,"href":"https:\/\/bloc.xarxa-omnia.org\/boletquest\/wp-json\/wp\/v2\/users\/61"}],"replies":[{"embeddable":true,"href":"https:\/\/bloc.xarxa-omnia.org\/boletquest\/wp-json\/wp\/v2\/comments?post=5"}],"version-history":[{"count":0,"href":"https:\/\/bloc.xarxa-omnia.org\/boletquest\/wp-json\/wp\/v2\/pages\/5\/revisions"}],"wp:attachment":[{"href":"https:\/\/bloc.xarxa-omnia.org\/boletquest\/wp-json\/wp\/v2\/media?parent=5"}],"curies":[{"name":"wp","href":"https:\/\/api.w.org\/{rel}","templated":true}]}}