{"id":2,"date":"2010-11-26T18:32:54","date_gmt":"2010-11-26T16:32:54","guid":{"rendered":""},"modified":"2010-12-01T19:08:33","modified_gmt":"2010-12-01T17:08:33","slug":"about","status":"publish","type":"page","link":"https:\/\/bloc.xarxa-omnia.org\/bonsdesitjos\/","title":{"rendered":"Inici"},"content":{"rendered":"<p style=\"text-align: right; background-color: #272727;\"><a title=\"Inici\" href=\"http:\/\/blog.xarxa-omnia.org\/bonsdesitjos\">Inici<\/a> | <a title=\"Les formes dels desitjos\" href=\"http:\/\/blog.xarxa-omnia.org\/bonsdesitjos\/les-formes-dels-desitjos\/\">Les formes dels desitjos<\/a> | <a title=\"A m\u00e9s a m\u00e9s\" href=\"http:\/\/blog.xarxa-omnia.org\/bonsdesitjos\/a-mes-a-mes\/\">A m\u00e9s a m\u00e9s<\/a><\/p>\n<p style=\"background-color: #9236af; text-align: center;\"><span style=\"color: #ffffff;\"><big><strong>Sempre \u00e9s un bon moment per somniar, per\u00f2 sovint \u00e9s en aquesta \u00e8poca de l\u2019any en qu\u00e8 ens recordem d\u2019enviar els nostres bons desitjos a la gent que estimem.<\/strong><\/big><\/span><\/p>\n<p style=\"background-color: #608F2C; text-align: center;\"><span style=\"color: #ffffff;\"><big><strong>Algun cop has expressat els teus desitjos, idees i il\u00b7lusions de manera col\u00b7laborativa i en multim\u00e8dia? <\/strong><\/big><\/span><\/p>\n<p><center><img loading=\"lazy\" decoding=\"async\" style=\"visibility: hidden; width: 0px; height: 0px;\" src=\"http:\/\/counters.gigya.com\/wildfire\/IMP\/CXNID=2000002.0NXC\/bT*xJmx*PTEyOTEwMzE5MTA*NjYmcHQ9MTI5MTAzMTkyMTU1OSZwPTIwNjQyMSZkPWIxNTQxMTg4Jmc9MiZvPWJkOTI2MDZiOTc1\/MDRhZTk5M2FmMGQ5NTYxNmI2MGU4Jm9mPTA=.gif\" border=\"0\" alt=\"\" width=\"0\" height=\"0\" \/><object classid=\"clsid:d27cdb6e-ae6d-11cf-96b8-444553540000\" width=\"700\" height=\"525\" codebase=\"http:\/\/download.macromedia.com\/pub\/shockwave\/cabs\/flash\/swflash.cab#version=6,0,40,0\"><param name=\"wmode\" value=\"transparent\" \/><param name=\"src\" value=\"http:\/\/voicethread.com\/book.swf?b=1541188\" \/><embed type=\"application\/x-shockwave-flash\" width=\"700\" height=\"525\" src=\"http:\/\/voicethread.com\/book.swf?b=1541188\" wmode=\"transparent\"><\/embed><\/object><\/center><\/p>\n<p><p style=\"text-align:center; background-color: #EF693B;\"><span style=\"color: #000000;\"><strong>NOTA:<\/strong> Per visualitzar correctament aquest multim\u00e8dia, has de tenir habilitat el connector <em>Flash Player<\/em> al navegador. Si no el tens, el pots descarregar <a href=\"http:\/\/get.adobe.com\/es\/flashplayer\/\" title=\"p\u00e0gina per descarregar-se l'Adobe Flash Player\" lang=\"ca\">aqu\u00ed. <\/a><\/span><\/p>\n","protected":false},"excerpt":{"rendered":"<p>Inici | Les formes dels desitjos | A m\u00e9s a m\u00e9s Sempre \u00e9s un bon moment per somniar, per\u00f2 sovint \u00e9s en aquesta \u00e8poca de l\u2019any en qu\u00e8 ens recordem d\u2019enviar els nostres bons desitjos a la gent que estimem. Algun cop has expressat els teus desitjos, idees i il\u00b7lusions de manera col\u00b7laborativa i en [&hellip;]<\/p>\n","protected":false},"author":61,"featured_media":0,"parent":0,"menu_order":1,"comment_status":"closed","ping_status":"open","template":"","meta":{"footnotes":""},"class_list":["post-2","page","type-page","status-publish","hentry","post-preview"],"_links":{"self":[{"href":"https:\/\/bloc.xarxa-omnia.org\/bonsdesitjos\/wp-json\/wp\/v2\/pages\/2","targetHints":{"allow":["GET"]}}],"collection":[{"href":"https:\/\/bloc.xarxa-omnia.org\/bonsdesitjos\/wp-json\/wp\/v2\/pages"}],"about":[{"href":"https:\/\/bloc.xarxa-omnia.org\/bonsdesitjos\/wp-json\/wp\/v2\/types\/page"}],"author":[{"embeddable":true,"href":"https:\/\/bloc.xarxa-omnia.org\/bonsdesitjos\/wp-json\/wp\/v2\/users\/61"}],"replies":[{"embeddable":true,"href":"https:\/\/bloc.xarxa-omnia.org\/bonsdesitjos\/wp-json\/wp\/v2\/comments?post=2"}],"version-history":[{"count":52,"href":"https:\/\/bloc.xarxa-omnia.org\/bonsdesitjos\/wp-json\/wp\/v2\/pages\/2\/revisions"}],"predecessor-version":[{"id":160,"href":"https:\/\/bloc.xarxa-omnia.org\/bonsdesitjos\/wp-json\/wp\/v2\/pages\/2\/revisions\/160"}],"wp:attachment":[{"href":"https:\/\/bloc.xarxa-omnia.org\/bonsdesitjos\/wp-json\/wp\/v2\/media?parent=2"}],"curies":[{"name":"wp","href":"https:\/\/api.w.org\/{rel}","templated":true}]}}