{"id":7,"date":"2010-11-26T20:55:21","date_gmt":"2010-11-26T18:55:21","guid":{"rendered":"http:\/\/xarxaomnia.gencat.cat\/blocs\/bonsdesitjos\/?page_id=7"},"modified":"2010-12-01T18:30:19","modified_gmt":"2010-12-01T16:30:19","slug":"les-formes-dels-desitjos","status":"publish","type":"page","link":"https:\/\/bloc.xarxa-omnia.org\/bonsdesitjos\/les-formes-dels-desitjos\/","title":{"rendered":"Les formes dels desitjos"},"content":{"rendered":"<p style=\"text-align: right; background-color: #272727;\"><a title=\"Inici\" href=\"http:\/\/blog.xarxa-omnia.org\/bonsdesitjos\">Inici<\/a> | <a title=\"Les formes dels desitjos\" href=\"http:\/\/blog.xarxa-omnia.org\/bonsdesitjos\/les-formes-dels-desitjos\/\">Les formes dels desitjos<\/a> | <a title=\"A m\u00e9s a m\u00e9s\" href=\"http:\/\/blog.xarxa-omnia.org\/bonsdesitjos\/a-mes-a-mes\/\">A m\u00e9s a m\u00e9s<\/a><\/p>\n<table style=\"width: 100%; height: 75px; font-size: 16px;\" border=\"0\" cellspacing=\"2\" cellpadding=\"2\">\n<tbody>\n<tr>\n<td style=\"background-color: #ef693b;\"><strong>Escriu un text <img loading=\"lazy\" decoding=\"async\" class=\"alignnone size-full wp-image-96\" title=\"type\" src=\"http:\/\/blog.xarxa-omnia.org\/bonsdesitjos\/files\/2010\/11\/type.png\" alt=\"\" width=\"74\" height=\"19\" \/><\/td>\n<td style=\"background-color: #608f2c;\"><strong>Enregistra un \u00e0udio amb un micr\u00f2fon d\u2019ordinador <img loading=\"lazy\" decoding=\"async\" class=\"alignnone size-full wp-image-97\" title=\"audio\" src=\"http:\/\/blog.xarxa-omnia.org\/bonsdesitjos\/files\/2010\/11\/audio.png\" alt=\"\" width=\"73\" height=\"19\" \/><\/td>\n<td style=\"background-color: #3657af;\"><strong>Enregistra un v\u00eddeo amb una c\u00e0mera web <img loading=\"lazy\" decoding=\"async\" class=\"alignnone size-full wp-image-98\" title=\"video\" src=\"http:\/\/blog.xarxa-omnia.org\/bonsdesitjos\/files\/2010\/11\/video.png\" alt=\"\" width=\"24\" height=\"19\" \/><\/td>\n<td style=\"background-color: #9236af;\"><strong>Si dubtes, parla amb el teu dinamitzador\/a, amb l&#8217;<a href=\"mailto:oficina.tecnica@xarxa-omnia.org\">Oficina T\u00e8cnica<\/a>, o mira l&#8217;explicaci\u00f3:<\/td>\n<\/tr>\n<\/tbody>\n<\/table>\n<p><center><img loading=\"lazy\" decoding=\"async\" style=\"visibility: hidden; width: 0px; height: 0px;\" src=\"http:\/\/counters.gigya.com\/wildfire\/IMP\/CXNID=2000002.0NXC\/bT*xJmx*PTEyOTEwMzYwODQ1MTYmcHQ9MTI5MTAzNjA5MDQ2NCZwPTIwNjQyMSZkPWIxNTM4MDE4Jmc9MiZvPWJkOTI2MDZiOTc1\/MDRhZTk5M2FmMGQ5NTYxNmI2MGU4Jm9mPTA=.gif\" border=\"0\" alt=\"\" width=\"0\" height=\"0\" \/><object classid=\"clsid:d27cdb6e-ae6d-11cf-96b8-444553540000\" width=\"700\" height=\"525\" codebase=\"http:\/\/download.macromedia.com\/pub\/shockwave\/cabs\/flash\/swflash.cab#version=6,0,40,0\"><param name=\"wmode\" value=\"transparent\" \/><param name=\"src\" value=\"http:\/\/voicethread.com\/book.swf?b=1538018\" \/><embed type=\"application\/x-shockwave-flash\" width=\"700\" height=\"525\" src=\"http:\/\/voicethread.com\/book.swf?b=1538018\" wmode=\"transparent\"><\/embed><\/object><\/center><\/p>\n<table style=\"width: 100%; height: 100px; font-size: 18px;\" border=\"0\" cellspacing=\"2\" cellpadding=\"2\">\n<tbody>\n<tr>\n<td style=\"background-color: #ef693b;\"><strong>1)<\/strong> Hem de registrar-nos o entrar al nostre compte de <a href=\"http:\/\/voicethread.com\/\"> VoiceThread<\/a><\/td>\n<td style=\"background-color: #608f2c;\"><strong>2)<\/strong> Entrem a la felicitaci\u00f3, dins <a href=\"http:\/\/blog.xarxa-omnia.org\/bonsdesitjos\/\">aquest mateix bloc<\/a> o en <a href=\"https:\/\/voicethread.com\/?#u1496422.b1541188.i8130719\"> aquest enlla\u00e7<\/a><\/td>\n<td style=\"background-color: #3657af;\"><strong>3)<\/strong> Fem clic al tipus de desig que volem fer: en \u00e0udio, v\u00eddeo o text.<\/td>\n<td style=\"background-color: #9236af;\"><strong>4)<\/strong> Expressem el desig i no oblidem de desar els canvis, fent clic a &#8220;Save&#8221;.<\/td>\n<\/tr>\n<\/tbody>\n<\/table>\n<p><center><big><big><span style=\"color: #ffffff;\"><strong>Ara el teu desig \u00e9s el de molta m\u00e9s gent!<\/strong><\/span><\/big><\/big><\/center><\/p>\n","protected":false},"excerpt":{"rendered":"<p>Inici | Les formes dels desitjos | A m\u00e9s a m\u00e9s Escriu un text Enregistra un \u00e0udio amb un micr\u00f2fon d\u2019ordinador Enregistra un v\u00eddeo amb una c\u00e0mera web Si dubtes, parla amb el teu dinamitzador\/a, amb l&#8217;Oficina T\u00e8cnica, o mira l&#8217;explicaci\u00f3: 1) Hem de registrar-nos o entrar al nostre compte de VoiceThread 2) Entrem a [&hellip;]<\/p>\n","protected":false},"author":61,"featured_media":0,"parent":0,"menu_order":3,"comment_status":"closed","ping_status":"open","template":"","meta":{"footnotes":""},"class_list":["post-7","page","type-page","status-publish","hentry","post-preview"],"_links":{"self":[{"href":"https:\/\/bloc.xarxa-omnia.org\/bonsdesitjos\/wp-json\/wp\/v2\/pages\/7","targetHints":{"allow":["GET"]}}],"collection":[{"href":"https:\/\/bloc.xarxa-omnia.org\/bonsdesitjos\/wp-json\/wp\/v2\/pages"}],"about":[{"href":"https:\/\/bloc.xarxa-omnia.org\/bonsdesitjos\/wp-json\/wp\/v2\/types\/page"}],"author":[{"embeddable":true,"href":"https:\/\/bloc.xarxa-omnia.org\/bonsdesitjos\/wp-json\/wp\/v2\/users\/61"}],"replies":[{"embeddable":true,"href":"https:\/\/bloc.xarxa-omnia.org\/bonsdesitjos\/wp-json\/wp\/v2\/comments?post=7"}],"version-history":[{"count":45,"href":"https:\/\/bloc.xarxa-omnia.org\/bonsdesitjos\/wp-json\/wp\/v2\/pages\/7\/revisions"}],"predecessor-version":[{"id":158,"href":"https:\/\/bloc.xarxa-omnia.org\/bonsdesitjos\/wp-json\/wp\/v2\/pages\/7\/revisions\/158"}],"wp:attachment":[{"href":"https:\/\/bloc.xarxa-omnia.org\/bonsdesitjos\/wp-json\/wp\/v2\/media?parent=7"}],"curies":[{"name":"wp","href":"https:\/\/api.w.org\/{rel}","templated":true}]}}