{"id":9,"date":"2010-11-26T20:56:32","date_gmt":"2010-11-26T18:56:32","guid":{"rendered":"http:\/\/xarxaomnia.gencat.cat\/blocs\/bonsdesitjos\/?page_id=9"},"modified":"2010-12-01T18:37:53","modified_gmt":"2010-12-01T16:37:53","slug":"a-mes-a-mes","status":"publish","type":"page","link":"https:\/\/bloc.xarxa-omnia.org\/bonsdesitjos\/a-mes-a-mes\/","title":{"rendered":"A m\u00e9s a m\u00e9s"},"content":{"rendered":"<p style=\"text-align: right; background-color: #272727;\"><a title=\"Inici\" href=\"http:\/\/blog.xarxa-omnia.org\/bonsdesitjos\">Inici<\/a> | <a title=\"Les formes dels desitjos\" href=\"http:\/\/blog.xarxa-omnia.org\/bonsdesitjos\/les-formes-dels-desitjos\/\">Les formes dels desitjos<\/a> | <a title=\"A m\u00e9s a m\u00e9s\" href=\"http:\/\/blog.xarxa-omnia.org\/bonsdesitjos\/a-mes-a-mes\/\">A m\u00e9s a m\u00e9s<\/a><\/p>\n<p><big><\/p>\n<div style=\"color:#ffffff; background-color: #ef693b;\"><span><strong>Caracter\u00edstica extra: pots utilitzar un registre per a diferents identitats. <\/strong><\/span><\/p>\n<p>Quan registres un compte pots crear diferents perfils amb una imatge per a cada perfil de manera que amb un sol registre diferents persones poden participar en una mateixa presentaci\u00f3.<br \/>\nPer exemple, en una classe es comenta una activitat ja feta. La professora es registra i crea una identitat per a cada alumne (sense necessitat que aquests es registrin) amb una imatge per cada un. Tota la classe pot fer comentaris, per\u00f2 es potencia la individualitat de cada alumne.<\/p>\n<\/div>\n<p><\/big><\/p>\n<p><center><img loading=\"lazy\" decoding=\"async\" style=\"visibility: hidden; width: 0px; height: 0px;\" src=\"http:\/\/counters.gigya.com\/wildfire\/IMP\/CXNID=2000002.0NXC\/bT*xJmx*PTEyOTEwMzk1ODM2MTkmcHQ9MTI5MTAzOTU4NzI2NCZwPTIwNjQyMSZkPWIzMDc1OTUmZz*yJm89YmQ5MjYwNmI5NzUw\/NGFlOTkzYWYwZDk1NjE2YjYwZTgmb2Y9MA==.gif\" border=\"0\" alt=\"\" width=\"0\" height=\"0\" \/><object classid=\"clsid:d27cdb6e-ae6d-11cf-96b8-444553540000\" width=\"480\" height=\"360\" codebase=\"http:\/\/download.macromedia.com\/pub\/shockwave\/cabs\/flash\/swflash.cab#version=6,0,40,0\"><param name=\"wmode\" value=\"transparent\" \/><param name=\"src\" value=\"http:\/\/voicethread.com\/book.swf?b=307595\" \/><embed type=\"application\/x-shockwave-flash\" width=\"480\" height=\"360\" src=\"http:\/\/voicethread.com\/book.swf?b=307595\" wmode=\"transparent\"><\/embed><\/object><\/center><\/p>\n<div style=\"color: #ffffff; background-color:#608f2c;\"><big><\/p>\n<p><strong>Activitats:<\/strong><\/p>\n<p><span><strong>Penfriends 2.0: <\/strong>Alumnes d\u2019instituts de Badalona i del Canad\u00e0 s\u2019escriuen amb aquesta eina, cadasc\u00fa comenta aspectes concrets de la seva cultura:<\/span><\/div>\n<p><\/big><\/p>\n<p><center><img loading=\"lazy\" decoding=\"async\" style=\"visibility: hidden; width: 0px; height: 0px;\" src=\"http:\/\/counters.gigya.com\/wildfire\/IMP\/CXNID=2000002.0NXC\/bT*xJmx*PTEyOTEwNTQxNjg1NDYmcHQ9MTI5MTA1NDE3MjAxNiZwPTIwNjQyMSZkPWI*OTc2ODAmZz*yJm89MGM5NjI5MWM4OTc3\/NGUxMGJiNmNhNmM1OTNiMDgwZWQmb2Y9MA==.gif\" border=\"0\" alt=\"\" width=\"0\" height=\"0\" \/><object classid=\"clsid:d27cdb6e-ae6d-11cf-96b8-444553540000\" width=\"480\" height=\"360\" codebase=\"http:\/\/download.macromedia.com\/pub\/shockwave\/cabs\/flash\/swflash.cab#version=6,0,40,0\"><param name=\"wmode\" value=\"transparent\" \/><param name=\"src\" value=\"http:\/\/voicethread.com\/book.swf?b=497680\" \/><embed type=\"application\/x-shockwave-flash\" width=\"480\" height=\"360\" src=\"http:\/\/voicethread.com\/book.swf?b=497680\" wmode=\"transparent\"><\/embed><\/object><\/center><\/p>\n<p><big><\/p>\n<div style=\"color: #ffffff; background-color:#3657af;  height:40px;\">\n<span><strong>Jugant a les pel\u00b7l\u00edcules:<\/strong> En aquesta presentaci\u00f3 es passen els \u00e0udios de diferents pel\u00b7l\u00edcules i els participants han d\u2019endevinar de quina pel\u00b7l\u00edcula es tracta. Tamb\u00e9 es fa \u00fas de les identitats variables. <\/span><\/div>\n<p><\/big><\/p>\n<p><center><img loading=\"lazy\" decoding=\"async\" style=\"visibility: hidden; width: 0px; height: 0px;\" src=\"http:\/\/counters.gigya.com\/wildfire\/IMP\/CXNID=2000002.0NXC\/bT*xJmx*PTEyOTEwMzk2OTc5MjYmcHQ9MTI5MTAzOTcwMjMwOSZwPTIwNjQyMSZkPWIyNTAxNyZnPTImbz1iZDkyNjA2Yjk3NTA*\/YWU5OTNhZjBkOTU2MTZiNjBlOCZvZj*w.gif\" border=\"0\" alt=\"\" width=\"0\" height=\"0\" \/><object classid=\"clsid:d27cdb6e-ae6d-11cf-96b8-444553540000\" width=\"480\" height=\"360\" codebase=\"http:\/\/download.macromedia.com\/pub\/shockwave\/cabs\/flash\/swflash.cab#version=6,0,40,0\"><param name=\"wmode\" value=\"transparent\" \/><param name=\"src\" value=\"http:\/\/voicethread.com\/book.swf?b=25017\" \/><embed type=\"application\/x-shockwave-flash\" width=\"480\" height=\"360\" src=\"http:\/\/voicethread.com\/book.swf?b=25017\" wmode=\"transparent\"><\/embed><\/object><\/center><\/p>\n<p><big><\/p>\n<div style=\"color: #ffffff; background-color:#9236af; height:40px;\">\n<span><strong>Explicar una hist\u00f2ria<\/strong> amb diverses veus, com l\u2019exemple dels tres porquets (Tamb\u00e9 es podria fer l&#8217;inici d&#8217;una hist\u00f2ria i que la resta de persones la completin).<br \/>\n<\/span><\/div>\n<p><\/big><\/p>\n<p><center><img loading=\"lazy\" decoding=\"async\" style=\"visibility: hidden; width: 0px; height: 0px;\" src=\"http:\/\/counters.gigya.com\/wildfire\/IMP\/CXNID=2000002.0NXC\/bT*xJmx*PTEyOTEwNTkyNTc5NTMmcHQ9MTI5MTA1OTI2MjAwNCZwPTIwNjQyMSZkPWIxMzkxJmc9MiZvPTA4Njc5NzRmOTkyMDRj\/OTFiZjI*ZWUwNDhiZmQyNGMzJm9mPTA=.gif\" border=\"0\" alt=\"\" width=\"0\" height=\"0\" \/><object classid=\"clsid:d27cdb6e-ae6d-11cf-96b8-444553540000\" width=\"480\" height=\"360\" codebase=\"http:\/\/download.macromedia.com\/pub\/shockwave\/cabs\/flash\/swflash.cab#version=6,0,40,0\"><param name=\"wmode\" value=\"transparent\" \/><param name=\"src\" value=\"http:\/\/voicethread.com\/book.swf?b=1391\" \/><embed type=\"application\/x-shockwave-flash\" width=\"480\" height=\"360\" src=\"http:\/\/voicethread.com\/book.swf?b=1391\" wmode=\"transparent\"><\/embed><\/object><\/center><\/p>\n<div style=\"color: #000000; background-color:#FFED2F; \"><big><strong>I m\u00e9s!<\/strong><br \/>\n<span<strong>Traduccions simult\u00e0nies:<\/strong> La proposta seria fer un passi de fotos amb objectes, i cada un comenta una foto oralment i n\u2019escriu el seu nom, d\u2019aquesta manera es crea un petit diccionari-traductor de paraules.<\/span><\/div>\n<p><\/big><\/p>\n<div><style=\"color: #000000; background-color:#ffffff;\"><big><span>De segur que se t&#8217;acudeixen noves idees! Si realitzes alguna presentaci\u00f3 amb el <a href=\"http:\/\/voicethread.com\">VoiceThread<\/a> ens encantaria veure-la, envia&#8217;ns el teu enlla\u00e7 i comparteix-lo amb la xarxa!<\/span><\/div>\n<p><\/big><\/p>\n","protected":false},"excerpt":{"rendered":"<p>Inici | Les formes dels desitjos | A m\u00e9s a m\u00e9s Caracter\u00edstica extra: pots utilitzar un registre per a diferents identitats. Quan registres un compte pots crear diferents perfils amb una imatge per a cada perfil de manera que amb un sol registre diferents persones poden participar en una mateixa presentaci\u00f3. Per exemple, en una [&hellip;]<\/p>\n","protected":false},"author":61,"featured_media":0,"parent":0,"menu_order":4,"comment_status":"open","ping_status":"open","template":"","meta":{"footnotes":""},"class_list":["post-9","page","type-page","status-publish","hentry","post-preview"],"_links":{"self":[{"href":"https:\/\/bloc.xarxa-omnia.org\/bonsdesitjos\/wp-json\/wp\/v2\/pages\/9","targetHints":{"allow":["GET"]}}],"collection":[{"href":"https:\/\/bloc.xarxa-omnia.org\/bonsdesitjos\/wp-json\/wp\/v2\/pages"}],"about":[{"href":"https:\/\/bloc.xarxa-omnia.org\/bonsdesitjos\/wp-json\/wp\/v2\/types\/page"}],"author":[{"embeddable":true,"href":"https:\/\/bloc.xarxa-omnia.org\/bonsdesitjos\/wp-json\/wp\/v2\/users\/61"}],"replies":[{"embeddable":true,"href":"https:\/\/bloc.xarxa-omnia.org\/bonsdesitjos\/wp-json\/wp\/v2\/comments?post=9"}],"version-history":[{"count":48,"href":"https:\/\/bloc.xarxa-omnia.org\/bonsdesitjos\/wp-json\/wp\/v2\/pages\/9\/revisions"}],"predecessor-version":[{"id":39,"href":"https:\/\/bloc.xarxa-omnia.org\/bonsdesitjos\/wp-json\/wp\/v2\/pages\/9\/revisions\/39"}],"wp:attachment":[{"href":"https:\/\/bloc.xarxa-omnia.org\/bonsdesitjos\/wp-json\/wp\/v2\/media?parent=9"}],"curies":[{"name":"wp","href":"https:\/\/api.w.org\/{rel}","templated":true}]}}