{"id":11,"date":"2013-05-03T15:05:30","date_gmt":"2013-05-03T13:05:30","guid":{"rendered":"http:\/\/blog.xarxa-omnia.org\/bonusxarxessocials\/?page_id=11"},"modified":"2013-06-10T12:03:12","modified_gmt":"2013-06-10T10:03:12","slug":"grooming","status":"publish","type":"page","link":"https:\/\/bloc.xarxa-omnia.org\/bonusxarxessocials\/grooming\/","title":{"rendered":"<em>Grooming<\/em>"},"content":{"rendered":"<p><big><img decoding=\"async\" class=\"alignleft size-full wp-image-65\" title=\"Icona_idea\" src=\"http:\/\/blog.xarxa-omnia.org\/bonusxarxessocials\/files\/2013\/05\/1369671838_idea.png\" alt=\"Icona d'idea\" width=\"75\" \/>El <em>grooming <\/em>significa ciberassetjament a menors d&#8217;edat.<\/p>\n<p><img decoding=\"async\" class=\"alignleft size-full wp-image-67\" title=\"Icona lupa\" src=\"http:\/\/blog.xarxa-omnia.org\/bonusxarxessocials\/files\/2013\/05\/1369671850_search.png\" alt=\"Icona de lupa\" width=\"75\" \/><span style=\"font-size: big;\">Per\u00f2 qu\u00e8 vol dir aix\u00f2 exactament? Per comprendre-ho millor, revisem aquestes activitats:<\/span><\/p>\n<ul>\n<li>Activitat 1: <a href=\"http:\/\/webquest.xtec.cat\/httpdocs\/internet\/activitat_1.htm\">converses a un xat<\/a><\/li>\n<p><center><a href=\"http:\/\/webquest.xtec.cat\/httpdocs\/internet\/activitat_1.htm\"><img loading=\"lazy\" decoding=\"async\" src=\"http:\/\/blog.xarxa-omnia.org\/bonusxarxessocials\/files\/2013\/05\/desafio_xat-300x218.png\" alt=\"\" title=\"desafio_xat\" width=\"300\" height=\"218\" class=\"aligncenter size-medium wp-image-143\" srcset=\"https:\/\/bloc.xarxa-omnia.org\/bonusxarxessocials\/files\/2013\/05\/desafio_xat-300x218.png 300w, https:\/\/bloc.xarxa-omnia.org\/bonusxarxessocials\/files\/2013\/05\/desafio_xat.png 786w\" sizes=\"auto, (max-width: 300px) 100vw, 300px\" \/><\/a><\/center><\/p>\n<li>Activitat 2: <a href=\"http:\/\/webquest.xtec.cat\/httpdocs\/internet\/activitat3.htm\">pornografia a internet<\/a><\/li>\n<p><center><iframe loading=\"lazy\" width=\"350\" height=\"225\" src=\"http:\/\/www.youtube.com\/embed\/Kx_fi9ik9xw\" frameborder=\"0\" allowfullscreen><\/iframe><\/center>\n<\/ul>\n<p><img decoding=\"async\" class=\"alignleft size-full wp-image-68\" title=\"Icona de xat\" src=\"http:\/\/blog.xarxa-omnia.org\/bonusxarxessocials\/files\/2013\/05\/1369671860_add-chat.png\" alt=\"Icona per debatre\" width=\"75\" \/><strong>Qui hi ha a darrere d\u2019un ordinador?  Com detectar que hi pot haver un possible ab\u00fas?<\/strong><\/big><\/p>\n","protected":false},"excerpt":{"rendered":"<p>El grooming significa ciberassetjament a menors d&#8217;edat. Per\u00f2 qu\u00e8 vol dir aix\u00f2 exactament? Per comprendre-ho millor, revisem aquestes activitats: Activitat 1: converses a un xat Activitat 2: pornografia a internet Qui hi ha a darrere d\u2019un ordinador? Com detectar que hi pot haver un possible ab\u00fas?<\/p>\n","protected":false},"author":61,"featured_media":0,"parent":0,"menu_order":4,"comment_status":"open","ping_status":"open","template":"","meta":{"footnotes":""},"class_list":["post-11","page","type-page","status-publish","hentry"],"_links":{"self":[{"href":"https:\/\/bloc.xarxa-omnia.org\/bonusxarxessocials\/wp-json\/wp\/v2\/pages\/11","targetHints":{"allow":["GET"]}}],"collection":[{"href":"https:\/\/bloc.xarxa-omnia.org\/bonusxarxessocials\/wp-json\/wp\/v2\/pages"}],"about":[{"href":"https:\/\/bloc.xarxa-omnia.org\/bonusxarxessocials\/wp-json\/wp\/v2\/types\/page"}],"author":[{"embeddable":true,"href":"https:\/\/bloc.xarxa-omnia.org\/bonusxarxessocials\/wp-json\/wp\/v2\/users\/61"}],"replies":[{"embeddable":true,"href":"https:\/\/bloc.xarxa-omnia.org\/bonusxarxessocials\/wp-json\/wp\/v2\/comments?post=11"}],"version-history":[{"count":26,"href":"https:\/\/bloc.xarxa-omnia.org\/bonusxarxessocials\/wp-json\/wp\/v2\/pages\/11\/revisions"}],"predecessor-version":[{"id":211,"href":"https:\/\/bloc.xarxa-omnia.org\/bonusxarxessocials\/wp-json\/wp\/v2\/pages\/11\/revisions\/211"}],"wp:attachment":[{"href":"https:\/\/bloc.xarxa-omnia.org\/bonusxarxessocials\/wp-json\/wp\/v2\/media?parent=11"}],"curies":[{"name":"wp","href":"https:\/\/api.w.org\/{rel}","templated":true}]}}