{"id":29,"date":"2013-05-06T15:21:03","date_gmt":"2013-05-06T13:21:03","guid":{"rendered":"http:\/\/blog.xarxa-omnia.org\/bonusxarxessocials\/?page_id=29"},"modified":"2013-06-10T12:04:44","modified_gmt":"2013-06-10T10:04:44","slug":"sexting","status":"publish","type":"page","link":"https:\/\/bloc.xarxa-omnia.org\/bonusxarxessocials\/sexting\/","title":{"rendered":"<em>Sexting<\/em>"},"content":{"rendered":"<p><big><img decoding=\"async\" class=\"alignleft size-full wp-image-65\" title=\"Icona_idea\" src=\"http:\/\/blog.xarxa-omnia.org\/bonusxarxessocials\/files\/2013\/05\/1369671838_idea.png\" alt=\"Icona d'idea\" width=\"75\" \/>El <em><strong><em>sexting<\/em><\/strong><\/em> \u00e9s l&#8217;enviament de missatges, d&#8217;imatges o de v\u00eddeos de tipus sexual. En la major part dels casos la mateixa persona que fa l&#8217;enviament en protagonitza el contingut i l&#8217;envia a altres persones via m\u00f2bil o a Internet.<\/p>\n<p>La <strong><em>sextorsi\u00f3<\/em><\/strong> es d\u00f3na quan les persones receptores o b\u00e9 altres utilitzen els mateixos missatges contra la voluntat de qui les ha enviades per amena\u00e7ar-les i fer-los xantatge, a sovint amb intencions tamb\u00e9 de tipus sexual.<\/p>\n<p><img decoding=\"async\" class=\"alignleft size-full wp-image-67\" title=\"Icona lupa\" src=\"http:\/\/blog.xarxa-omnia.org\/bonusxarxessocials\/files\/2013\/05\/1369671850_search.png\" alt=\"Icona de lupa\" width=\"75\" \/>Aquest recurs de <a href=\"http:\/\/www.pantallasamigas.net\/\"><em>Pantallas Amigas<\/em><\/a> ens d\u00f3na claus sobre el <a href=\"http:\/\/www.sexting.es\/\"><em>sexting<\/em><\/a>.<\/p>\n<table>\n<tbody>\n<tr>\n<td><iframe loading=\"lazy\" width=\"300\" height=\"250\" src=\"http:\/\/www.youtube.com\/embed\/GVF-hJx0Aqw\" frameborder=\"0\" allowfullscreen><\/iframe><\/td>\n<td><iframe loading=\"lazy\" width=\"300\" height=\"250\" src=\"http:\/\/www.youtube.com\/embed\/C_nX4975Vv0\" frameborder=\"0\" allowfullscreen><\/iframe><\/td>\n<td><iframe loading=\"lazy\" width=\"300\" height=\"250\" src=\"http:\/\/www.youtube.com\/embed\/mhTcNsNJM9o\" frameborder=\"0\" allowfullscreen><\/iframe><\/td>\n<\/tr>\n<tr>\n<td><center><a title=\"V\u00e9s al v\u00eddeo a Youtube\" href=\"http:\/\/youtu.be\/GVF-hJx0Aqw\">Mira aquest v\u00eddeo a Youtube<\/a><\/td>\n<p><\/center><\/p>\n<td><center><a title=\"V\u00e9s al v\u00eddeo a Youtube\" href=\"http:\/\/youtu.be\/C_nX4975Vv0\">Mira aquest v\u00eddeo a Youtube<\/a><\/td>\n<p><\/center><\/p>\n<td><center><a title=\"V\u00e9s al v\u00eddeo a Youtube\" href=\"http:\/\/youtu.be\/mhTcNsNJM9o\">Mira aquest v\u00eddeo a Youtube<\/a><\/td>\n<p><\/center><br \/>\n<\/tr>\n<\/tbody>\n<\/table>\n<p><img decoding=\"async\" src=\"http:\/\/blog.xarxa-omnia.org\/bonusxarxessocials\/files\/2013\/05\/1369671860_add-chat.png\" alt=\"Icona per debatre\" title=\"Icona de xat\" width=\"75\" class=\"alignleft size-full wp-image-68\" \/><strong>Reflexionem sobre el pas del <em>sexting<\/em> a la <em>sextorsi\u00f3<\/em>. Com detectar-ho? Quines conseq\u00fc\u00e8ncies t\u00e9? <\/strong><\/big><\/p>\n","protected":false},"excerpt":{"rendered":"<p>El sexting \u00e9s l&#8217;enviament de missatges, d&#8217;imatges o de v\u00eddeos de tipus sexual. En la major part dels casos la mateixa persona que fa l&#8217;enviament en protagonitza el contingut i l&#8217;envia a altres persones via m\u00f2bil o a Internet. La sextorsi\u00f3 es d\u00f3na quan les persones receptores o b\u00e9 altres utilitzen els mateixos missatges contra [&hellip;]<\/p>\n","protected":false},"author":61,"featured_media":0,"parent":0,"menu_order":5,"comment_status":"open","ping_status":"open","template":"","meta":{"footnotes":""},"class_list":["post-29","page","type-page","status-publish","hentry"],"_links":{"self":[{"href":"https:\/\/bloc.xarxa-omnia.org\/bonusxarxessocials\/wp-json\/wp\/v2\/pages\/29","targetHints":{"allow":["GET"]}}],"collection":[{"href":"https:\/\/bloc.xarxa-omnia.org\/bonusxarxessocials\/wp-json\/wp\/v2\/pages"}],"about":[{"href":"https:\/\/bloc.xarxa-omnia.org\/bonusxarxessocials\/wp-json\/wp\/v2\/types\/page"}],"author":[{"embeddable":true,"href":"https:\/\/bloc.xarxa-omnia.org\/bonusxarxessocials\/wp-json\/wp\/v2\/users\/61"}],"replies":[{"embeddable":true,"href":"https:\/\/bloc.xarxa-omnia.org\/bonusxarxessocials\/wp-json\/wp\/v2\/comments?post=29"}],"version-history":[{"count":19,"href":"https:\/\/bloc.xarxa-omnia.org\/bonusxarxessocials\/wp-json\/wp\/v2\/pages\/29\/revisions"}],"predecessor-version":[{"id":213,"href":"https:\/\/bloc.xarxa-omnia.org\/bonusxarxessocials\/wp-json\/wp\/v2\/pages\/29\/revisions\/213"}],"wp:attachment":[{"href":"https:\/\/bloc.xarxa-omnia.org\/bonusxarxessocials\/wp-json\/wp\/v2\/media?parent=29"}],"curies":[{"name":"wp","href":"https:\/\/api.w.org\/{rel}","templated":true}]}}