{"id":31,"date":"2013-05-06T15:21:37","date_gmt":"2013-05-06T13:21:37","guid":{"rendered":"http:\/\/blog.xarxa-omnia.org\/bonusxarxessocials\/?page_id=31"},"modified":"2013-06-10T12:05:16","modified_gmt":"2013-06-10T10:05:16","slug":"consells","status":"publish","type":"page","link":"https:\/\/bloc.xarxa-omnia.org\/bonusxarxessocials\/consells\/","title":{"rendered":"Consells"},"content":{"rendered":"<p><big><img decoding=\"async\" class=\"alignleft size-full wp-image-65\" title=\"Icona_idea\" src=\"http:\/\/blog.xarxa-omnia.org\/bonusxarxessocials\/files\/2013\/05\/1369671838_idea.png\" alt=\"Icona d'idea\" width=\"75\" \/>Entenem els consells com a propostes sobre qu\u00e8 podem fer, en aquest cas, per navegar i fer \u00fas segur de les xarxes socials.<\/p>\n<p><\/p>\n<p><img decoding=\"async\" class=\"alignleft size-full wp-image-67\" title=\"Icona lupa\" src=\"http:\/\/blog.xarxa-omnia.org\/bonusxarxessocials\/files\/2013\/05\/1369671850_search.png\" alt=\"Icona de lupa\" width=\"75\" \/>Consulteu alguns jocs i p\u00e0gines web:<\/p>\n<table>\n<tbody>\n<tr>\n<td width=\"50%\">Joc del Trivial: <a href=\"http:\/\/www.navegacionsegura.es\">www.navegacionsegura.es<\/a><br \/>\n<a><img loading=\"lazy\" decoding=\"async\" class=\"aligncenter size-medium wp-image-157\" title=\"navegacio_segura\" src=\"http:\/\/blog.xarxa-omnia.org\/bonusxarxessocials\/files\/2013\/05\/navegacio_segura-300x196.png\" alt=\"\" width=\"300\" height=\"196\" srcset=\"https:\/\/bloc.xarxa-omnia.org\/bonusxarxessocials\/files\/2013\/05\/navegacio_segura-300x196.png 300w, https:\/\/bloc.xarxa-omnia.org\/bonusxarxessocials\/files\/2013\/05\/navegacio_segura.png 1050w\" sizes=\"auto, (max-width: 300px) 100vw, 300px\" \/><\/a><\/td>\n<td width=\"50%\"><a href=\"http:\/\/www.netiquetate.com\/\">Consells pr\u00e0ctics<\/a> per evitar els perills de les xarxes socials<a href=\"http:\/\/www.netiquetate.com\/\"><img loading=\"lazy\" decoding=\"async\" class=\"aligncenter size-medium wp-image-159\" title=\"netiquetate\" src=\"http:\/\/blog.xarxa-omnia.org\/bonusxarxessocials\/files\/2013\/05\/netiquetate-300x185.png\" alt=\"\" width=\"300\" height=\"185\" srcset=\"https:\/\/bloc.xarxa-omnia.org\/bonusxarxessocials\/files\/2013\/05\/netiquetate-300x185.png 300w, https:\/\/bloc.xarxa-omnia.org\/bonusxarxessocials\/files\/2013\/05\/netiquetate.png 1039w\" sizes=\"auto, (max-width: 300px) 100vw, 300px\" \/><\/a><\/td>\n<\/tr>\n<\/tbody>\n<\/table>\n<p><img decoding=\"async\" class=\"alignleft size-full wp-image-68\" title=\"Icona de xat\" src=\"http:\/\/blog.xarxa-omnia.org\/bonusxarxessocials\/files\/2013\/05\/1369671860_add-chat.png\" alt=\"Icona per debatre\" width=\"75\" \/><strong>Despr\u00e9s d&#8217;haver vist i llegit els recursos d&#8217;aquesta activitat, quins consells donaries al teu millor amic o amiga perqu\u00e8 utilitzi amb seguretat les xarxes socials?<\/strong><\/p>\n<p><a href=\"http:\/\/blog.xarxa-omnia.org\/bonusxarxessocials\/files\/2013\/05\/1369833570_alert.png\"><img decoding=\"async\" class=\"alignleft size-full wp-image-165\" title=\"Imatge d'alerta\" src=\"http:\/\/blog.xarxa-omnia.org\/bonusxarxessocials\/files\/2013\/05\/1369833570_alert.png\" alt=\"Icona d'alerta\" margin=\"10px\" width=\"150\" srcset=\"https:\/\/bloc.xarxa-omnia.org\/bonusxarxessocials\/files\/2013\/05\/1369833570_alert.png 256w, https:\/\/bloc.xarxa-omnia.org\/bonusxarxessocials\/files\/2013\/05\/1369833570_alert-150x150.png 150w\" sizes=\"(max-width: 256px) 100vw, 256px\" \/><\/a><\/p>\n<ul>\n<li>Per exemple, veus que el teu germ\u00e0 petit xateja pel Facebook amb un nou amic que no coneixes. Li preguntes qu\u00e8 fa i et diu que en realitat no l&#8217;ha vist mai i no el coneix cap altre dels seus amics, per\u00f2 que els agraden els mateixos jugadors de futbol i que li ha demanat de quedar.<\/li>\n<li>O per exemple, han etiquetat la teva cosina en un \u00e0lbum de fotos de la darrera festa de l&#8217;institut, aquella a la que va dir que no hi aniria perqu\u00e8 tenia molts deures per fer.<\/li>\n<li>O potser el teu millor amic et demana ajuda perqu\u00e8 vol enviar a la seva nova xicota una imatge molt <em>sexy<\/em>.<\/li>\n<\/ul>\n<p><strong>Qu\u00e8 els recomanaries? Deixa el teu comentari!<\/strong><\/big><\/p>\n","protected":false},"excerpt":{"rendered":"<p>Entenem els consells com a propostes sobre qu\u00e8 podem fer, en aquest cas, per navegar i fer \u00fas segur de les xarxes socials. Consulteu alguns jocs i p\u00e0gines web: Joc del Trivial: www.navegacionsegura.es Consells pr\u00e0ctics per evitar els perills de les xarxes socials Despr\u00e9s d&#8217;haver vist i llegit els recursos d&#8217;aquesta activitat, quins consells donaries [&hellip;]<\/p>\n","protected":false},"author":61,"featured_media":0,"parent":0,"menu_order":6,"comment_status":"open","ping_status":"open","template":"","meta":{"footnotes":""},"class_list":["post-31","page","type-page","status-publish","hentry"],"_links":{"self":[{"href":"https:\/\/bloc.xarxa-omnia.org\/bonusxarxessocials\/wp-json\/wp\/v2\/pages\/31","targetHints":{"allow":["GET"]}}],"collection":[{"href":"https:\/\/bloc.xarxa-omnia.org\/bonusxarxessocials\/wp-json\/wp\/v2\/pages"}],"about":[{"href":"https:\/\/bloc.xarxa-omnia.org\/bonusxarxessocials\/wp-json\/wp\/v2\/types\/page"}],"author":[{"embeddable":true,"href":"https:\/\/bloc.xarxa-omnia.org\/bonusxarxessocials\/wp-json\/wp\/v2\/users\/61"}],"replies":[{"embeddable":true,"href":"https:\/\/bloc.xarxa-omnia.org\/bonusxarxessocials\/wp-json\/wp\/v2\/comments?post=31"}],"version-history":[{"count":28,"href":"https:\/\/bloc.xarxa-omnia.org\/bonusxarxessocials\/wp-json\/wp\/v2\/pages\/31\/revisions"}],"predecessor-version":[{"id":214,"href":"https:\/\/bloc.xarxa-omnia.org\/bonusxarxessocials\/wp-json\/wp\/v2\/pages\/31\/revisions\/214"}],"wp:attachment":[{"href":"https:\/\/bloc.xarxa-omnia.org\/bonusxarxessocials\/wp-json\/wp\/v2\/media?parent=31"}],"curies":[{"name":"wp","href":"https:\/\/api.w.org\/{rel}","templated":true}]}}