{"id":4,"date":"2013-05-03T15:00:27","date_gmt":"2013-05-03T13:00:27","guid":{"rendered":"http:\/\/blog.xarxa-omnia.org\/bonusxarxessocials\/?page_id=4"},"modified":"2013-06-10T12:01:07","modified_gmt":"2013-06-10T10:01:07","slug":"inici","status":"publish","type":"page","link":"https:\/\/bloc.xarxa-omnia.org\/bonusxarxessocials\/","title":{"rendered":"Inici"},"content":{"rendered":"<p><big><a href=\"http:\/\/blog.xarxa-omnia.org\/bonusxarxessocials\/files\/2013\/05\/medium_4432186135.jpg\"><img loading=\"lazy\" decoding=\"async\" class=\"size-medium wp-image-128 alignleft\" style=\"margin: 10px;\" title=\"medium_4432186135\" src=\"http:\/\/blog.xarxa-omnia.org\/bonusxarxessocials\/files\/2013\/05\/medium_4432186135-300x214.jpg\" alt=\"Imatge de xapes de FourSquare\" width=\"243\" height=\"174\" align=\"left\" srcset=\"https:\/\/bloc.xarxa-omnia.org\/bonusxarxessocials\/files\/2013\/05\/medium_4432186135-300x214.jpg 300w, https:\/\/bloc.xarxa-omnia.org\/bonusxarxessocials\/files\/2013\/05\/medium_4432186135.jpg 640w\" sizes=\"auto, (max-width: 243px) 100vw, 243px\" \/><\/a><br \/>\nLes xarxes socials ens permeten posar-hi fotos, can\u00e7ons, v\u00eddeos, pensaments&#8230; i compartir-les amb amics i amigues.<br \/>\nPer\u00f2&#8230; Puc tenir cap problema nom\u00e9s fent aix\u00f2? \u00c9s segur navegar per les xarxes socials? Qu\u00e8 vol dir <em>grooming<\/em>, <em>sexting<\/em> o <em>cyberbullying<\/em>?<\/p>\n<table width=\"75%\">\n<tbody>\n<tr>\n<td width=\"33%\"><img decoding=\"async\" class=\"alignleft size-full wp-image-65\" title=\"Icona_idea\" src=\"http:\/\/blog.xarxa-omnia.org\/bonusxarxessocials\/files\/2013\/05\/1369671838_idea.png\" alt=\"Icona d'idea\" width=\"125\" \/><\/p>\n<h2>Primer, repassem conceptes<\/h2>\n<\/td>\n<td width=\"33%\"><img decoding=\"async\" class=\"alignleft size-full wp-image-67\" title=\"Icona lupa\" src=\"http:\/\/blog.xarxa-omnia.org\/bonusxarxessocials\/files\/2013\/05\/1369671850_search.png\" alt=\"Icona de lupa\" width=\"125\" \/><\/p>\n<h2>Despr\u00e9s, revisem recursos<\/h2>\n<\/td>\n<td width=\"33%\"><img decoding=\"async\" class=\"alignleft size-full wp-image-68\" title=\"Icona de xat\" src=\"http:\/\/blog.xarxa-omnia.org\/bonusxarxessocials\/files\/2013\/05\/1369671860_add-chat.png\" alt=\"Icona per debatre\" width=\"125\" \/><\/p>\n<h2>I per acabar, debatem!<\/h2>\n<\/td>\n<\/tr>\n<\/tbody>\n<\/table>\n<p>Navega per les p\u00e0gines del blog i participa al debat per construir unes xarxes socials m\u00e9s segures:<\/p>\n<ul>\n<li><a title=\"Introducci\u00f3\" href=\"http:\/\/blog.xarxa-omnia.org\/bonusxarxessocials\/introduccio-a-les-xarxes-socials\/\">Les xarxes socials<\/a>: Entrem-hi!<\/li>\n<li><a title=\"V\u00e9s a la teva imatge\" href=\"http:\/\/blog.xarxa-omnia.org\/bonusxarxessocials\/la-teva-imatge\/\">La teva imatge<\/a>: el nostre mirall virtual<\/li>\n<li><a title=\"V\u00e9s a l'apartat de grooming\" href=\"http:\/\/blog.xarxa-omnia.org\/bonusxarxessocials\/grooming\/\">Grooming<\/a>: el ciberassetjament<\/li>\n<li><a title=\"V\u00e9s a Cyberbullying\" href=\" http:\/\/blog.xarxa-omnia.org\/bonusxarxessocials\/cyberbullying\/\">Cyberbullying<\/a>: el ciberassetjament a l&#8217;escola<\/li>\n<li><a title=\"V\u00e9s a sexting\" href=\" http:\/\/blog.xarxa-omnia.org\/bonusxarxessocials\/sexting\">Del sexting a la sextorsi\u00f3<\/a><\/li>\n<li><a title=\"V\u00e9s a consells\" href=\" http:\/\/blog.xarxa-omnia.org\/bonusxarxessocials\/consells\">Consells<\/a>: algunes idees per a qu\u00e8 les xarxes no ens atrapin!<\/li>\n<\/ul>\n<p><strong>Aquesta activitat es basa en una xerrada impartida pels punts \u00d2mnia de Ponent. Coneix millor la proposta inicial <a href=\"http:\/\/blog.xarxa-omnia.org\/bonusxarxessocials\/about\/\">aqu\u00ed<\/a>.<\/strong><br \/>\nCr\u00e8dits de la imatge: &#8220;FourSquare pins and tatoos&#8221; de <a href=\"http:\/\/www.flickr.com\/photos\/nanpalmero\/4432186135\/\">Nan Palmero<\/a> via <a href=\"http:\/\/photopin.com\">photopin<\/a> <a href=\"http:\/\/creativecommons.org\/licenses\/by\/2.0\/\">cc<\/a><\/big><\/p>\n","protected":false},"excerpt":{"rendered":"<p>Les xarxes socials ens permeten posar-hi fotos, can\u00e7ons, v\u00eddeos, pensaments&#8230; i compartir-les amb amics i amigues. Per\u00f2&#8230; Puc tenir cap problema nom\u00e9s fent aix\u00f2? \u00c9s segur navegar per les xarxes socials? Qu\u00e8 vol dir grooming, sexting o cyberbullying? Primer, repassem conceptes Despr\u00e9s, revisem recursos I per acabar, debatem! Navega per les p\u00e0gines del blog i [&hellip;]<\/p>\n","protected":false},"author":61,"featured_media":0,"parent":0,"menu_order":1,"comment_status":"closed","ping_status":"open","template":"","meta":{"footnotes":""},"class_list":["post-4","page","type-page","status-publish","hentry"],"_links":{"self":[{"href":"https:\/\/bloc.xarxa-omnia.org\/bonusxarxessocials\/wp-json\/wp\/v2\/pages\/4","targetHints":{"allow":["GET"]}}],"collection":[{"href":"https:\/\/bloc.xarxa-omnia.org\/bonusxarxessocials\/wp-json\/wp\/v2\/pages"}],"about":[{"href":"https:\/\/bloc.xarxa-omnia.org\/bonusxarxessocials\/wp-json\/wp\/v2\/types\/page"}],"author":[{"embeddable":true,"href":"https:\/\/bloc.xarxa-omnia.org\/bonusxarxessocials\/wp-json\/wp\/v2\/users\/61"}],"replies":[{"embeddable":true,"href":"https:\/\/bloc.xarxa-omnia.org\/bonusxarxessocials\/wp-json\/wp\/v2\/comments?post=4"}],"version-history":[{"count":36,"href":"https:\/\/bloc.xarxa-omnia.org\/bonusxarxessocials\/wp-json\/wp\/v2\/pages\/4\/revisions"}],"predecessor-version":[{"id":207,"href":"https:\/\/bloc.xarxa-omnia.org\/bonusxarxessocials\/wp-json\/wp\/v2\/pages\/4\/revisions\/207"}],"wp:attachment":[{"href":"https:\/\/bloc.xarxa-omnia.org\/bonusxarxessocials\/wp-json\/wp\/v2\/media?parent=4"}],"curies":[{"name":"wp","href":"https:\/\/api.w.org\/{rel}","templated":true}]}}