{"id":6,"date":"2013-05-03T15:01:36","date_gmt":"2013-05-03T13:01:36","guid":{"rendered":"http:\/\/blog.xarxa-omnia.org\/bonusxarxessocials\/?page_id=6"},"modified":"2013-06-10T12:01:43","modified_gmt":"2013-06-10T10:01:43","slug":"introduccio-a-les-xarxes-socials","status":"publish","type":"page","link":"https:\/\/bloc.xarxa-omnia.org\/bonusxarxessocials\/introduccio-a-les-xarxes-socials\/","title":{"rendered":"Les xarxes socials"},"content":{"rendered":"<p><big><img decoding=\"async\" class=\"alignleft size-full wp-image-65\" title=\"Icona_idea\" src=\"http:\/\/blog.xarxa-omnia.org\/bonusxarxessocials\/files\/2013\/05\/1369671838_idea.png\" alt=\"Icona d'idea\" width=\"75\" \/>Internet \u00e9s una finestra al m\u00f3n, i les xarxes socials s\u00f3n una porta que et permet entrar a la vida privada d&#8217;altres, de la mateixa manera que permet que altres entrin a la teva; per aquesta ra\u00f3 \u00e9s necessari posar l\u00edmits a qui entra.<\/p>\n<p><img decoding=\"async\" class=\"alignleft size-full wp-image-67\" title=\"Icona lupa\" src=\"http:\/\/blog.xarxa-omnia.org\/bonusxarxessocials\/files\/2013\/05\/1369671850_search.png\" alt=\"Icona de lupa\" width=\"75\" \/>A trav\u00e9s del v\u00eddeo: &#8220;<a href=\"http:\/\/www.youtube.com\/embed\/iiTXEFKLbmE\">\u00bfD\u00f3nde est\u00e0 Pablo?<\/a>&#8221; debatrem quins perills podem trobar a les xarxes socials.<\/p>\n<p><center><iframe loading=\"lazy\" width=\"420\" height=\"315\" src=\"http:\/\/www.youtube.com\/embed\/iiTXEFKLbmE\" frameborder=\"0\" allowfullscreen><\/iframe><\/center><\/p>\n<p><img decoding=\"async\" src=\"http:\/\/blog.xarxa-omnia.org\/bonusxarxessocials\/files\/2013\/05\/1369671860_add-chat.png\" alt=\"Icona per debatre\" title=\"Icona de xat\" width=\"75\" class=\"alignleft size-full wp-image-68\" \/><strong>Qu\u00e8 \u00e9s per tu fer un bon \u00fas de les xarxes socials? Hi ha perills? Quins?<\/strong><\/big><\/p>\n","protected":false},"excerpt":{"rendered":"<p>Internet \u00e9s una finestra al m\u00f3n, i les xarxes socials s\u00f3n una porta que et permet entrar a la vida privada d&#8217;altres, de la mateixa manera que permet que altres entrin a la teva; per aquesta ra\u00f3 \u00e9s necessari posar l\u00edmits a qui entra. A trav\u00e9s del v\u00eddeo: &#8220;\u00bfD\u00f3nde est\u00e0 Pablo?&#8221; debatrem quins perills podem [&hellip;]<\/p>\n","protected":false},"author":61,"featured_media":0,"parent":0,"menu_order":2,"comment_status":"open","ping_status":"open","template":"","meta":{"footnotes":""},"class_list":["post-6","page","type-page","status-publish","hentry"],"_links":{"self":[{"href":"https:\/\/bloc.xarxa-omnia.org\/bonusxarxessocials\/wp-json\/wp\/v2\/pages\/6","targetHints":{"allow":["GET"]}}],"collection":[{"href":"https:\/\/bloc.xarxa-omnia.org\/bonusxarxessocials\/wp-json\/wp\/v2\/pages"}],"about":[{"href":"https:\/\/bloc.xarxa-omnia.org\/bonusxarxessocials\/wp-json\/wp\/v2\/types\/page"}],"author":[{"embeddable":true,"href":"https:\/\/bloc.xarxa-omnia.org\/bonusxarxessocials\/wp-json\/wp\/v2\/users\/61"}],"replies":[{"embeddable":true,"href":"https:\/\/bloc.xarxa-omnia.org\/bonusxarxessocials\/wp-json\/wp\/v2\/comments?post=6"}],"version-history":[{"count":19,"href":"https:\/\/bloc.xarxa-omnia.org\/bonusxarxessocials\/wp-json\/wp\/v2\/pages\/6\/revisions"}],"predecessor-version":[{"id":208,"href":"https:\/\/bloc.xarxa-omnia.org\/bonusxarxessocials\/wp-json\/wp\/v2\/pages\/6\/revisions\/208"}],"wp:attachment":[{"href":"https:\/\/bloc.xarxa-omnia.org\/bonusxarxessocials\/wp-json\/wp\/v2\/media?parent=6"}],"curies":[{"name":"wp","href":"https:\/\/api.w.org\/{rel}","templated":true}]}}