{"id":9,"date":"2013-05-03T15:04:54","date_gmt":"2013-05-03T13:04:54","guid":{"rendered":"http:\/\/blog.xarxa-omnia.org\/bonusxarxessocials\/?page_id=9"},"modified":"2013-06-10T12:02:14","modified_gmt":"2013-06-10T10:02:14","slug":"la-teva-imatge","status":"publish","type":"page","link":"https:\/\/bloc.xarxa-omnia.org\/bonusxarxessocials\/la-teva-imatge\/","title":{"rendered":"La teva imatge"},"content":{"rendered":"<p><big><img decoding=\"async\" class=\"alignleft size-full wp-image-65\" title=\"Icona_idea\" src=\"http:\/\/blog.xarxa-omnia.org\/bonusxarxessocials\/files\/2013\/05\/1369671838_idea.png\" alt=\"Icona d'idea\" width=\"75\" \/>Quina imatge est\u00e0s donant a la teva vida \u201ccibersocial\u201d?<br \/>\nLa identitat digital s\u00f3n les dades, publicacions, imatges i arxius amb les quals altres persones ens poden con\u00e8ixer per Internet i que s\u00f3n un reflex virtual de la nostra identitat.<\/p>\n<p><img decoding=\"async\" class=\"alignleft size-full wp-image-67\" title=\"Icona lupa\" src=\"http:\/\/blog.xarxa-omnia.org\/bonusxarxessocials\/files\/2013\/05\/1369671850_search.png\" alt=\"Icona de lupa\" width=\"75\" \/><a href=\"http:\/\/www.youtube.com\/watch?v=LD70Q41bbqU\">Antes de colgar tu imagen en la web&#8230; pi\u00e9nsalo<\/a>: Una imatge val m\u00e9s que mil paraules, i per aix\u00f2 has tenir cura de les fotos que publiques, de la mateixa manera que has de vigilar qui pot accedir a les teves imatges.<\/p>\n<p><center><iframe loading=\"lazy\" width=\"420\" height=\"315\" src=\"http:\/\/www.youtube.com\/embed\/LD70Q41bbqU\" frameborder=\"0\" allowfullscreen><\/iframe><\/center><\/p>\n<p>Respectes la imatge dels altres? Farem una mica de reflexi\u00f3 amb el v\u00eddeo: <a href=\"http:\/\/www.youtube.com\/watch?v=eTJnp2FD9Yw\">La imatge del altres<\/a><br \/>\n<center><iframe loading=\"lazy\" width=\"420\" height=\"315\" src=\"http:\/\/www.youtube.com\/embed\/eTJnp2FD9Yw\" frameborder=\"0\" allowfullscreen><\/iframe><\/center><\/p>\n<p><img decoding=\"async\" class=\"alignleft size-full wp-image-68\" title=\"Icona de xat\" src=\"http:\/\/blog.xarxa-omnia.org\/bonusxarxessocials\/files\/2013\/05\/1369671860_add-chat.png\" alt=\"Icona per debatre\" width=\"75\" \/><strong>El debat est\u00e0 obert, reflexionem conjuntament sobre la imatge que transmetem a trav\u00e9s de les xarxes socials i com tractem la imatge de les altres persones.<\/strong><\/big><\/p>\n","protected":false},"excerpt":{"rendered":"<p>Quina imatge est\u00e0s donant a la teva vida \u201ccibersocial\u201d? La identitat digital s\u00f3n les dades, publicacions, imatges i arxius amb les quals altres persones ens poden con\u00e8ixer per Internet i que s\u00f3n un reflex virtual de la nostra identitat. Antes de colgar tu imagen en la web&#8230; pi\u00e9nsalo: Una imatge val m\u00e9s que mil paraules, [&hellip;]<\/p>\n","protected":false},"author":61,"featured_media":0,"parent":0,"menu_order":3,"comment_status":"open","ping_status":"open","template":"","meta":{"footnotes":""},"class_list":["post-9","page","type-page","status-publish","hentry"],"_links":{"self":[{"href":"https:\/\/bloc.xarxa-omnia.org\/bonusxarxessocials\/wp-json\/wp\/v2\/pages\/9","targetHints":{"allow":["GET"]}}],"collection":[{"href":"https:\/\/bloc.xarxa-omnia.org\/bonusxarxessocials\/wp-json\/wp\/v2\/pages"}],"about":[{"href":"https:\/\/bloc.xarxa-omnia.org\/bonusxarxessocials\/wp-json\/wp\/v2\/types\/page"}],"author":[{"embeddable":true,"href":"https:\/\/bloc.xarxa-omnia.org\/bonusxarxessocials\/wp-json\/wp\/v2\/users\/61"}],"replies":[{"embeddable":true,"href":"https:\/\/bloc.xarxa-omnia.org\/bonusxarxessocials\/wp-json\/wp\/v2\/comments?post=9"}],"version-history":[{"count":18,"href":"https:\/\/bloc.xarxa-omnia.org\/bonusxarxessocials\/wp-json\/wp\/v2\/pages\/9\/revisions"}],"predecessor-version":[{"id":209,"href":"https:\/\/bloc.xarxa-omnia.org\/bonusxarxessocials\/wp-json\/wp\/v2\/pages\/9\/revisions\/209"}],"wp:attachment":[{"href":"https:\/\/bloc.xarxa-omnia.org\/bonusxarxessocials\/wp-json\/wp\/v2\/media?parent=9"}],"curies":[{"name":"wp","href":"https:\/\/api.w.org\/{rel}","templated":true}]}}