{"id":214,"date":"2016-09-07T12:47:55","date_gmt":"2016-09-07T12:47:55","guid":{"rendered":"http:\/\/xarxaomnia.gencat.cat\/blocs\/campclar\/?page_id=214"},"modified":"2016-09-19T13:26:35","modified_gmt":"2016-09-19T13:26:35","slug":"pagina-1","status":"publish","type":"page","link":"https:\/\/bloc.xarxa-omnia.org\/campclar\/pagina-1\/","title":{"rendered":"Tallers"},"content":{"rendered":"<p>a vure on surt aix\u00f2. \u00e9s un aplana web Est\u00e1tica.<\/p>\n","protected":false},"excerpt":{"rendered":"<p>a vure on surt aix\u00f2. \u00e9s un aplana web Est\u00e1tica.<\/p>\n","protected":false},"author":177,"featured_media":0,"parent":0,"menu_order":0,"comment_status":"closed","ping_status":"closed","template":"","meta":{"footnotes":""},"class_list":["post-214","page","type-page","status-publish","hentry"],"_links":{"self":[{"href":"https:\/\/bloc.xarxa-omnia.org\/campclar\/wp-json\/wp\/v2\/pages\/214","targetHints":{"allow":["GET"]}}],"collection":[{"href":"https:\/\/bloc.xarxa-omnia.org\/campclar\/wp-json\/wp\/v2\/pages"}],"about":[{"href":"https:\/\/bloc.xarxa-omnia.org\/campclar\/wp-json\/wp\/v2\/types\/page"}],"author":[{"embeddable":true,"href":"https:\/\/bloc.xarxa-omnia.org\/campclar\/wp-json\/wp\/v2\/users\/177"}],"replies":[{"embeddable":true,"href":"https:\/\/bloc.xarxa-omnia.org\/campclar\/wp-json\/wp\/v2\/comments?post=214"}],"version-history":[{"count":3,"href":"https:\/\/bloc.xarxa-omnia.org\/campclar\/wp-json\/wp\/v2\/pages\/214\/revisions"}],"predecessor-version":[{"id":233,"href":"https:\/\/bloc.xarxa-omnia.org\/campclar\/wp-json\/wp\/v2\/pages\/214\/revisions\/233"}],"wp:attachment":[{"href":"https:\/\/bloc.xarxa-omnia.org\/campclar\/wp-json\/wp\/v2\/media?parent=214"}],"curies":[{"name":"wp","href":"https:\/\/api.w.org\/{rel}","templated":true}]}}