{"id":26,"date":"2016-06-14T10:51:46","date_gmt":"2016-06-14T10:51:46","guid":{"rendered":"http:\/\/xarxaomnia.gencat.cat\/blocs\/centcelles\/?page_id=26"},"modified":"2016-09-27T08:49:51","modified_gmt":"2016-09-27T08:49:51","slug":"dades-de-contacte","status":"publish","type":"page","link":"https:\/\/bloc.xarxa-omnia.org\/centcelles\/dades-de-contacte\/","title":{"rendered":"Dades de contacte"},"content":{"rendered":"<p>Som al carrer Centcelles 28 de Constant\u00ed, a Tarragona.<\/p>\n<p>Pots contactar amb nosaltres al tel\u00e8fon 977523339 o a la direcci\u00f3 de correu electr\u00f2nic <a href=\"mailto:centcelles@xarxaomnia.gencat.cat\">centcelles@xarxaomnia.gencat.cat<\/a>.<\/p>\n<p>Consulta el <a href=\"http:\/\/xarxaomnia.gencat.cat\/blocs\/centcelles\/horari\/\">nostre horari clicant aqu\u00ed<\/a>.<\/p>\n<p>Vols saber quines intal\u00b7lacions t&#8217;oferim? Fes una <a href=\"http:\/\/xarxaomnia.gencat.cat\/blocs\/centcelles\/galeria-dimatges\/\">visita virtual al Punt \u00d2mnia clicant aqu\u00ed<\/a>!<\/p>\n","protected":false},"excerpt":{"rendered":"<p>Som al carrer Centcelles 28 de Constant\u00ed, a Tarragona. Pots contactar amb nosaltres al tel\u00e8fon 977523339 o a la direcci\u00f3 de correu electr\u00f2nic centcelles@xarxaomnia.gencat.cat. Consulta el nostre horari clicant aqu\u00ed. Vols saber quines intal\u00b7lacions t&#8217;oferim? Fes una visita virtual al Punt \u00d2mnia clicant aqu\u00ed!<\/p>\n","protected":false},"author":1,"featured_media":0,"parent":0,"menu_order":0,"comment_status":"closed","ping_status":"closed","template":"","meta":{"footnotes":""},"class_list":["post-26","page","type-page","status-publish","czr-hentry"],"_links":{"self":[{"href":"https:\/\/bloc.xarxa-omnia.org\/centcelles\/wp-json\/wp\/v2\/pages\/26","targetHints":{"allow":["GET"]}}],"collection":[{"href":"https:\/\/bloc.xarxa-omnia.org\/centcelles\/wp-json\/wp\/v2\/pages"}],"about":[{"href":"https:\/\/bloc.xarxa-omnia.org\/centcelles\/wp-json\/wp\/v2\/types\/page"}],"author":[{"embeddable":true,"href":"https:\/\/bloc.xarxa-omnia.org\/centcelles\/wp-json\/wp\/v2\/users\/1"}],"replies":[{"embeddable":true,"href":"https:\/\/bloc.xarxa-omnia.org\/centcelles\/wp-json\/wp\/v2\/comments?post=26"}],"version-history":[{"count":6,"href":"https:\/\/bloc.xarxa-omnia.org\/centcelles\/wp-json\/wp\/v2\/pages\/26\/revisions"}],"predecessor-version":[{"id":86,"href":"https:\/\/bloc.xarxa-omnia.org\/centcelles\/wp-json\/wp\/v2\/pages\/26\/revisions\/86"}],"wp:attachment":[{"href":"https:\/\/bloc.xarxa-omnia.org\/centcelles\/wp-json\/wp\/v2\/media?parent=26"}],"curies":[{"name":"wp","href":"https:\/\/api.w.org\/{rel}","templated":true}]}}