{"id":8,"date":"2012-12-12T11:17:07","date_gmt":"2012-12-12T09:17:07","guid":{"rendered":"http:\/\/blog.xarxa-omnia.org\/comic\/?page_id=8"},"modified":"2012-12-18T12:10:15","modified_gmt":"2012-12-18T10:10:15","slug":"aplicacions","status":"publish","type":"page","link":"https:\/\/bloc.xarxa-omnia.org\/comic\/aplicacions\/","title":{"rendered":"Aplicacions"},"content":{"rendered":"<p>Quines habilitats i compet\u00e8ncies treballem amb el c\u00f2mic? Alguns exemples:<a href=\"http:\/\/blog.xarxa-omnia.org\/comic\/files\/aplicacions.png\"><img loading=\"lazy\" decoding=\"async\" class=\"alignright size-full wp-image-141\" style=\"margin-right: 20px; margin-left: 20px; float:right\" title=\"aplicacions\" src=\"http:\/\/blog.xarxa-omnia.org\/comic\/files\/aplicacions.png\" alt=\"\" width=\"259\" height=\"359\" srcset=\"https:\/\/bloc.xarxa-omnia.org\/comic\/files\/aplicacions.png 259w, https:\/\/bloc.xarxa-omnia.org\/comic\/files\/aplicacions-216x300.png 216w\" sizes=\"auto, (max-width: 259px) 100vw, 259px\" \/><\/a><\/p>\n<ul>\n<li><strong>Digitals<\/strong>:\n<ul>\n<li>Utilitzaci\u00f3 d&#8217;eines en l\u00ednia<\/li>\n<li>\u00das del ratol\u00ed per seleccionar i arrossegar elements<\/li>\n<li>Escriptura amb el teclat<\/li>\n<li>\u00das de la impressora<\/li>\n<li>Pr\u00e0ctica a desar i emmagatzemar arxius<\/li>\n<li>Fer captures de pantalla<\/li>\n<li>Registre en un lloc web<\/li>\n<li>Navegaci\u00f3 per Internet<\/li>\n<li>\u00das del correu electr\u00f2nic<\/li>\n<li>Participaci\u00f3 a la xarxa<\/li>\n<\/ul>\n<\/li>\n<li><strong>Comunicaci\u00f3<\/strong>:\n<ul>\n<li>Escriptura i lectura<\/li>\n<li>Pr\u00e0ctica de la s\u00edntesi de manera l\u00fadica<\/li>\n<li>Comunicaci\u00f3 audiovisual (escala de pl\u00e0nols, representacions del moviment, tipus de bafarades, seq\u00fc\u00e8ncia d&#8217;accions, narrativa)<\/li>\n<li>Pr\u00e0ctica amb l&#8217;angl\u00e8s (ja que moltes eines estan en aquest idioma)<\/li>\n<li>Comunicaci\u00f3 no verbal (onomatopeies, sons, gestos)<\/li>\n<\/ul>\n<\/li>\n<li><strong>Expressi\u00f3<\/strong>:\n<ul>\n<li>Creaci\u00f3 d&#8217;hist\u00f2ries<\/li>\n<li>Estimulaci\u00f3 de la imaginaci\u00f3 i la creativitat<\/li>\n<\/ul>\n<\/li>\n<li><strong>Interacci\u00f3 amb l&#8217;entorn<\/strong>:\n<ul>\n<li>Seq\u00fcenciaci\u00f3 d&#8217;accions<\/li>\n<li>Percepci\u00f3 de l&#8217;espai (escala i perspectiva)<\/li>\n<\/ul>\n<\/li>\n<li><strong>Participaci\u00f3 i habilitats socials<\/strong>:\n<ul>\n<li>Treball en equip<\/li>\n<li>Treball amb les emocions<\/li>\n<\/ul>\n<\/li>\n<\/ul>\n<p>Algunes possibles <strong>aplicacions<\/strong>:<\/p>\n<ul>\n<li>Utilitzar el c\u00f2mic com a eina de treball amb <strong>tem\u00e0tiques concretes<\/strong>: primer repassem conceptes, despr\u00e9s passem els continguts que hem apr\u00e8s al format de c\u00f2mic (per exemple: els drets dels infants, el medi ambient, la seguretat a Internet, etc.).<\/li>\n<li>Recrear\u00a0 situacions viscudes al Punt \u00d2mnia.<\/li>\n<li>Expressar opinions pr\u00f2pies o reproduir un debat.<\/li>\n<li>Jugar a finalitzar la hist\u00f2ria comen\u00e7ada per alg\u00fa altre, crear una hist\u00f2ria de manera col\u00b7laboradora.<\/li>\n<li>Utilitzar el c\u00f2mic per al treball previ a la creaci\u00f3 d&#8217;un v\u00eddeo.<\/li>\n<li>Treballar i reflexionar sobre els estereotips.<\/li>\n<\/ul>\n","protected":false},"excerpt":{"rendered":"<p>Quines habilitats i compet\u00e8ncies treballem amb el c\u00f2mic? Alguns exemples: Digitals: Utilitzaci\u00f3 d&#8217;eines en l\u00ednia \u00das del ratol\u00ed per seleccionar i arrossegar elements Escriptura amb el teclat \u00das de la impressora Pr\u00e0ctica a desar i emmagatzemar arxius Fer captures de pantalla Registre en un lloc web Navegaci\u00f3 per Internet \u00das del correu electr\u00f2nic Participaci\u00f3 a [&hellip;]<\/p>\n","protected":false},"author":61,"featured_media":0,"parent":0,"menu_order":2,"comment_status":"closed","ping_status":"open","template":"","meta":{"footnotes":""},"class_list":["post-8","page","type-page","status-publish","hentry"],"_links":{"self":[{"href":"https:\/\/bloc.xarxa-omnia.org\/comic\/wp-json\/wp\/v2\/pages\/8","targetHints":{"allow":["GET"]}}],"collection":[{"href":"https:\/\/bloc.xarxa-omnia.org\/comic\/wp-json\/wp\/v2\/pages"}],"about":[{"href":"https:\/\/bloc.xarxa-omnia.org\/comic\/wp-json\/wp\/v2\/types\/page"}],"author":[{"embeddable":true,"href":"https:\/\/bloc.xarxa-omnia.org\/comic\/wp-json\/wp\/v2\/users\/61"}],"replies":[{"embeddable":true,"href":"https:\/\/bloc.xarxa-omnia.org\/comic\/wp-json\/wp\/v2\/comments?post=8"}],"version-history":[{"count":13,"href":"https:\/\/bloc.xarxa-omnia.org\/comic\/wp-json\/wp\/v2\/pages\/8\/revisions"}],"predecessor-version":[{"id":168,"href":"https:\/\/bloc.xarxa-omnia.org\/comic\/wp-json\/wp\/v2\/pages\/8\/revisions\/168"}],"wp:attachment":[{"href":"https:\/\/bloc.xarxa-omnia.org\/comic\/wp-json\/wp\/v2\/media?parent=8"}],"curies":[{"name":"wp","href":"https:\/\/api.w.org\/{rel}","templated":true}]}}