{"id":1079,"date":"2024-09-30T10:33:26","date_gmt":"2024-09-30T08:33:26","guid":{"rendered":"https:\/\/bloc.xarxa-omnia.org\/cpquatrecamins\/?page_id=1079"},"modified":"2025-02-12T17:00:21","modified_gmt":"2025-02-12T15:00:21","slug":"la-merce-24","status":"publish","type":"page","link":"https:\/\/bloc.xarxa-omnia.org\/cpquatrecamins\/la-merce-24\/","title":{"rendered":"La Merc\u00e8 &#8217;24"},"content":{"rendered":"\n<p class=\"has-medium-font-size\"><strong>Dia 24 de Setembre, Celebracions dins Quatre Camins<\/strong><\/p>\n\n\n\n<p><\/p>\n\n\n\n<p><\/p>\n\n\n<div class=\"wp-block-image\">\n<figure class=\"aligncenter size-large is-resized\"><img decoding=\"async\" src=\"https:\/\/i.ytimg.com\/vi\/qTHigGrw1ok\/hq720.jpg?sqp=-oaymwEhCK4FEIIDSFryq4qpAxMIARUAAAAAGAElAADIQj0AgKJD&amp;rs=AOn4CLBpzbOk93YVwyenTbvtnVnCqABeSA\" alt=\"\" style=\"width:685px;height:auto\" \/><\/figure><\/div>\n\n\n<p><\/p>\n\n\n\n<p class=\"has-text-align-left\">El 24 de setembre el CP Quatre Camins estava de &#8220;festa&#8221;, tocava celebrar per la patrona de tots els presos i de Barcelona Ciutat, la Merc\u00e8.<\/p>\n\n\n\n<p class=\"has-text-align-left\">El dia assenyalat vam preparar al Poliesportiu del centre una fira com acostumem a fer cada any. Hi havia paradetes de tota mena i sobretot  la pres\u00f3 mostra i t\u00e9 la seva millor cara, ja que tots nosaltres podem evadir-nos una mica de les dif\u00edcils situacions amb les quals convivim i fer coses diferents fora de la rutina dels dies habituals.<\/p>\n\n\n\n<p>S&#8217;han celebrat espectacles i tornejos d&#8217;esports, aquest any han sigut de Futbol 5 intermodular, on ha guanyat el MR-3 en una final disputada contra el MR-2 on van tenir dos lesionats greus a la final i despr\u00e9s de molts intents no van poder capgirar el marcador, tamb\u00e9 es va celebrar un torneig de front\u00f3 per parelles, on van guanyar uns integrants del MR-2 i del DMS davant uns contraris del MR-3 i MR-1 que els hi van disputar la final en tot moment.<\/p>\n\n\n<div class=\"wp-block-image\">\n<figure class=\"alignright size-full is-resized\"><img loading=\"lazy\" decoding=\"async\" width=\"1600\" height=\"1066\" src=\"https:\/\/bloc.xarxa-omnia.org\/cpquatrecamins\/files\/2024\/09\/4fbc5de6-27f2-4037-9b35-7c23032340f8.jpg\" alt=\"\" class=\"wp-image-1081\" style=\"width:336px;height:auto\" \/><\/figure><\/div>\n\n\n<p>Els dinamitzadors i dinamitzadores de m\u00f2dul, que fan ludoteca i manualitats v\u00e0ries van fer concursos de dibuix i van anar a la fira a visitar tamb\u00e9 totes les activitats fetes dins el centre penitenciari.<\/p>\n\n\n\n<p>La Fira constava de paradetes diverses com per exemple, la del nostre espai el Punt \u00d2mnia on ven\u00edem els dissenys fets a classe (postals, cartes, sobres, dissenys varis). Enquadernaci\u00f3 que venia llibretes fetes, el CFA venia papers i articles d&#8217;escriptura i papereria, Pl\u00e0stica venia les seves petites obres fetes pels interns, unes dones venien bufandes fetes a m\u00e0, el Poli venia productes esportius i altres treballadores i treballadores del centre (tractament) van fer t\u00e9 i venien pastes dolces \u00e0rabs per a tots que hi volguessin.<\/p>\n\n\n\n<p>Va ser un dia en qu\u00e8 tothom estava content de poder aportar alguna cosa a que la fira an\u00e9s millor i millor.<\/p>\n\n\n\n<p>Els espectacles duts a terme durant la setmana passada van ser de cant, viol\u00ed, m\u00e0gia i on tamb\u00e9 va haver-hi lloc per als nostres talents emergents de la m\u00fasica emergent amb un <strong><a href=\"https:\/\/www.youtube.com\/watch?v=rp6hLKknPeo\">&#8220;Big Thomas&#8221; <\/a><\/strong>apote\u00f2sic.<\/p>\n\n\n\n<p><\/p>\n","protected":false},"excerpt":{"rendered":"<p>Dia 24 de Setembre, Celebracions dins Quatre Camins El 24 de setembre el CP Quatre Camins estava de &#8220;festa&#8221;, tocava celebrar per la patrona de tots els presos i de Barcelona Ciutat, la Merc\u00e8. El dia assenyalat vam preparar al Poliesportiu del centre una fira com acostumem a fer cada any. Hi havia paradetes de [&hellip;]<\/p>\n","protected":false},"author":209,"featured_media":0,"parent":0,"menu_order":0,"comment_status":"closed","ping_status":"closed","template":"","meta":{"footnotes":""},"class_list":["post-1079","page","type-page","status-publish","czr-hentry"],"_links":{"self":[{"href":"https:\/\/bloc.xarxa-omnia.org\/cpquatrecamins\/wp-json\/wp\/v2\/pages\/1079","targetHints":{"allow":["GET"]}}],"collection":[{"href":"https:\/\/bloc.xarxa-omnia.org\/cpquatrecamins\/wp-json\/wp\/v2\/pages"}],"about":[{"href":"https:\/\/bloc.xarxa-omnia.org\/cpquatrecamins\/wp-json\/wp\/v2\/types\/page"}],"author":[{"embeddable":true,"href":"https:\/\/bloc.xarxa-omnia.org\/cpquatrecamins\/wp-json\/wp\/v2\/users\/209"}],"replies":[{"embeddable":true,"href":"https:\/\/bloc.xarxa-omnia.org\/cpquatrecamins\/wp-json\/wp\/v2\/comments?post=1079"}],"version-history":[{"count":6,"href":"https:\/\/bloc.xarxa-omnia.org\/cpquatrecamins\/wp-json\/wp\/v2\/pages\/1079\/revisions"}],"predecessor-version":[{"id":1217,"href":"https:\/\/bloc.xarxa-omnia.org\/cpquatrecamins\/wp-json\/wp\/v2\/pages\/1079\/revisions\/1217"}],"wp:attachment":[{"href":"https:\/\/bloc.xarxa-omnia.org\/cpquatrecamins\/wp-json\/wp\/v2\/media?parent=1079"}],"curies":[{"name":"wp","href":"https:\/\/api.w.org\/{rel}","templated":true}]}}