{"id":1126,"date":"2025-02-11T11:24:36","date_gmt":"2025-02-11T09:24:36","guid":{"rendered":"https:\/\/bloc.xarxa-omnia.org\/cpquatrecamins\/?page_id=1126"},"modified":"2025-02-11T11:49:14","modified_gmt":"2025-02-11T09:49:14","slug":"fagic","status":"publish","type":"page","link":"https:\/\/bloc.xarxa-omnia.org\/cpquatrecamins\/entitats\/fagic\/","title":{"rendered":"FAGIC"},"content":{"rendered":"\n<figure class=\"wp-block-image size-full is-resized\"><img loading=\"lazy\" decoding=\"async\" width=\"3214\" height=\"1025\" src=\"http:\/\/bloc.xarxa-omnia.org\/cpquatrecamins\/files\/2024\/06\/logofagic-1.png\" alt=\"\" class=\"wp-image-826\" style=\"width:380px;height:auto\" \/><\/figure>\n\n\n\n<p><strong>1<\/strong>. <strong>QUI SOM?<\/strong><\/p>\n\n\n\n<p style=\"font-size:20px\">La Federaci\u00f3 d&#8217;Associacions Gitanes de Catalunya -FAGiC- es va crear l&#8217;any 1991 i \u00e9s l&#8217;entitat m\u00e9s representativa de l&#8217;associacionisme gitano a la societat catalana. La seva principal finalitat \u00e9s la defensa i promoci\u00f3 dels drets i de la cultura del Poble Gitano a Catalunya<\/p>\n\n\n\n<p style=\"font-size:20px\"><strong>2. QU\u00c8 FEM?<\/strong><\/p>\n\n\n\n<p style=\"font-size:20px\">La Fagic desenvolupa diversos projectes, activitats i accions socials vinculades amb el poble gitano. Des de l&#8217;any 2014 la nostra entitat \u00e9s col\u00b7laboradora amb el Departament de Just\u00edcia a trav\u00e9s del projecte Barsani (&#8220;Siguem justos&#8221; en roman\u00f3) que es duu a terme en els Centres Penitenciaris de Catalunya<\/p>\n\n\n\n<p style=\"font-size:20px\"><strong>3. DINS DE QUATRE CAMINS<\/strong><\/p>\n\n\n\n<p style=\"font-size:20px\">Executem el projecte a trav\u00e9s de la figura dels professional mediador. Aquest, &nbsp;pret\u00e9n l&#8217;atenci\u00f3 en les seves necessitats i el seu seguiment de les persones internes aix\u00ed com la millora de comunicaci\u00f3 amb els professionals referents i la direcci\u00f3 del centre i per tal de poder millorar el seu proc\u00e9s de rehabilitaci\u00f3 i reinserci\u00f3. Aix\u00ed mateix, tamb\u00e9 s&#8217;atenen a les demandes vinculades en l&#8217;exterior i que poden tenir repercussi\u00f3 en aquest mateix proc\u00e9s.<\/p>\n\n\n\n<p style=\"font-size:20px\"><strong>4. FORA DE QUATRE CAMINS<\/strong><\/p>\n\n\n\n<p style=\"font-size:20px\">La FAGiC desplega diversos programes i activitats amb el suport de diferents institucions p\u00fabliques i privades a escala local, auton\u00f2mic, estatal i internacional. Aquests projectes es vinculen a diferents \u00e0rees tals com la inserci\u00f3 sociolaboral i promoci\u00f3 de l&#8217;educaci\u00f3, salut i h\u00e0bits saludables, dona gitana, atenci\u00f3 en situacions d&#8217;urg\u00e8ncia i necessitats b\u00e0siques, promoci\u00f3 de la cultura gitana o lluita contra l&#8217;antigitanisme, entre d&#8217;altres.&nbsp;<\/p>\n\n\n\n<p style=\"font-size:20px\"><strong>5. ON SOM<\/strong><\/p>\n\n\n\n<p style=\"font-size:20px\">FAGIC ( Federaci\u00f3 d\u2019Associacions Gitanes de Catalunya)<\/p>\n\n\n\n<p style=\"font-size:20px\">C\/ Concilio de Trento, 313 planta 9 despatx 9<\/p>\n\n\n\n<p style=\"font-size:20px\">08020 Barcelona<\/p>\n\n\n\n<p style=\"font-size:20px\"><a href=\"mailto:info@fagic.org\">info@fagic.org<\/a> \/ <a href=\"http:\/\/www.fagic.org\">www.fagic.org<\/a><\/p>\n\n\n\n<p style=\"font-size:20px\">93.305.10.71<\/p>\n","protected":false},"excerpt":{"rendered":"<p>1. QUI SOM? La Federaci\u00f3 d&#8217;Associacions Gitanes de Catalunya -FAGiC- es va crear l&#8217;any 1991 i \u00e9s l&#8217;entitat m\u00e9s representativa de l&#8217;associacionisme gitano a la societat catalana. La seva principal finalitat \u00e9s la defensa i promoci\u00f3 dels drets i de la cultura del Poble Gitano a Catalunya 2. QU\u00c8 FEM? La Fagic desenvolupa diversos projectes, [&hellip;]<\/p>\n","protected":false},"author":209,"featured_media":826,"parent":798,"menu_order":0,"comment_status":"closed","ping_status":"closed","template":"","meta":{"footnotes":""},"class_list":["post-1126","page","type-page","status-publish","has-post-thumbnail","czr-hentry"],"_links":{"self":[{"href":"https:\/\/bloc.xarxa-omnia.org\/cpquatrecamins\/wp-json\/wp\/v2\/pages\/1126","targetHints":{"allow":["GET"]}}],"collection":[{"href":"https:\/\/bloc.xarxa-omnia.org\/cpquatrecamins\/wp-json\/wp\/v2\/pages"}],"about":[{"href":"https:\/\/bloc.xarxa-omnia.org\/cpquatrecamins\/wp-json\/wp\/v2\/types\/page"}],"author":[{"embeddable":true,"href":"https:\/\/bloc.xarxa-omnia.org\/cpquatrecamins\/wp-json\/wp\/v2\/users\/209"}],"replies":[{"embeddable":true,"href":"https:\/\/bloc.xarxa-omnia.org\/cpquatrecamins\/wp-json\/wp\/v2\/comments?post=1126"}],"version-history":[{"count":3,"href":"https:\/\/bloc.xarxa-omnia.org\/cpquatrecamins\/wp-json\/wp\/v2\/pages\/1126\/revisions"}],"predecessor-version":[{"id":1148,"href":"https:\/\/bloc.xarxa-omnia.org\/cpquatrecamins\/wp-json\/wp\/v2\/pages\/1126\/revisions\/1148"}],"up":[{"embeddable":true,"href":"https:\/\/bloc.xarxa-omnia.org\/cpquatrecamins\/wp-json\/wp\/v2\/pages\/798"}],"wp:featuredmedia":[{"embeddable":true,"href":"https:\/\/bloc.xarxa-omnia.org\/cpquatrecamins\/wp-json\/wp\/v2\/media\/826"}],"wp:attachment":[{"href":"https:\/\/bloc.xarxa-omnia.org\/cpquatrecamins\/wp-json\/wp\/v2\/media?parent=1126"}],"curies":[{"name":"wp","href":"https:\/\/api.w.org\/{rel}","templated":true}]}}