{"id":1172,"date":"2025-02-11T12:22:23","date_gmt":"2025-02-11T10:22:23","guid":{"rendered":"https:\/\/bloc.xarxa-omnia.org\/cpquatrecamins\/?page_id=1172"},"modified":"2025-02-11T12:22:25","modified_gmt":"2025-02-11T10:22:25","slug":"caixabank","status":"publish","type":"page","link":"https:\/\/bloc.xarxa-omnia.org\/cpquatrecamins\/caixabank\/","title":{"rendered":"CAIXABANK"},"content":{"rendered":"\n<figure class=\"wp-block-image size-full is-resized\"><img loading=\"lazy\" decoding=\"async\" width=\"1280\" height=\"265\" src=\"http:\/\/bloc.xarxa-omnia.org\/cpquatrecamins\/files\/2025\/02\/CaixaBank.svg_.png\" alt=\"\" class=\"wp-image-1153\" style=\"width:433px;height:auto\" \/><\/figure>\n\n\n\n<ol class=\"wp-block-list\" start=\"1\">\n<li class=\"has-medium-font-size\"><strong>Qui som?<\/strong><\/li>\n<\/ol>\n\n\n\n<p class=\"has-medium-font-size\">Voluntariat CaixaBank<\/p>\n\n\n\n<ol class=\"wp-block-list\" start=\"2\">\n<li class=\"has-medium-font-size\"><strong>Qu\u00e8 fem?<\/strong><\/li>\n<\/ol>\n\n\n\n<p class=\"has-medium-font-size\">Som m\u00e9s de 17.000 voluntaris i volunt\u00e0ries que acompanyem a diversos col\u00b7lectius en situaci\u00f3 de vulnerabilitat en activitats variades en els \u00e0mbits de l&#8217;educaci\u00f3, l&#8217;assist\u00e8ncia, l&#8217;impuls professional, la digitalitzaci\u00f3 i la cura del planeta, de la m\u00e0 de milers d&#8217;entitats socials de tot el pa\u00eds.<\/p>\n\n\n\n<ol class=\"wp-block-list\" start=\"3\">\n<li class=\"has-medium-font-size\"><strong>Dins de Quatre Camins?<\/strong><\/li>\n<\/ol>\n\n\n\n<p class=\"has-medium-font-size\">Col\u00b7laborem recurrentment impartint tallers d&#8217;Educaci\u00f3 Financera i d&#8217;Inserci\u00f3 Laboral als interns, recolzant-los en el proc\u00e9s de recerca de feina i donant-los eines per afrontar les entrevistes amb m\u00e9s seguretat. Xerrades sobre Educaci\u00f3 Financera a la r\u00e0dio de la presso d 4 Camins.<\/p>\n\n\n\n<ol class=\"wp-block-list\" start=\"4\">\n<li class=\"has-medium-font-size\"><strong>Fora de Quatre Camins?<\/strong><\/li>\n<\/ol>\n\n\n\n<p class=\"has-medium-font-size\">Voluntariat CaixaBank ofereix una gran varietat d&#8217;activitats de voluntariat per recolzar tot tipus de col\u00b7lectius vulnerables i protegir el planeta i la seva biodiversitat. Descobreix-les totes a<a href=\"http:\/\/secure-web.cisco.com\/1t3KA1jN7e91RDIEfM9vyeCQK400QcnzkFtEY_vwMKzwz6CrdHq73PZP_UTsebldMK6-nKZfkvAO9IBM0nwlUYtxdlvAqh3_VM7s86DmzXa07_RzWTLp5gqJA-XtpvOwPgSIIIhrEf0hD8dECHPnNDcfFm1PrmARHmrbukKiY4gruXMeg5U2b6f3xn4zS4A-1Q0HOHp4Q9fUWQzxBlKZMYHysdEoi6sc7wiNReY6z-r04dLMiXgQ_ImqqDm8TP2lgnG_3S4HE9ZWUXxt9mbaJJ-LYkMwzNvxpFWS9_HgOcvyhpqx2Kc0dHB6BotQwougMTsMXJbFZ8K0uLIOUkbsHChXrlAvp8w7n48XdZq2oa3KMQ1vHL7eBEtjyuGW5IZzdBeSsuBATxhLbWbcQG3LCQJcvsS2JR6TvbndJnPtcXM2ZXrxQK7NWTmApKLhTwoneSepezHUarJeMOdDAuSkc04PEPJdF7nyDTOPOuvhpKaeQ3t-gz1IJypnKusPB-jtG\/http%3A%2F%2Fwww.voluntariadocaixabank.org%2F\" target=\"_blank\" rel=\"noreferrer noopener\">www.voluntariadocaixabank.org<\/a>&nbsp;o a la nostra app.<\/p>\n\n\n\n<ol class=\"wp-block-list\" start=\"5\">\n<li class=\"has-medium-font-size\"><strong>On som?<\/strong><\/li>\n<\/ol>\n\n\n\n<p class=\"has-medium-font-size\">Tenim 30 delegacions repartides per tot el pa\u00eds per donar cobertura a totes les persones que ho necessitin, siguin on siguin.<\/p>\n","protected":false},"excerpt":{"rendered":"<p>Voluntariat CaixaBank Som m\u00e9s de 17.000 voluntaris i volunt\u00e0ries que acompanyem a diversos col\u00b7lectius en situaci\u00f3 de vulnerabilitat en activitats variades en els \u00e0mbits de l&#8217;educaci\u00f3, l&#8217;assist\u00e8ncia, l&#8217;impuls professional, la digitalitzaci\u00f3 i la cura del planeta, de la m\u00e0 de milers d&#8217;entitats socials de tot el pa\u00eds. Col\u00b7laborem recurrentment impartint tallers d&#8217;Educaci\u00f3 Financera i d&#8217;Inserci\u00f3 [&hellip;]<\/p>\n","protected":false},"author":209,"featured_media":0,"parent":0,"menu_order":0,"comment_status":"closed","ping_status":"closed","template":"","meta":{"footnotes":""},"class_list":["post-1172","page","type-page","status-publish","czr-hentry"],"_links":{"self":[{"href":"https:\/\/bloc.xarxa-omnia.org\/cpquatrecamins\/wp-json\/wp\/v2\/pages\/1172","targetHints":{"allow":["GET"]}}],"collection":[{"href":"https:\/\/bloc.xarxa-omnia.org\/cpquatrecamins\/wp-json\/wp\/v2\/pages"}],"about":[{"href":"https:\/\/bloc.xarxa-omnia.org\/cpquatrecamins\/wp-json\/wp\/v2\/types\/page"}],"author":[{"embeddable":true,"href":"https:\/\/bloc.xarxa-omnia.org\/cpquatrecamins\/wp-json\/wp\/v2\/users\/209"}],"replies":[{"embeddable":true,"href":"https:\/\/bloc.xarxa-omnia.org\/cpquatrecamins\/wp-json\/wp\/v2\/comments?post=1172"}],"version-history":[{"count":1,"href":"https:\/\/bloc.xarxa-omnia.org\/cpquatrecamins\/wp-json\/wp\/v2\/pages\/1172\/revisions"}],"predecessor-version":[{"id":1174,"href":"https:\/\/bloc.xarxa-omnia.org\/cpquatrecamins\/wp-json\/wp\/v2\/pages\/1172\/revisions\/1174"}],"wp:attachment":[{"href":"https:\/\/bloc.xarxa-omnia.org\/cpquatrecamins\/wp-json\/wp\/v2\/media?parent=1172"}],"curies":[{"name":"wp","href":"https:\/\/api.w.org\/{rel}","templated":true}]}}